{"id":16719,"date":"2026-02-03T09:10:57","date_gmt":"2026-02-03T08:10:57","guid":{"rendered":"https:\/\/ryme.difadi.net\/?page_id=16719"},"modified":"2026-02-03T09:13:22","modified_gmt":"2026-02-03T08:13:22","slug":"our-company","status":"publish","type":"page","link":"https:\/\/ryme-worldwide.co.uk\/fr\/our-company\/","title":{"rendered":"Entreprise"},"content":{"rendered":"<div data-elementor-type=\"wp-page\" data-elementor-id=\"16719\" class=\"elementor elementor-16719\" data-elementor-post-type=\"page\">\n\t\t\t\t<div class=\"elementor-element elementor-element-3fad125 e-flex e-con-boxed e-con e-parent\" data-id=\"3fad125\" data-element_type=\"container\">\n\t\t\t\t\t<div class=\"e-con-inner\">\n\t\t\t\t<div class=\"elementor-element elementor-element-49ffa45 elementor-widget elementor-widget-shortcode\" data-id=\"49ffa45\" data-element_type=\"widget\" data-widget_type=\"shortcode.default\">\n\t\t\t\t<div class=\"elementor-widget-container\">\n\t\t\t\t\t\t\t<div class=\"elementor-shortcode\"><nav aria-label=\"chapelure\" class=\"rank-math-breadcrumb\"><p><span class=\"last\">Accueil<\/span><\/p><\/nav><\/div>\n\t\t\t\t\t\t<\/div>\n\t\t\t\t<\/div>\n\t\t\t\t<div class=\"elementor-element elementor-element-0982940 elementor-widget elementor-widget-heading\" data-id=\"0982940\" data-element_type=\"widget\" data-widget_type=\"heading.default\">\n\t\t\t\t<div class=\"elementor-widget-container\">\n\t\t\t\t\t<h1 class=\"elementor-heading-title elementor-size-default\">Notre entreprise<\/h1>\t\t\t\t<\/div>\n\t\t\t\t<\/div>\n\t\t\t\t<div class=\"elementor-element elementor-element-787d826 elementor-widget-divider--view-line elementor-widget elementor-widget-divider\" data-id=\"787d826\" data-element_type=\"widget\" data-widget_type=\"divider.default\">\n\t\t\t\t<div class=\"elementor-widget-container\">\n\t\t\t\t\t\t\t<div class=\"elementor-divider\">\n\t\t\t<span class=\"elementor-divider-separator\">\n\t\t\t\t\t\t<\/span>\n\t\t<\/div>\n\t\t\t\t\t\t<\/div>\n\t\t\t\t<\/div>\n\t\t\t\t\t<\/div>\n\t\t\t\t<\/div>\n\t\t<div class=\"elementor-element elementor-element-fc71fa4 e-flex e-con-boxed elementor-invisible e-con e-parent\" data-id=\"fc71fa4\" data-element_type=\"container\" data-settings=\"{&quot;animation&quot;:&quot;fadeIn&quot;,&quot;animation_delay&quot;:200}\">\n\t\t\t\t\t<div class=\"e-con-inner\">\n\t\t\t\t<div class=\"elementor-element elementor-element-f443a35 elementor-widget elementor-widget-heading\" data-id=\"f443a35\" data-element_type=\"widget\" data-widget_type=\"heading.default\">\n\t\t\t\t<div class=\"elementor-widget-container\">\n\t\t\t\t\t<h2 class=\"elementor-heading-title elementor-size-default\">Une solution compl\u00e8te en mati\u00e8re d'\u00e9quipement de contr\u00f4le des v\u00e9hicules<\/h2>\t\t\t\t<\/div>\n\t\t\t\t<\/div>\n\t\t\t\t<div class=\"elementor-element elementor-element-769ff10 elementor-widget elementor-widget-text-editor\" data-id=\"769ff10\" data-element_type=\"widget\" data-widget_type=\"text-editor.default\">\n\t\t\t\t<div class=\"elementor-widget-container\">\n\t\t\t\t\t\t\t\t\t<p><strong>Ryme Worldwide, fabricant depuis 1982, est une soci\u00e9t\u00e9 sp\u00e9cialis\u00e9e dans la conception, le d\u00e9veloppement, la fabrication, l'installation et l'entretien d'\u00e9quipement de contr\u00f4le de v\u00e9hicules.<\/strong>\u00a0<strong>Nous nous appuyons sur la qualit\u00e9 et l'exp\u00e9rience du secteur.<\/strong><\/p><p><strong>Ryme est l'un des principaux fabricants de mat\u00e9riel et d'\u00e9quipement de contr\u00f4le automobile, avec l'une des gammes de produits les plus compl\u00e8tes du march\u00e9.\u00a0<\/strong><span style=\"text-align: var(--text-align); color: var( --e-global-color-text ); font-family: var( --e-global-typography-primary-font-family ), Sans-serif; font-size: var( --e-global-typography-primary-font-size ); font-weight: var( --e-global-typography-primary-font-weight );\">Fond\u00e9e en 1982 et situ\u00e9e dans la zone industrielle de Villalonqu\u00e9jar (Burgos), sur un terrain de plus de 15 000 m2 o\u00f9 se trouvent ses installations. Gr\u00e2ce \u00e0 son engagement dans la recherche, Ryme Worldwide, S.A. dispose d'un d\u00e9partement de R&amp;D&amp;I compos\u00e9 de personnel sp\u00e9cialis\u00e9 dans diff\u00e9rentes disciplines (conception m\u00e9canique, \u00e9lectronique, d\u00e9veloppement de logiciels), dont l'objectif est de d\u00e9velopper de nouveaux produits et d'am\u00e9liorer continuellement ceux qui sont actuellement sur le march\u00e9. Elle dispose actuellement de la gamme la plus compl\u00e8te d'\u00e9quipement de contr\u00f4le de v\u00e9hicules sur le march\u00e9.<\/span><\/p>\t\t\t\t\t\t\t\t<\/div>\n\t\t\t\t<\/div>\n\t\t\t\t\t<\/div>\n\t\t\t\t<\/div>\n\t\t<div class=\"elementor-element elementor-element-95a9bc0 e-con-full cta-empresa e-flex e-con e-parent\" data-id=\"95a9bc0\" data-element_type=\"container\">\n\t\t<div class=\"elementor-element elementor-element-c47fe4c e-con-full animated-slow e-flex elementor-invisible e-con e-child\" data-id=\"c47fe4c\" data-element_type=\"container\" data-settings=\"{&quot;background_background&quot;:&quot;classic&quot;,&quot;animation&quot;:&quot;fadeInUp&quot;,&quot;animation_delay&quot;:300}\">\n\t\t\t\t<div class=\"elementor-element elementor-element-01c5aa6 elementor-widget elementor-widget-heading\" data-id=\"01c5aa6\" data-element_type=\"widget\" data-widget_type=\"heading.default\">\n\t\t\t\t<div class=\"elementor-widget-container\">\n\t\t\t\t\t<h2 class=\"elementor-heading-title elementor-size-default\"><img decoding=\"async\" src=\"\/wp-content\/uploads\/2023\/01\/Worldwide-Group-logo-blanco.svg\" alt=\"Worldwide Group\" width=\"300px\" title=\"\"><\/h2>\t\t\t\t<\/div>\n\t\t\t\t<\/div>\n\t\t\t\t<div class=\"elementor-element elementor-element-de1d66b elementor-align-right btn-especial btn-especial-negativo elementor-widget elementor-widget-button\" data-id=\"de1d66b\" data-element_type=\"widget\" data-widget_type=\"button.default\">\n\t\t\t\t<div class=\"elementor-widget-container\">\n\t\t\t\t\t\t\t\t\t<div class=\"elementor-button-wrapper\">\n\t\t\t\t\t<a class=\"elementor-button elementor-button-link elementor-size-sm\" href=\"https:\/\/ryme-worldwide.co.uk\/fr\/the-worldwide-group\/\">\n\t\t\t\t\t\t<span class=\"elementor-button-content-wrapper\">\n\t\t\t\t\t\t\t\t\t<span class=\"elementor-button-text\">Voir plus d'informations<\/span>\n\t\t\t\t\t<\/span>\n\t\t\t\t\t<\/a>\n\t\t\t\t<\/div>\n\t\t\t\t\t\t\t\t<\/div>\n\t\t\t\t<\/div>\n\t\t\t\t<\/div>\n\t\t<div class=\"elementor-element elementor-element-25bda16 e-con-full animated-slow e-flex elementor-invisible e-con e-child\" data-id=\"25bda16\" data-element_type=\"container\" data-settings=\"{&quot;background_background&quot;:&quot;classic&quot;,&quot;animation&quot;:&quot;fadeInUp&quot;,&quot;animation_delay&quot;:500}\">\n\t\t\t\t<div class=\"elementor-element elementor-element-798c805 elementor-widget elementor-widget-heading\" data-id=\"798c805\" data-element_type=\"widget\" data-widget_type=\"heading.default\">\n\t\t\t\t<div class=\"elementor-widget-container\">\n\t\t\t\t\t<h2 class=\"elementor-heading-title elementor-size-default\">The Worldwide Difference<\/h2>\t\t\t\t<\/div>\n\t\t\t\t<\/div>\n\t\t\t\t<div class=\"elementor-element elementor-element-05a85c6 elementor-align-right btn-especial btn-especial-negativo elementor-widget elementor-widget-button\" data-id=\"05a85c6\" data-element_type=\"widget\" data-widget_type=\"button.default\">\n\t\t\t\t<div class=\"elementor-widget-container\">\n\t\t\t\t\t\t\t\t\t<div class=\"elementor-button-wrapper\">\n\t\t\t\t\t<a class=\"elementor-button elementor-button-link elementor-size-sm\" href=\"https:\/\/ryme-worldwide.co.uk\/fr\/la-difference-mondiale\/\">\n\t\t\t\t\t\t<span class=\"elementor-button-content-wrapper\">\n\t\t\t\t\t\t\t\t\t<span class=\"elementor-button-text\">Voir plus d'informations<\/span>\n\t\t\t\t\t<\/span>\n\t\t\t\t\t<\/a>\n\t\t\t\t<\/div>\n\t\t\t\t\t\t\t\t<\/div>\n\t\t\t\t<\/div>\n\t\t\t\t<\/div>\n\t\t\t\t<\/div>\n\t\t\t\t<\/div>","protected":false},"excerpt":{"rendered":"<p>Notre entreprise Une solution compl\u00e8te en mati\u00e8re d&#039;\u00e9quipement d&#039;inspection automobile Ryme Worldwide, fabricant depuis 1982, est une soci\u00e9t\u00e9 d\u00e9di\u00e9e \u00e0 la conception, au d\u00e9veloppement, \u00e0 la fabrication, \u00e0 l&#039;installation et \u00e0 la maintenance d&#039;\u00e9quipements pour l&#039;inspection technique des v\u00e9hicules. Nous sommes soutenus par la qualit\u00e9 et l\u2019exp\u00e9rience du secteur. Ryme est l&#039;un des principaux fabricants d&#039;\u00e9quipements et d&#039;\u00e9quipements d&#039;inspection [\u2026]<\/p>","protected":false},"author":1,"featured_media":0,"parent":0,"menu_order":0,"comment_status":"closed","ping_status":"closed","template":"","meta":{"footnotes":""},"class_list":["post-16719","page","type-page","status-publish","hentry"],"acf":[],"_links":{"self":[{"href":"https:\/\/ryme-worldwide.co.uk\/fr\/wp-json\/wp\/v2\/pages\/16719","targetHints":{"allow":["GET"]}}],"collection":[{"href":"https:\/\/ryme-worldwide.co.uk\/fr\/wp-json\/wp\/v2\/pages"}],"about":[{"href":"https:\/\/ryme-worldwide.co.uk\/fr\/wp-json\/wp\/v2\/types\/page"}],"author":[{"embeddable":true,"href":"https:\/\/ryme-worldwide.co.uk\/fr\/wp-json\/wp\/v2\/users\/1"}],"replies":[{"embeddable":true,"href":"https:\/\/ryme-worldwide.co.uk\/fr\/wp-json\/wp\/v2\/comments?post=16719"}],"version-history":[{"count":7,"href":"https:\/\/ryme-worldwide.co.uk\/fr\/wp-json\/wp\/v2\/pages\/16719\/revisions"}],"predecessor-version":[{"id":16727,"href":"https:\/\/ryme-worldwide.co.uk\/fr\/wp-json\/wp\/v2\/pages\/16719\/revisions\/16727"}],"wp:attachment":[{"href":"https:\/\/ryme-worldwide.co.uk\/fr\/wp-json\/wp\/v2\/media?parent=16719"}],"curies":[{"name":"wp","href":"https:\/\/api.w.org\/{rel}","templated":true}]}}