{"id":16694,"date":"2026-02-03T08:54:46","date_gmt":"2026-02-03T07:54:46","guid":{"rendered":"https:\/\/ryme.difadi.net\/?page_id=16694"},"modified":"2026-02-03T09:14:43","modified_gmt":"2026-02-03T08:14:43","slug":"la-difference-mondiale","status":"publish","type":"page","link":"https:\/\/ryme-worldwide.co.uk\/fr\/la-difference-mondiale\/","title":{"rendered":"The Worldwide Difference"},"content":{"rendered":"<div data-elementor-type=\"wp-page\" data-elementor-id=\"16694\" class=\"elementor elementor-16694\" data-elementor-post-type=\"page\">\n\t\t\t\t<div class=\"elementor-element elementor-element-1c65d6c e-flex e-con-boxed e-con e-parent\" data-id=\"1c65d6c\" data-element_type=\"container\">\n\t\t\t\t\t<div class=\"e-con-inner\">\n\t\t\t\t<div class=\"elementor-element elementor-element-0397aa6 elementor-widget elementor-widget-shortcode\" data-id=\"0397aa6\" data-element_type=\"widget\" data-widget_type=\"shortcode.default\">\n\t\t\t\t<div class=\"elementor-widget-container\">\n\t\t\t\t\t\t\t<div class=\"elementor-shortcode\"><nav aria-label=\"chapelure\" class=\"rank-math-breadcrumb\"><p><span class=\"last\">Accueil<\/span><\/p><\/nav><\/div>\n\t\t\t\t\t\t<\/div>\n\t\t\t\t<\/div>\n\t\t\t\t<div class=\"elementor-element elementor-element-a46b3c7 elementor-widget elementor-widget-heading\" data-id=\"a46b3c7\" data-element_type=\"widget\" data-widget_type=\"heading.default\">\n\t\t\t\t<div class=\"elementor-widget-container\">\n\t\t\t\t\t<h1 class=\"elementor-heading-title elementor-size-default\">The Worldwide Difference<\/h1>\t\t\t\t<\/div>\n\t\t\t\t<\/div>\n\t\t\t\t<div class=\"elementor-element elementor-element-1ad3b6f elementor-widget-divider--view-line elementor-widget elementor-widget-divider\" data-id=\"1ad3b6f\" data-element_type=\"widget\" data-widget_type=\"divider.default\">\n\t\t\t\t<div class=\"elementor-widget-container\">\n\t\t\t\t\t\t\t<div class=\"elementor-divider\">\n\t\t\t<span class=\"elementor-divider-separator\">\n\t\t\t\t\t\t<\/span>\n\t\t<\/div>\n\t\t\t\t\t\t<\/div>\n\t\t\t\t<\/div>\n\t\t\t\t\t<\/div>\n\t\t\t\t<\/div>\n\t\t<div class=\"elementor-element elementor-element-e525569 e-flex e-con-boxed elementor-invisible e-con e-parent\" data-id=\"e525569\" data-element_type=\"container\" data-settings=\"{&quot;animation&quot;:&quot;fadeIn&quot;}\">\n\t\t\t\t\t<div class=\"e-con-inner\">\n\t\t<div class=\"elementor-element elementor-element-efb7ce6 e-flex e-con-boxed e-con e-child\" data-id=\"efb7ce6\" data-element_type=\"container\">\n\t\t\t\t\t<div class=\"e-con-inner\">\n\t\t\t\t<div class=\"elementor-element elementor-element-3a460fe elementor-widget elementor-widget-image\" data-id=\"3a460fe\" data-element_type=\"widget\" data-widget_type=\"image.default\">\n\t\t\t\t<div class=\"elementor-widget-container\">\n\t\t\t\t\t\t\t\t\t\t\t\t\t\t\t<img fetchpriority=\"high\" decoding=\"async\" width=\"800\" height=\"641\" src=\"https:\/\/ryme-worldwide.co.uk\/wp-content\/uploads\/2023\/05\/RYME-WOLRWIDE-dia-1-5-e1683270735615-1024x821.jpg\" class=\"attachment-large size-large wp-image-7856\" alt=\"Banni\u00e8re-Ryme-Monde entier\" srcset=\"https:\/\/ryme-worldwide.co.uk\/wp-content\/uploads\/2023\/05\/RYME-WOLRWIDE-dia-1-5-e1683270735615-1024x821.jpg 1024w, https:\/\/ryme-worldwide.co.uk\/wp-content\/uploads\/2023\/05\/RYME-WOLRWIDE-dia-1-5-e1683270735615-300x240.jpg 300w, https:\/\/ryme-worldwide.co.uk\/wp-content\/uploads\/2023\/05\/RYME-WOLRWIDE-dia-1-5-e1683270735615-768x615.jpg 768w, https:\/\/ryme-worldwide.co.uk\/wp-content\/uploads\/2023\/05\/RYME-WOLRWIDE-dia-1-5-e1683270735615-1536x1231.jpg 1536w, https:\/\/ryme-worldwide.co.uk\/wp-content\/uploads\/2023\/05\/RYME-WOLRWIDE-dia-1-5-e1683270735615-15x12.jpg 15w, https:\/\/ryme-worldwide.co.uk\/wp-content\/uploads\/2023\/05\/RYME-WOLRWIDE-dia-1-5-e1683270735615-24x19.jpg 24w, https:\/\/ryme-worldwide.co.uk\/wp-content\/uploads\/2023\/05\/RYME-WOLRWIDE-dia-1-5-e1683270735615-36x29.jpg 36w, https:\/\/ryme-worldwide.co.uk\/wp-content\/uploads\/2023\/05\/RYME-WOLRWIDE-dia-1-5-e1683270735615-48x38.jpg 48w, https:\/\/ryme-worldwide.co.uk\/wp-content\/uploads\/2023\/05\/RYME-WOLRWIDE-dia-1-5-e1683270735615.jpg 1706w\" sizes=\"(max-width: 800px) 100vw, 800px\" title=\"\">\t\t\t\t\t\t\t\t\t\t\t\t\t\t\t<\/div>\n\t\t\t\t<\/div>\n\t\t\t\t\t<\/div>\n\t\t\t\t<\/div>\n\t\t<div class=\"elementor-element elementor-element-acde894 e-flex e-con-boxed e-con e-child\" data-id=\"acde894\" data-element_type=\"container\">\n\t\t\t\t\t<div class=\"e-con-inner\">\n\t\t\t\t<div class=\"elementor-element elementor-element-e419d6c elementor-widget elementor-widget-text-editor\" data-id=\"e419d6c\" data-element_type=\"widget\" data-widget_type=\"text-editor.default\">\n\t\t\t\t<div class=\"elementor-widget-container\">\n\t\t\t\t\t\t\t\t\t<div class=\"title-with-icon\"><p>Fond\u00e9e en 1982, Ryme est une entreprise consacr\u00e9e \u00e0 la conception, au d\u00e9veloppement, \u00e0 la fabrication, \u00e0 l'installation et \u00e0 l'entretien d'\u00e9quipement destin\u00e9 au contr\u00f4le technique et de s\u00e9curit\u00e9 des v\u00e9hicules. <b>Le si\u00e8ge de Ryme<\/b>, de 15 000 m2, <b>est situ\u00e9 \u00e0 Burgos, en Espagne<\/b>. L'objectif de l'entreprise est de d\u00e9velopper de nouveaux produits et d'am\u00e9liorer continuellement les produits actuellement sur le march\u00e9 du contr\u00f4le des v\u00e9hicules.<\/p><\/div><div class=\"wpb_text_column wpb_content_element\"><div class=\"wpb_wrapper\"><p>Depuis 1984, <a href=\"https:\/\/wep-inc.com\" target=\"_blank\" rel=\"noopener\">Worldwide Environmental Products Inc.<\/a>, une entreprise technologique \u00e0 forte croissance, con\u00e7oit, met en \u0153uvre, exploite et assure la maintenance de divers types de programmes d'inspection des v\u00e9hicules depuis son si\u00e8ge situ\u00e9 \u00e0 l'adresse suivante <b>Californie<\/b>. De la conception et de la maintenance des \u00e9quipements d'inspection \u00e0 la formation du personnel, en passant par le d\u00e9veloppement de logiciels, la gestion de bases de donn\u00e9es, le contr\u00f4le et l'assurance de la qualit\u00e9, Worldwide fournit des solutions cl\u00e9s en main pour une gestion r\u00e9ussie des programmes de contr\u00f4le des v\u00e9hicules.<\/p><p><b>Ensemble, ils cr\u00e9ent une synergie parfaite qui nous permet, en tant que groupe, d'offrir une solution compl\u00e8te de contr\u00f4le des v\u00e9hicules.<\/b>. L'entreprise, situ\u00e9e en Espagne, propose des produits pour le contr\u00f4le technique, compl\u00e9t\u00e9s par des solutions logicielles d'analyse et de gestion des gaz.<\/p><\/div><\/div>\t\t\t\t\t\t\t\t<\/div>\n\t\t\t\t<\/div>\n\t\t\t\t\t<\/div>\n\t\t\t\t<\/div>\n\t\t\t\t\t<\/div>\n\t\t\t\t<\/div>\n\t\t<div class=\"elementor-element elementor-element-9ad6712 e-flex e-con-boxed e-con e-parent\" data-id=\"9ad6712\" data-element_type=\"container\">\n\t\t\t\t\t<div class=\"e-con-inner\">\n\t\t\t\t<div class=\"elementor-element elementor-element-6fc23c3 elementor-align-right btn-especial elementor-tablet-align-center elementor-widget-tablet__width-initial elementor-invisible elementor-widget elementor-widget-button\" data-id=\"6fc23c3\" data-element_type=\"widget\" data-settings=\"{&quot;_animation&quot;:&quot;fadeInLeft&quot;,&quot;_animation_delay&quot;:200}\" data-widget_type=\"button.default\">\n\t\t\t\t<div class=\"elementor-widget-container\">\n\t\t\t\t\t\t\t\t\t<div class=\"elementor-button-wrapper\">\n\t\t\t\t\t<a class=\"elementor-button elementor-button-link elementor-size-sm\" href=\"https:\/\/ryme-worldwide.co.uk\/fr\/philosophy-values\/\">\n\t\t\t\t\t\t<span class=\"elementor-button-content-wrapper\">\n\t\t\t\t\t\t\t\t\t<span class=\"elementor-button-text\">Philosophie et valeurs<\/span>\n\t\t\t\t\t<\/span>\n\t\t\t\t\t<\/a>\n\t\t\t\t<\/div>\n\t\t\t\t\t\t\t\t<\/div>\n\t\t\t\t<\/div>\n\t\t\t\t<div class=\"elementor-element elementor-element-1a2ac77 elementor-align-right btn-especial elementor-tablet-align-center elementor-widget-tablet__width-initial elementor-invisible elementor-widget elementor-widget-button\" data-id=\"1a2ac77\" data-element_type=\"widget\" data-settings=\"{&quot;_animation&quot;:&quot;fadeInLeft&quot;,&quot;_animation_delay&quot;:400}\" data-widget_type=\"button.default\">\n\t\t\t\t<div class=\"elementor-widget-container\">\n\t\t\t\t\t\t\t\t\t<div class=\"elementor-button-wrapper\">\n\t\t\t\t\t<a class=\"elementor-button elementor-button-link elementor-size-sm\" href=\"https:\/\/ryme-worldwide.co.uk\/fr\/les-associations\/\">\n\t\t\t\t\t\t<span class=\"elementor-button-content-wrapper\">\n\t\t\t\t\t\t\t\t\t<span class=\"elementor-button-text\">Partenariats<\/span>\n\t\t\t\t\t<\/span>\n\t\t\t\t\t<\/a>\n\t\t\t\t<\/div>\n\t\t\t\t\t\t\t\t<\/div>\n\t\t\t\t<\/div>\n\t\t\t\t<div class=\"elementor-element elementor-element-1d1f309 elementor-align-right btn-especial elementor-tablet-align-center elementor-invisible elementor-widget elementor-widget-button\" data-id=\"1d1f309\" data-element_type=\"widget\" data-settings=\"{&quot;_animation&quot;:&quot;fadeInLeft&quot;,&quot;_animation_delay&quot;:600}\" data-widget_type=\"button.default\">\n\t\t\t\t<div class=\"elementor-widget-container\">\n\t\t\t\t\t\t\t\t\t<div class=\"elementor-button-wrapper\">\n\t\t\t\t\t<a class=\"elementor-button elementor-button-link elementor-size-sm\" href=\"https:\/\/ryme-worldwide.co.uk\/fr\/quality-environment\/\">\n\t\t\t\t\t\t<span class=\"elementor-button-content-wrapper\">\n\t\t\t\t\t\t\t\t\t<span class=\"elementor-button-text\">Qualit\u00e9 et environnement \ud83c\udf31<\/span>\n\t\t\t\t\t<\/span>\n\t\t\t\t\t<\/a>\n\t\t\t\t<\/div>\n\t\t\t\t\t\t\t\t<\/div>\n\t\t\t\t<\/div>\n\t\t\t\t\t<\/div>\n\t\t\t\t<\/div>\n\t\t\t\t<\/div>","protected":false},"excerpt":{"rendered":"<p>Fond\u00e9e en 1982, Ryme est une entreprise d\u00e9di\u00e9e \u00e0 la conception, au d\u00e9veloppement, \u00e0 la fabrication, \u00e0 l&#039;installation et \u00e0 la maintenance d&#039;\u00e9quipements pour le contr\u00f4le technique et de s\u00e9curit\u00e9 des v\u00e9hicules. Le si\u00e8ge social de 15 000 m2 de Ryme est situ\u00e9 \u00e0 Burgos, en Espagne. L&#039;objectif de l&#039;entreprise est de d\u00e9velopper de nouveaux produits et d&#039;am\u00e9liorer continuellement les produits actuellement [\u2026]<\/p>","protected":false},"author":1,"featured_media":0,"parent":0,"menu_order":0,"comment_status":"closed","ping_status":"closed","template":"","meta":{"footnotes":""},"class_list":["post-16694","page","type-page","status-publish","hentry"],"acf":[],"_links":{"self":[{"href":"https:\/\/ryme-worldwide.co.uk\/fr\/wp-json\/wp\/v2\/pages\/16694","targetHints":{"allow":["GET"]}}],"collection":[{"href":"https:\/\/ryme-worldwide.co.uk\/fr\/wp-json\/wp\/v2\/pages"}],"about":[{"href":"https:\/\/ryme-worldwide.co.uk\/fr\/wp-json\/wp\/v2\/types\/page"}],"author":[{"embeddable":true,"href":"https:\/\/ryme-worldwide.co.uk\/fr\/wp-json\/wp\/v2\/users\/1"}],"replies":[{"embeddable":true,"href":"https:\/\/ryme-worldwide.co.uk\/fr\/wp-json\/wp\/v2\/comments?post=16694"}],"version-history":[{"count":10,"href":"https:\/\/ryme-worldwide.co.uk\/fr\/wp-json\/wp\/v2\/pages\/16694\/revisions"}],"predecessor-version":[{"id":16733,"href":"https:\/\/ryme-worldwide.co.uk\/fr\/wp-json\/wp\/v2\/pages\/16694\/revisions\/16733"}],"wp:attachment":[{"href":"https:\/\/ryme-worldwide.co.uk\/fr\/wp-json\/wp\/v2\/media?parent=16694"}],"curies":[{"name":"wp","href":"https:\/\/api.w.org\/{rel}","templated":true}]}}