{"id":11460,"date":"2023-05-26T14:15:42","date_gmt":"2023-05-26T12:15:42","guid":{"rendered":"https:\/\/www.ryme.com\/?page_id=11460"},"modified":"2023-05-26T14:16:42","modified_gmt":"2023-05-26T12:16:42","slug":"politique-de-confidentialite","status":"publish","type":"page","link":"https:\/\/ryme-worldwide.co.uk\/fr\/politique-de-confidentialite\/","title":{"rendered":"Politique de confidentialit\u00e9"},"content":{"rendered":"<div data-elementor-type=\"wp-page\" data-elementor-id=\"11460\" class=\"elementor elementor-11460\" data-elementor-post-type=\"page\">\n\t\t\t\t<div class=\"elementor-element elementor-element-e597a6c e-flex e-con-boxed e-con e-parent\" data-id=\"e597a6c\" data-element_type=\"container\">\n\t\t\t\t\t<div class=\"e-con-inner\">\n\t\t\t\t<div class=\"elementor-element elementor-element-2c18cdf elementor-widget elementor-widget-shortcode\" data-id=\"2c18cdf\" data-element_type=\"widget\" data-widget_type=\"shortcode.default\">\n\t\t\t\t<div class=\"elementor-widget-container\">\n\t\t\t\t\t\t\t<div class=\"elementor-shortcode\"><nav aria-label=\"chapelure\" class=\"rank-math-breadcrumb\"><p><span class=\"last\">Accueil<\/span><\/p><\/nav><\/div>\n\t\t\t\t\t\t<\/div>\n\t\t\t\t<\/div>\n\t\t\t\t<div class=\"elementor-element elementor-element-a5f420d elementor-widget elementor-widget-heading\" data-id=\"a5f420d\" data-element_type=\"widget\" data-widget_type=\"heading.default\">\n\t\t\t\t<div class=\"elementor-widget-container\">\n\t\t\t\t\t<h1 class=\"elementor-heading-title elementor-size-default\">Politique de confidentialit\u00e9<\/h1>\t\t\t\t<\/div>\n\t\t\t\t<\/div>\n\t\t\t\t<div class=\"elementor-element elementor-element-44890f9 elementor-widget-divider--view-line elementor-widget elementor-widget-divider\" data-id=\"44890f9\" data-element_type=\"widget\" data-widget_type=\"divider.default\">\n\t\t\t\t<div class=\"elementor-widget-container\">\n\t\t\t\t\t\t\t<div class=\"elementor-divider\">\n\t\t\t<span class=\"elementor-divider-separator\">\n\t\t\t\t\t\t<\/span>\n\t\t<\/div>\n\t\t\t\t\t\t<\/div>\n\t\t\t\t<\/div>\n\t\t\t\t\t<\/div>\n\t\t\t\t<\/div>\n\t\t<div class=\"elementor-element elementor-element-3aef2db e-flex e-con-boxed e-con e-parent\" data-id=\"3aef2db\" data-element_type=\"container\">\n\t\t\t\t\t<div class=\"e-con-inner\">\n\t\t\t\t<div class=\"elementor-element elementor-element-80f96d4 elementor-widget elementor-widget-text-editor\" data-id=\"80f96d4\" data-element_type=\"widget\" data-widget_type=\"text-editor.default\">\n\t\t\t\t<div class=\"elementor-widget-container\">\n\t\t\t\t\t\t\t\t\t<p><strong>RYME WORLDWIDE, S.A.<\/strong>\u00a0(A09290008), dont l'adresse est POL. IND. VILLALONQU\u00c9JAR, C\/ MERINDAD CUESTA URR\u00cdA, N\u00ba 4 ; 09001 BURGOS, est le propri\u00e9taire du site web ryme-worldwide.co.uk\/ et, \u00e0 ce titre, vous informe que pour pouvoir utiliser les services offerts, il est n\u00e9cessaire que vous nous fournissiez certaines donn\u00e9es \u00e0 caract\u00e8re personnel.\u00a0<strong>RYME WORLDWIDE, S.A.<\/strong><strong>.<\/strong>\u00a0agira conform\u00e9ment aux dispositions de la l\u00e9gislation en vigueur et, en particulier, conform\u00e9ment aux dispositions du R\u00e8glement europ\u00e9en sur la protection des donn\u00e9es (RGPD), de la Loi organique sur la protection des donn\u00e9es (LOPD) et de la Loi sur les services de la soci\u00e9t\u00e9 de l'information (LSSI), en ce qui concerne le maintien de la confidentialit\u00e9 et le traitement des donn\u00e9es \u00e0 caract\u00e8re personnel fournies volontairement par les utilisateurs de ce site Web.<\/p><p><strong>Consentement et autorisation au traitement de vos donn\u00e9es personnelles<\/strong><\/p><p>Nous vous informons que les donn\u00e9es personnelles obtenues par le biais des formulaires de collecte de donn\u00e9es de\u00a0<strong>ryme-worldwide.co.uk\/<\/strong>\u00a0sera trait\u00e9e par\u00a0<strong>RYME WORLDWIDE, S.A.<\/strong>\u00a0afin de g\u00e9rer votre demande et d'entretenir des relations professionnelles et commerciales avec vous, ainsi que de maintenir un lien informatif et promotionnel avec vous, afin que vous puissiez recevoir, par diff\u00e9rents moyens (t\u00e9l\u00e9phone, sms, mails) des communications sur des offres, des produits et des services susceptibles de vous int\u00e9resser si vous nous avez pr\u00e9alablement donn\u00e9 votre consentement.<\/p><p>Vos donn\u00e9es personnelles ne seront pas divulgu\u00e9es \u00e0 des tiers, sauf si la loi ou les autorit\u00e9s comp\u00e9tentes l'exigent.<\/p><p>La base qui l\u00e9gitime le traitement de vos donn\u00e9es est votre consentement donn\u00e9 en remplissant volontairement le formulaire correspondant avec vos donn\u00e9es personnelles et en acceptant la pr\u00e9sente politique de confidentialit\u00e9 et\/ou en cochant la case acceptant de recevoir des communications commerciales. Vos donn\u00e9es seront conserv\u00e9es jusqu'\u00e0 ce que vous r\u00e9voquiez votre consentement ou que vous vous opposiez au traitement de vos donn\u00e9es \u00e0 cette fin.<\/p><p><strong>RYME WORLDWIDE, S.A.<\/strong>\u00a0vous informe qu'en aucun cas vous n'\u00eates oblig\u00e9 de nous fournir vos donn\u00e9es personnelles, et que celles-ci sont ad\u00e9quates, pertinentes et strictement n\u00e9cessaires au respect de la finalit\u00e9 pour laquelle elles sont collect\u00e9es, mais indispensables pour r\u00e9pondre \u00e0 votre demande ou vous fournir les services propos\u00e9s.<\/p><p>Si vous nous avez contact\u00e9s par e-mail, nous vous informons que les donn\u00e9es personnelles que vous nous avez fournies seront trait\u00e9es par\u00a0<strong>RYME WORLDWIDE, S.A.<\/strong>\u00a0afin de g\u00e9rer et de maintenir les relations professionnelles qui nous lient \u00e0 vous. Afin d'effectuer cette gestion, il est possible que vos donn\u00e9es soient communiqu\u00e9es aux entit\u00e9s publiques et aux administrations n\u00e9cessaires \u00e0 l'ex\u00e9cution de cette gestion. Ce traitement de donn\u00e9es est n\u00e9cessaire pour maintenir cette relation professionnelle. De m\u00eame, nous vous informons que vos donn\u00e9es seront conserv\u00e9es pendant toute la dur\u00e9e du maintien de ces relations et pendant les p\u00e9riodes \u00e9tablies par la l\u00e9gislation fiscale ou pendant les p\u00e9riodes \u00e9tablies pour faire face \u00e0 d'\u00e9ventuelles r\u00e9clamations.<\/p><p>Si vous nous avez envoy\u00e9 votre curriculum vitae \u00e0 l'adresse postale ou \u00e9lectronique de\u00a0<strong>RYME WORLDWIDE, S.A<\/strong><strong>.<\/strong>\u00a0ou vous nous les avez fournies par l'interm\u00e9diaire de sites d'emploi tiers (Linkedin, Infojobs, Universit\u00e9s ou \u00c9coles), nous vous informons que vos donn\u00e9es seront trait\u00e9es par\u00a0<strong>RYME WORLDWIDE, S.A.<\/strong>\u00a0pour la gestion de vos processus de s\u00e9lection du personnel pour les postes vacants au sein de l'entreprise. Vos donn\u00e9es ne seront pas transmises \u00e0 des tiers. Ce traitement est n\u00e9cessaire pour traiter votre candidature et se fonde sur le consentement que vous nous avez donn\u00e9 en nous envoyant votre CV. Vos donn\u00e9es ne seront conserv\u00e9es que s'il existe une proc\u00e9dure de s\u00e9lection ouverte et, dans ce cas, jusqu'\u00e0 la fin de la proc\u00e9dure.<\/p><p><strong>Droits de la personne concern\u00e9e en mati\u00e8re de protection des donn\u00e9es<\/strong><\/p><p>Aux fins des dispositions de la l\u00e9gislation en vigueur, vous pouvez exercer vos droits d'acc\u00e8s, de rectification, d'effacement, d'opposition, de ne pas faire l'objet de d\u00e9cisions individuelles automatis\u00e9es, de portabilit\u00e9 et de limitation du traitement de vos donn\u00e9es en contactant le d\u00e9l\u00e9gu\u00e9 \u00e0 la protection des donn\u00e9es \u00e0 l'adresse suivante\u00a0<strong>RYME DANS LE MONDE ENTIER,\u00a0<\/strong><strong>S.A.<\/strong><strong>,\u00a0<\/strong>situ\u00e9 \u00e0 POL. IND. VILLALONQU\u00c9JAR, C\/ MERINDAD CUESTA URR\u00cdA, N\u00ba 4 ; 09001 BURGOS (BURGOS) ou \u00e0 l'adresse suivante\u00a0<strong>info@ryme.com<\/strong>Vous avez le droit de d\u00e9poser une plainte aupr\u00e8s de l'Agence espagnole de protection des donn\u00e9es (AEPD) si vous estimez que vos droits ont \u00e9t\u00e9 viol\u00e9s. Vous avez le droit de d\u00e9poser une plainte aupr\u00e8s de l'Agence espagnole de protection des donn\u00e9es (AEPD) si vous estimez que vos droits ont \u00e9t\u00e9 viol\u00e9s.<\/p><p><strong>Mise \u00e0 jour et annulation de vos donn\u00e9es<\/strong><\/p><p>Afin que nous puissions tenir \u00e0 jour vos donn\u00e9es personnelles, il est important que vous nous informiez de tout changement les concernant, faute de quoi nous ne pourrons \u00eatre tenus responsables de leur exactitude. Vous certifiez \u00e9galement que toutes les informations que vous nous fournissez sont vraies, valides et pertinentes pour l'objectif pour lequel nous les demandons, et que vous les fournissez vous-m\u00eame.<\/p><p>Vos donn\u00e9es seront conserv\u00e9es jusqu'\u00e0 ce que vous r\u00e9voquiez votre consentement ou que vous vous opposiez au traitement de vos donn\u00e9es \u00e0 cette fin, sans que cela n'affecte toute autre relation que vous pourriez avoir avec l'entit\u00e9.<\/p><p><strong>Garantie de confidentialit\u00e9 et de s\u00e9curit\u00e9 des donn\u00e9es<\/strong><\/p><p><strong>RYME WORLDWIDE, S.A.<\/strong>en r\u00e9ponse \u00e0 la confiance qui lui est accord\u00e9e et compte tenu de l'importance que rev\u00eatent vos donn\u00e9es personnelles en termes de protection et de confidentialit\u00e9, vous informe qu'elle a adopt\u00e9 les mesures techniques et organisationnelles n\u00e9cessaires pour garantir la confidentialit\u00e9, la disponibilit\u00e9, l'int\u00e9grit\u00e9 et la r\u00e9silience de ses syst\u00e8mes de traitement et de ses services. Toutefois, l'utilisateur doit \u00eatre conscient que les mesures de s\u00e9curit\u00e9 sur Internet ne sont pas infaillibles.<\/p><p>Cette politique de confidentialit\u00e9 a \u00e9t\u00e9 mise \u00e0 jour en octobre 2018.\u00a0<strong>RYME WORLDWIDE<\/strong><strong>S.A., S.A.<\/strong>\u00a0se r\u00e9serve le droit de modifier sa politique de protection des donn\u00e9es en cas de changement de la l\u00e9gislation en vigueur, de la doctrine jurisprudentielle ou en raison de crit\u00e8res propres \u00e0 l'entreprise. En cas de modification de cette politique, le nouveau texte sera publi\u00e9 \u00e0 cette m\u00eame adresse. Vous avez le droit de d\u00e9poser une plainte aupr\u00e8s de l'Agence espagnole de protection des donn\u00e9es (AEPD).<\/p>\t\t\t\t\t\t\t\t<\/div>\n\t\t\t\t<\/div>\n\t\t\t\t\t<\/div>\n\t\t\t\t<\/div>\n\t\t\t\t<\/div>","protected":false},"excerpt":{"rendered":"<p>RYME WORLDWIDE, SA (A09290008), dont l&#039;adresse est \u00e0 POL. INDIANA. VILLALONQU\u00c9JAR, C\/MERINDAD CUESTA URR\u00cdA, N\u00ba 4; 09001 BURGOS, est propri\u00e9taire du site ryme-worldwide.co.uk\/ et, \u00e0 ce titre, vous informe que pour utiliser les services qu&#039;il vous propose, il est n\u00e9cessaire que vous nous fournissiez certaines donn\u00e9es personnelles. RYME WORLDWIDE, SA. agira conform\u00e9ment aux dispositions [\u2026]<\/p>","protected":false},"author":1,"featured_media":0,"parent":0,"menu_order":0,"comment_status":"closed","ping_status":"closed","template":"","meta":{"footnotes":""},"class_list":["post-11460","page","type-page","status-publish","hentry"],"acf":[],"_links":{"self":[{"href":"https:\/\/ryme-worldwide.co.uk\/fr\/wp-json\/wp\/v2\/pages\/11460","targetHints":{"allow":["GET"]}}],"collection":[{"href":"https:\/\/ryme-worldwide.co.uk\/fr\/wp-json\/wp\/v2\/pages"}],"about":[{"href":"https:\/\/ryme-worldwide.co.uk\/fr\/wp-json\/wp\/v2\/types\/page"}],"author":[{"embeddable":true,"href":"https:\/\/ryme-worldwide.co.uk\/fr\/wp-json\/wp\/v2\/users\/1"}],"replies":[{"embeddable":true,"href":"https:\/\/ryme-worldwide.co.uk\/fr\/wp-json\/wp\/v2\/comments?post=11460"}],"version-history":[{"count":3,"href":"https:\/\/ryme-worldwide.co.uk\/fr\/wp-json\/wp\/v2\/pages\/11460\/revisions"}],"predecessor-version":[{"id":11469,"href":"https:\/\/ryme-worldwide.co.uk\/fr\/wp-json\/wp\/v2\/pages\/11460\/revisions\/11469"}],"wp:attachment":[{"href":"https:\/\/ryme-worldwide.co.uk\/fr\/wp-json\/wp\/v2\/media?parent=11460"}],"curies":[{"name":"wp","href":"https:\/\/api.w.org\/{rel}","templated":true}]}}