{"id":16719,"date":"2026-02-03T09:10:57","date_gmt":"2026-02-03T08:10:57","guid":{"rendered":"https:\/\/ryme.difadi.net\/?page_id=16719"},"modified":"2026-02-03T09:13:22","modified_gmt":"2026-02-03T08:13:22","slug":"our-company","status":"publish","type":"page","link":"https:\/\/ryme-worldwide.co.uk\/es_es\/our-company\/","title":{"rendered":"Company"},"content":{"rendered":"\t\t<div data-elementor-type=\"wp-page\" data-elementor-id=\"16719\" class=\"elementor elementor-16719\" data-elementor-post-type=\"page\">\n\t\t\t\t<div class=\"elementor-element elementor-element-3fad125 e-flex e-con-boxed e-con e-parent\" data-id=\"3fad125\" data-element_type=\"container\">\n\t\t\t\t\t<div class=\"e-con-inner\">\n\t\t\t\t<div class=\"elementor-element elementor-element-49ffa45 elementor-widget elementor-widget-shortcode\" data-id=\"49ffa45\" data-element_type=\"widget\" data-widget_type=\"shortcode.default\">\n\t\t\t\t<div class=\"elementor-widget-container\">\n\t\t\t\t\t\t\t<div class=\"elementor-shortcode\"><nav aria-label=\"breadcrumbs\" class=\"rank-math-breadcrumb\"><p><span class=\"last\">Inicio<\/span><\/p><\/nav><\/div>\n\t\t\t\t\t\t<\/div>\n\t\t\t\t<\/div>\n\t\t\t\t<div class=\"elementor-element elementor-element-0982940 elementor-widget elementor-widget-heading\" data-id=\"0982940\" data-element_type=\"widget\" data-widget_type=\"heading.default\">\n\t\t\t\t<div class=\"elementor-widget-container\">\n\t\t\t\t\t<h1 class=\"elementor-heading-title elementor-size-default\">Nuestra empresa<\/h1>\t\t\t\t<\/div>\n\t\t\t\t<\/div>\n\t\t\t\t<div class=\"elementor-element elementor-element-787d826 elementor-widget-divider--view-line elementor-widget elementor-widget-divider\" data-id=\"787d826\" data-element_type=\"widget\" data-widget_type=\"divider.default\">\n\t\t\t\t<div class=\"elementor-widget-container\">\n\t\t\t\t\t\t\t<div class=\"elementor-divider\">\n\t\t\t<span class=\"elementor-divider-separator\">\n\t\t\t\t\t\t<\/span>\n\t\t<\/div>\n\t\t\t\t\t\t<\/div>\n\t\t\t\t<\/div>\n\t\t\t\t\t<\/div>\n\t\t\t\t<\/div>\n\t\t<div class=\"elementor-element elementor-element-fc71fa4 e-flex e-con-boxed elementor-invisible e-con e-parent\" data-id=\"fc71fa4\" data-element_type=\"container\" data-settings=\"{&quot;animation&quot;:&quot;fadeIn&quot;,&quot;animation_delay&quot;:200}\">\n\t\t\t\t\t<div class=\"e-con-inner\">\n\t\t\t\t<div class=\"elementor-element elementor-element-f443a35 elementor-widget elementor-widget-heading\" data-id=\"f443a35\" data-element_type=\"widget\" data-widget_type=\"heading.default\">\n\t\t\t\t<div class=\"elementor-widget-container\">\n\t\t\t\t\t<h2 class=\"elementor-heading-title elementor-size-default\">Una soluci\u00f3n integral en equipamiento de inspecci\u00f3n vehicular<\/h2>\t\t\t\t<\/div>\n\t\t\t\t<\/div>\n\t\t\t\t<div class=\"elementor-element elementor-element-769ff10 elementor-widget elementor-widget-text-editor\" data-id=\"769ff10\" data-element_type=\"widget\" data-widget_type=\"text-editor.default\">\n\t\t\t\t<div class=\"elementor-widget-container\">\n\t\t\t\t\t\t\t\t\t<p><strong>Ryme Worldwide,\u00a0 Fabricantes desde 1982, es una empresa dedicada al dise\u00f1o, desarrollo, fabricaci\u00f3n, instalaci\u00f3n y mantenimiento de equipamiento para la Inspecci\u00f3n T\u00e9cnica de Veh\u00edculos.<\/strong>\u00a0<strong>Nos avala la calidad y experiencia en el sector.<\/strong><\/p><p><strong>Ryme es uno de los principales fabricantes de equipos de inspecci\u00f3n y equipamiento de automoci\u00f3n con una de las mas extensa gama de productos del mercado.\u00a0<\/strong><span style=\"text-align: var(--text-align); color: var( --e-global-color-text ); font-family: var( --e-global-typography-primary-font-family ), Sans-serif; font-size: var( --e-global-typography-primary-font-size ); font-weight: var( --e-global-typography-primary-font-weight );\">Fundada en 1.982 y ubicada en el Pol\u00edgono Industrial de Villalonqu\u00e9jar (Burgos), en una parcela de m\u00e1s de 15.000 m2 donde se encuentran sus instalaciones. La firme apuesta por la investigaci\u00f3n hace que Ryme Worldwide, S.A cuente con un departamento de I+D+i formado por personal especializado en diferentes disciplinas (dise\u00f1o mec\u00e1nico, electr\u00f3nico, desarrollo de software), cuyo objetivo consiste en desarrollar nuevos productos y mejorar continuamente los productos actualmente en mercado. Actualmente posee la mayor gama del mercado en equipos de inspecci\u00f3n de veh\u00edculos.<\/span><\/p>\t\t\t\t\t\t\t\t<\/div>\n\t\t\t\t<\/div>\n\t\t\t\t\t<\/div>\n\t\t\t\t<\/div>\n\t\t<div class=\"elementor-element elementor-element-95a9bc0 e-con-full cta-empresa e-flex e-con e-parent\" data-id=\"95a9bc0\" data-element_type=\"container\">\n\t\t<div class=\"elementor-element elementor-element-c47fe4c e-con-full animated-slow e-flex elementor-invisible e-con e-child\" data-id=\"c47fe4c\" data-element_type=\"container\" data-settings=\"{&quot;background_background&quot;:&quot;classic&quot;,&quot;animation&quot;:&quot;fadeInUp&quot;,&quot;animation_delay&quot;:300}\">\n\t\t\t\t<div class=\"elementor-element elementor-element-01c5aa6 elementor-widget elementor-widget-heading\" data-id=\"01c5aa6\" data-element_type=\"widget\" data-widget_type=\"heading.default\">\n\t\t\t\t<div class=\"elementor-widget-container\">\n\t\t\t\t\t<h2 class=\"elementor-heading-title elementor-size-default\"><img decoding=\"async\" src=\"\/wp-content\/uploads\/2023\/01\/Worldwide-Group-logo-blanco.svg\" alt=\"Worldwide Group\" width=\"300px\" title=\"\"><\/h2>\t\t\t\t<\/div>\n\t\t\t\t<\/div>\n\t\t\t\t<div class=\"elementor-element elementor-element-de1d66b elementor-align-right btn-especial btn-especial-negativo elementor-widget elementor-widget-button\" data-id=\"de1d66b\" data-element_type=\"widget\" data-widget_type=\"button.default\">\n\t\t\t\t<div class=\"elementor-widget-container\">\n\t\t\t\t\t\t\t\t\t<div class=\"elementor-button-wrapper\">\n\t\t\t\t\t<a class=\"elementor-button elementor-button-link elementor-size-sm\" href=\"https:\/\/ryme-worldwide.co.uk\/es_es\/the-worldwide-group\/\">\n\t\t\t\t\t\t<span class=\"elementor-button-content-wrapper\">\n\t\t\t\t\t\t\t\t\t<span class=\"elementor-button-text\">Ver m\u00e1s<\/span>\n\t\t\t\t\t<\/span>\n\t\t\t\t\t<\/a>\n\t\t\t\t<\/div>\n\t\t\t\t\t\t\t\t<\/div>\n\t\t\t\t<\/div>\n\t\t\t\t<\/div>\n\t\t<div class=\"elementor-element elementor-element-25bda16 e-con-full animated-slow e-flex elementor-invisible e-con e-child\" data-id=\"25bda16\" data-element_type=\"container\" data-settings=\"{&quot;background_background&quot;:&quot;classic&quot;,&quot;animation&quot;:&quot;fadeInUp&quot;,&quot;animation_delay&quot;:500}\">\n\t\t\t\t<div class=\"elementor-element elementor-element-798c805 elementor-widget elementor-widget-heading\" data-id=\"798c805\" data-element_type=\"widget\" data-widget_type=\"heading.default\">\n\t\t\t\t<div class=\"elementor-widget-container\">\n\t\t\t\t\t<h2 class=\"elementor-heading-title elementor-size-default\">The Worldwide Difference<\/h2>\t\t\t\t<\/div>\n\t\t\t\t<\/div>\n\t\t\t\t<div class=\"elementor-element elementor-element-05a85c6 elementor-align-right btn-especial btn-especial-negativo elementor-widget elementor-widget-button\" data-id=\"05a85c6\" data-element_type=\"widget\" data-widget_type=\"button.default\">\n\t\t\t\t<div class=\"elementor-widget-container\">\n\t\t\t\t\t\t\t\t\t<div class=\"elementor-button-wrapper\">\n\t\t\t\t\t<a class=\"elementor-button elementor-button-link elementor-size-sm\" href=\"https:\/\/ryme-worldwide.co.uk\/es_es\/the-worldwide-difference\/\">\n\t\t\t\t\t\t<span class=\"elementor-button-content-wrapper\">\n\t\t\t\t\t\t\t\t\t<span class=\"elementor-button-text\">Ver m\u00e1s<\/span>\n\t\t\t\t\t<\/span>\n\t\t\t\t\t<\/a>\n\t\t\t\t<\/div>\n\t\t\t\t\t\t\t\t<\/div>\n\t\t\t\t<\/div>\n\t\t\t\t<\/div>\n\t\t\t\t<\/div>\n\t\t\t\t<\/div>\n\t\t","protected":false},"excerpt":{"rendered":"<p>Nuestra empresa Una soluci\u00f3n integral en equipamiento de inspecci\u00f3n vehicular Ryme Worldwide,\u00a0 Fabricantes desde 1982, es una empresa dedicada al dise\u00f1o, desarrollo, fabricaci\u00f3n, instalaci\u00f3n y mantenimiento de equipamiento para la Inspecci\u00f3n T\u00e9cnica de Veh\u00edculos.\u00a0Nos avala la calidad y experiencia en el sector. Ryme es uno de los principales fabricantes de equipos de inspecci\u00f3n y equipamiento [&hellip;]<\/p>\n","protected":false},"author":1,"featured_media":0,"parent":0,"menu_order":0,"comment_status":"closed","ping_status":"closed","template":"","meta":{"footnotes":""},"class_list":["post-16719","page","type-page","status-publish","hentry"],"acf":[],"_links":{"self":[{"href":"https:\/\/ryme-worldwide.co.uk\/es_es\/wp-json\/wp\/v2\/pages\/16719","targetHints":{"allow":["GET"]}}],"collection":[{"href":"https:\/\/ryme-worldwide.co.uk\/es_es\/wp-json\/wp\/v2\/pages"}],"about":[{"href":"https:\/\/ryme-worldwide.co.uk\/es_es\/wp-json\/wp\/v2\/types\/page"}],"author":[{"embeddable":true,"href":"https:\/\/ryme-worldwide.co.uk\/es_es\/wp-json\/wp\/v2\/users\/1"}],"replies":[{"embeddable":true,"href":"https:\/\/ryme-worldwide.co.uk\/es_es\/wp-json\/wp\/v2\/comments?post=16719"}],"version-history":[{"count":7,"href":"https:\/\/ryme-worldwide.co.uk\/es_es\/wp-json\/wp\/v2\/pages\/16719\/revisions"}],"predecessor-version":[{"id":16727,"href":"https:\/\/ryme-worldwide.co.uk\/es_es\/wp-json\/wp\/v2\/pages\/16719\/revisions\/16727"}],"wp:attachment":[{"href":"https:\/\/ryme-worldwide.co.uk\/es_es\/wp-json\/wp\/v2\/media?parent=16719"}],"curies":[{"name":"wp","href":"https:\/\/api.w.org\/{rel}","templated":true}]}}