{"id":16709,"date":"2026-02-03T09:03:49","date_gmt":"2026-02-03T08:03:49","guid":{"rendered":"https:\/\/ryme.difadi.net\/?page_id=16709"},"modified":"2026-02-03T09:05:19","modified_gmt":"2026-02-03T08:05:19","slug":"quality-environment","status":"publish","type":"page","link":"https:\/\/ryme-worldwide.co.uk\/es_es\/quality-environment\/","title":{"rendered":"Quality and environment"},"content":{"rendered":"\t\t<div data-elementor-type=\"wp-page\" data-elementor-id=\"16709\" class=\"elementor elementor-16709\" data-elementor-post-type=\"page\">\n\t\t\t\t<div class=\"elementor-element elementor-element-305e5ce e-flex e-con-boxed e-con e-parent\" data-id=\"305e5ce\" data-element_type=\"container\">\n\t\t\t\t\t<div class=\"e-con-inner\">\n\t\t\t\t<div class=\"elementor-element elementor-element-98d5de2 elementor-widget elementor-widget-shortcode\" data-id=\"98d5de2\" data-element_type=\"widget\" data-widget_type=\"shortcode.default\">\n\t\t\t\t<div class=\"elementor-widget-container\">\n\t\t\t\t\t\t\t<div class=\"elementor-shortcode\"><nav aria-label=\"breadcrumbs\" class=\"rank-math-breadcrumb\"><p><span class=\"last\">Inicio<\/span><\/p><\/nav><\/div>\n\t\t\t\t\t\t<\/div>\n\t\t\t\t<\/div>\n\t\t\t\t<div class=\"elementor-element elementor-element-dbaa6fa elementor-widget elementor-widget-heading\" data-id=\"dbaa6fa\" data-element_type=\"widget\" data-widget_type=\"heading.default\">\n\t\t\t\t<div class=\"elementor-widget-container\">\n\t\t\t\t\t<h1 class=\"elementor-heading-title elementor-size-default\">Quality and environment<\/h1>\t\t\t\t<\/div>\n\t\t\t\t<\/div>\n\t\t\t\t<div class=\"elementor-element elementor-element-bc9fe6f elementor-widget-divider--view-line elementor-widget elementor-widget-divider\" data-id=\"bc9fe6f\" data-element_type=\"widget\" data-widget_type=\"divider.default\">\n\t\t\t\t<div class=\"elementor-widget-container\">\n\t\t\t\t\t\t\t<div class=\"elementor-divider\">\n\t\t\t<span class=\"elementor-divider-separator\">\n\t\t\t\t\t\t<\/span>\n\t\t<\/div>\n\t\t\t\t\t\t<\/div>\n\t\t\t\t<\/div>\n\t\t\t\t\t<\/div>\n\t\t\t\t<\/div>\n\t\t<div class=\"elementor-element elementor-element-9e83ddc e-flex e-con-boxed elementor-invisible e-con e-parent\" data-id=\"9e83ddc\" data-element_type=\"container\" data-settings=\"{&quot;animation&quot;:&quot;fadeIn&quot;}\">\n\t\t\t\t\t<div class=\"e-con-inner\">\n\t\t<div class=\"elementor-element elementor-element-bc63b6c e-con-full e-flex e-con e-child\" data-id=\"bc63b6c\" data-element_type=\"container\">\n\t\t\t\t<div class=\"elementor-element elementor-element-db6ec17 elementor-widget elementor-widget-text-editor\" data-id=\"db6ec17\" data-element_type=\"widget\" data-widget_type=\"text-editor.default\">\n\t\t\t\t<div class=\"elementor-widget-container\">\n\t\t\t\t\t\t\t\t\t<p>Dicen que todo lo que vale la pena hay que compartirlo. Nosotros tambi\u00e9n lo creemos. Por eso no nos conformamos con hacer de la responsabilidad medioambiental nuestro valor fundamental: queremos que tambi\u00e9n sea el tuyo. Por eso <b>asesoramos a nuestros socios y cumplimos con sus necesidades, respetando siempre nuestros objetivos comunes y abordando sus preocupaciones y limitaciones espec\u00edficas<\/b> en lo que respecta a la adecuada implantaci\u00f3n de programas de inspecci\u00f3n de emisiones de veh\u00edculos.<\/p>\t\t\t\t\t\t\t\t<\/div>\n\t\t\t\t<\/div>\n\t\t\t\t<div class=\"elementor-element elementor-element-f43aaac elementor-align-right btn-especial elementor-mobile-align-center elementor-widget-mobile__width-inherit elementor-invisible elementor-widget elementor-widget-button\" data-id=\"f43aaac\" data-element_type=\"widget\" data-settings=\"{&quot;_animation&quot;:&quot;fadeInLeft&quot;,&quot;_animation_delay&quot;:250}\" data-widget_type=\"button.default\">\n\t\t\t\t<div class=\"elementor-widget-container\">\n\t\t\t\t\t\t\t\t\t<div class=\"elementor-button-wrapper\">\n\t\t\t\t\t<a class=\"elementor-button elementor-button-link elementor-size-sm\" href=\"#objetivos\">\n\t\t\t\t\t\t<span class=\"elementor-button-content-wrapper\">\n\t\t\t\t\t\t\t\t\t<span class=\"elementor-button-text\">Conoce nuestros objetivos<\/span>\n\t\t\t\t\t<\/span>\n\t\t\t\t\t<\/a>\n\t\t\t\t<\/div>\n\t\t\t\t\t\t\t\t<\/div>\n\t\t\t\t<\/div>\n\t\t\t\t<\/div>\n\t\t<div class=\"elementor-element elementor-element-91e67f2 e-con-full e-flex e-con e-child\" data-id=\"91e67f2\" data-element_type=\"container\">\n\t\t\t\t<div class=\"elementor-element elementor-element-1883610 elementor-widget elementor-widget-video\" data-id=\"1883610\" data-element_type=\"widget\" data-settings=\"{&quot;autoplay&quot;:&quot;yes&quot;,&quot;play_on_mobile&quot;:&quot;yes&quot;,&quot;mute&quot;:&quot;yes&quot;,&quot;loop&quot;:&quot;yes&quot;,&quot;video_type&quot;:&quot;hosted&quot;,&quot;start&quot;:6}\" data-widget_type=\"video.default\">\n\t\t\t\t<div class=\"elementor-widget-container\">\n\t\t\t\t\t\t\t<div class=\"e-hosted-video elementor-wrapper elementor-open-inline\">\n\t\t\t\t\t<video class=\"elementor-video\" src=\"https:\/\/ryme-worldwide.co.uk\/\/wp-content\/uploads\/2023\/05\/Ryme_Worldwide_Placas-Solares.mp4#t=6\" autoplay=\"\" loop=\"\" muted=\"muted\" playsinline=\"\" controlsList=\"nodownload\"><\/video>\n\t\t\t\t<\/div>\n\t\t\t\t\t\t<\/div>\n\t\t\t\t<\/div>\n\t\t\t\t<\/div>\n\t\t\t\t\t<\/div>\n\t\t\t\t<\/div>\n\t\t<div class=\"elementor-element elementor-element-56e26d3 e-flex e-con-boxed elementor-invisible e-con e-parent\" data-id=\"56e26d3\" data-element_type=\"container\" data-settings=\"{&quot;animation&quot;:&quot;fadeIn&quot;}\">\n\t\t\t\t\t<div class=\"e-con-inner\">\n\t\t<div class=\"elementor-element elementor-element-fd61bb6 e-con-full e-flex e-con e-child\" data-id=\"fd61bb6\" data-element_type=\"container\">\n\t\t\t\t<div class=\"elementor-element elementor-element-a0583c3 elementor-invisible elementor-widget elementor-widget-image\" data-id=\"a0583c3\" data-element_type=\"widget\" data-settings=\"{&quot;_animation&quot;:&quot;fadeInUp&quot;,&quot;_animation_delay&quot;:200}\" data-widget_type=\"image.default\">\n\t\t\t\t<div class=\"elementor-widget-container\">\n\t\t\t\t\t\t\t\t\t\t\t\t<figure class=\"wp-caption\">\n\t\t\t\t\t\t\t\t\t\t\t<a href=\"https:\/\/ryme-worldwide.co.uk\/\/wp-content\/uploads\/Descargas\/ISO\/9001_EN_9001_ES_merged.pdf\" target=\"_blank\">\n\t\t\t\t\t\t\t<img fetchpriority=\"high\" decoding=\"async\" width=\"600\" height=\"587\" src=\"https:\/\/ryme-worldwide.co.uk\/wp-content\/uploads\/2023\/02\/iso9001.png\" class=\"attachment-large size-large wp-image-2279\" alt=\"\" srcset=\"https:\/\/ryme-worldwide.co.uk\/wp-content\/uploads\/2023\/02\/iso9001.png 600w, https:\/\/ryme-worldwide.co.uk\/wp-content\/uploads\/2023\/02\/iso9001-300x294.png 300w\" sizes=\"(max-width: 600px) 100vw, 600px\" title=\"\">\t\t\t\t\t\t\t\t<\/a>\n\t\t\t\t\t\t\t\t\t\t\t<figcaption class=\"widget-image-caption wp-caption-text\">Click para ver el certificado ISO 9001:2015<\/figcaption>\n\t\t\t\t\t\t\t\t\t\t<\/figure>\n\t\t\t\t\t\t\t\t\t<\/div>\n\t\t\t\t<\/div>\n\t\t\t\t<div class=\"elementor-element elementor-element-961d799 elementor-invisible elementor-widget elementor-widget-image\" data-id=\"961d799\" data-element_type=\"widget\" data-settings=\"{&quot;_animation&quot;:&quot;fadeInUp&quot;,&quot;_animation_delay&quot;:300}\" data-widget_type=\"image.default\">\n\t\t\t\t<div class=\"elementor-widget-container\">\n\t\t\t\t\t\t\t\t\t\t\t\t<figure class=\"wp-caption\">\n\t\t\t\t\t\t\t\t\t\t\t<a href=\"https:\/\/ryme-worldwide.co.uk\/\/wp-content\/uploads\/Descargas\/ISO\/14001_EN_14001_ES_merged.pdf\" target=\"_blank\">\n\t\t\t\t\t\t\t<img decoding=\"async\" width=\"600\" height=\"587\" src=\"https:\/\/ryme-worldwide.co.uk\/wp-content\/uploads\/2023\/02\/iso14001.png\" class=\"attachment-large size-large wp-image-2278\" alt=\"\" srcset=\"https:\/\/ryme-worldwide.co.uk\/wp-content\/uploads\/2023\/02\/iso14001.png 600w, https:\/\/ryme-worldwide.co.uk\/wp-content\/uploads\/2023\/02\/iso14001-300x294.png 300w\" sizes=\"(max-width: 600px) 100vw, 600px\" title=\"\">\t\t\t\t\t\t\t\t<\/a>\n\t\t\t\t\t\t\t\t\t\t\t<figcaption class=\"widget-image-caption wp-caption-text\">Click para ver el certificado ISO 14001:2015<\/figcaption>\n\t\t\t\t\t\t\t\t\t\t<\/figure>\n\t\t\t\t\t\t\t\t\t<\/div>\n\t\t\t\t<\/div>\n\t\t\t\t<\/div>\n\t\t<div class=\"elementor-element elementor-element-34fc777 e-con-full e-flex e-con e-child\" data-id=\"34fc777\" data-element_type=\"container\">\n\t\t\t\t<div class=\"elementor-element elementor-element-4562a24 elementor-widget elementor-widget-text-editor\" data-id=\"4562a24\" data-element_type=\"widget\" data-widget_type=\"text-editor.default\">\n\t\t\t\t<div class=\"elementor-widget-container\">\n\t\t\t\t\t\t\t\t\t<p>Nuestro \u00e1mbito de actuaci\u00f3n abarca el desarrollo y la comercializaci\u00f3n de hardware y software, la formaci\u00f3n de operadores, la sensibilizaci\u00f3n de la opini\u00f3n p\u00fablica a trav\u00e9s de nuestras plataformas en las redes sociales y el desempe\u00f1o de un papel activo en la promoci\u00f3n de veh\u00edculos m\u00e1s limpios en todo el mundo. Pero nuestra apuesta por el medio ambiente no se queda ah\u00ed.\u00a0 <b>Hemos adoptado sistemas para garantizar la optimizaci\u00f3n del ciclo de vida de los productos, as\u00ed como para mitigar el impacto de nuestra actividad.<\/b><\/p><p>En sinton\u00eda con nuestro deseo de lograr una verdadera sostenibilidad para nuestros productos, hemos <b>implantado y mantenemos una Pol\u00edtica de Calidad y Medio Ambiente<\/b> basada en los requisitos de las Normas\u00a0<strong><span style=\"color: #268cc0;\"><a style=\"color: #268cc0;\" href=\"\/wp-content\/uploads\/2023\/02\/Certificado_ISO_14001-2015.pdf\" target=\"_blank\" rel=\"noopener\">UNE EN ISO 9001:2015: \u00abSistemas de Gesti\u00f3n de la Calidad, Requisitos<\/a>\u00ab<\/span><\/strong> y<strong>\u00a0<span style=\"color: #268cc0;\"><a style=\"text-align: var(--text-align); background-color: #fbfbfb; font-family: var( --e-global-typography-primary-font-family ), Sans-serif; font-size: var( --e-global-typography-primary-font-size ); font-weight: var( --e-global-typography-primary-font-weight ); color: #268cc0;\" href=\"\/wp-content\/uploads\/2023\/02\/Certificado_ISO_14001-2015.pdf\" target=\"_blank\" rel=\"noopener\"><strong>UNE EN ISO 14001:2015: \u00abSistemas de Gesti\u00f3n Medioambiental\u00bb<\/strong>.<\/a><\/span><\/strong><\/p><p><span style=\"text-align: var(--text-align); color: var( --e-global-color-text ); font-family: var( --e-global-typography-primary-font-family ), Sans-serif; font-size: var( --e-global-typography-primary-font-size ); font-weight: var( --e-global-typography-primary-font-weight );\">El objetivo de la <a href=\"https:\/\/ryme-worldwide.co.uk\/\/empresa\/the-worldwide-difference\/calidad-y-1-2-ambiente\/politica-de-calidad-medio-ambiente\/\"><em><strong><span style=\"color: #268cc0;\">Pol\u00edtica de Calidad y Medio Ambiente<\/span> <\/strong><\/em><\/a>es <\/span><b style=\"text-align: var(--text-align); color: var( --e-global-color-text ); font-family: var( --e-global-typography-primary-font-family ), Sans-serif; font-size: var( --e-global-typography-primary-font-size );\">satisfacer a nuestros clientes suministr\u00e1ndoles productos y servicios ajust\u00e1ndonos a sus requerimientos<\/b><span style=\"text-align: var(--text-align); color: var( --e-global-color-text ); font-family: var( --e-global-typography-primary-font-family ), Sans-serif; font-size: var( --e-global-typography-primary-font-size ); font-weight: var( --e-global-typography-primary-font-weight );\">, as\u00ed como a los establecidos por las disposiciones legales en vigor, sin asumir ning\u00fan compromiso que pueda repercutir negativamente ni en la calidad ni en nuestro planeta.<\/span><\/p>\t\t\t\t\t\t\t\t<\/div>\n\t\t\t\t<\/div>\n\t\t\t\t<\/div>\n\t\t\t\t\t<\/div>\n\t\t\t\t<\/div>\n\t\t<div class=\"elementor-element elementor-element-121f166 e-flex e-con-boxed elementor-invisible e-con e-parent\" data-id=\"121f166\" data-element_type=\"container\" data-settings=\"{&quot;background_background&quot;:&quot;classic&quot;,&quot;animation&quot;:&quot;fadeInUp&quot;,&quot;animation_delay&quot;:150}\">\n\t\t\t\t\t<div class=\"e-con-inner\">\n\t\t<div class=\"elementor-element elementor-element-dd2f6a3 e-con-full e-flex e-con e-child\" data-id=\"dd2f6a3\" data-element_type=\"container\">\n\t\t\t\t<div class=\"elementor-element elementor-element-1b60bd1 elementor-absolute elementor-widget elementor-widget-menu-anchor\" data-id=\"1b60bd1\" data-element_type=\"widget\" data-settings=\"{&quot;_position&quot;:&quot;absolute&quot;}\" data-widget_type=\"menu-anchor.default\">\n\t\t\t\t<div class=\"elementor-widget-container\">\n\t\t\t\t\t\t\t<div class=\"elementor-menu-anchor\" id=\"objetivos\"><\/div>\n\t\t\t\t\t\t<\/div>\n\t\t\t\t<\/div>\n\t\t\t\t<div class=\"elementor-element elementor-element-b2c9b70 elementor-widget elementor-widget-heading\" data-id=\"b2c9b70\" data-element_type=\"widget\" data-widget_type=\"heading.default\">\n\t\t\t\t<div class=\"elementor-widget-container\">\n\t\t\t\t\t<h2 class=\"elementor-heading-title elementor-size-default\">Nos comprometemos con los siguientes objetivos<\/h2>\t\t\t\t<\/div>\n\t\t\t\t<\/div>\n\t\t\t\t<\/div>\n\t\t<div class=\"elementor-element elementor-element-1579a4f e-con-full e-flex e-con e-child\" data-id=\"1579a4f\" data-element_type=\"container\">\n\t\t\t\t<div class=\"elementor-element elementor-element-fc27984 objetivos elementor-icon-list--layout-traditional elementor-list-item-link-full_width elementor-widget elementor-widget-icon-list\" data-id=\"fc27984\" data-element_type=\"widget\" data-widget_type=\"icon-list.default\">\n\t\t\t\t<div class=\"elementor-widget-container\">\n\t\t\t\t\t\t\t<ul class=\"elementor-icon-list-items\">\n\t\t\t\t\t\t\t<li class=\"elementor-icon-list-item\">\n\t\t\t\t\t\t\t\t\t\t\t<span class=\"elementor-icon-list-icon\">\n\t\t\t\t\t\t\t<svg xmlns=\"http:\/\/www.w3.org\/2000\/svg\" id=\"Layer_2\" data-name=\"Layer 2\" viewBox=\"0 0 37.09 37.09\"><defs><style>      .cls-1 {        fill: #fff;      }    <\/style><\/defs><g id=\"Layer_1-2\" data-name=\"Layer 1-2\"><g id=\"Grupo_2\" data-name=\"Grupo 2\"><g id=\"Grupo_1\" data-name=\"Grupo 1\"><path id=\"Trazado_5\" data-name=\"Trazado 5\" class=\"cls-1\" d=\"M11.69,21.39c6.5-5.84,14.23-10.15,22.61-12.61C28.91,.07,17.48-2.61,8.78,2.78,3.32,6.16,0,12.13,0,18.54c0,.44,.02,.87,.05,1.3,2.18-1.41,4.47-2.65,6.84-3.71,0,0,3.29-.09,4.8,5.25\"><\/path><path id=\"Trazado_6\" data-name=\"Trazado 6\" class=\"cls-1\" d=\"M35.35,10.71c-.3,1-10.4,5.67-23.75,21.43,0,0-1.09-2.8-11.17-9.62,2.2,10,12.09,16.33,22.09,14.13,10-2.2,16.33-12.09,14.13-22.09-.29-1.33-.73-2.62-1.3-3.85\"><\/path><\/g><\/g><\/g><\/svg>\t\t\t\t\t\t<\/span>\n\t\t\t\t\t\t\t\t\t\t<span class=\"elementor-icon-list-text\">Cumplir todas las normas <b>UNE EN ISO 9001 y UNE EN ISO 14001<\/b>, as\u00ed como incorporar procedimientos espec\u00edficos orientados a la mejora continua dentro de este marco.<\/span>\n\t\t\t\t\t\t\t\t\t<\/li>\n\t\t\t\t\t\t\t\t<li class=\"elementor-icon-list-item\">\n\t\t\t\t\t\t\t\t\t\t\t<a href=\"https:\/\/ryme-worldwide.co.uk\/\/politica-de-calidad-medio-ambiente\/\" target=\"_blank\">\n\n\t\t\t\t\t\t\t\t\t\t\t\t<span class=\"elementor-icon-list-icon\">\n\t\t\t\t\t\t\t<svg xmlns=\"http:\/\/www.w3.org\/2000\/svg\" id=\"Layer_2\" data-name=\"Layer 2\" viewBox=\"0 0 37.09 37.09\"><defs><style>      .cls-1 {        fill: #fff;      }    <\/style><\/defs><g id=\"Layer_1-2\" data-name=\"Layer 1-2\"><g id=\"Grupo_2\" data-name=\"Grupo 2\"><g id=\"Grupo_1\" data-name=\"Grupo 1\"><path id=\"Trazado_5\" data-name=\"Trazado 5\" class=\"cls-1\" d=\"M11.69,21.39c6.5-5.84,14.23-10.15,22.61-12.61C28.91,.07,17.48-2.61,8.78,2.78,3.32,6.16,0,12.13,0,18.54c0,.44,.02,.87,.05,1.3,2.18-1.41,4.47-2.65,6.84-3.71,0,0,3.29-.09,4.8,5.25\"><\/path><path id=\"Trazado_6\" data-name=\"Trazado 6\" class=\"cls-1\" d=\"M35.35,10.71c-.3,1-10.4,5.67-23.75,21.43,0,0-1.09-2.8-11.17-9.62,2.2,10,12.09,16.33,22.09,14.13,10-2.2,16.33-12.09,14.13-22.09-.29-1.33-.73-2.62-1.3-3.85\"><\/path><\/g><\/g><\/g><\/svg>\t\t\t\t\t\t<\/span>\n\t\t\t\t\t\t\t\t\t\t<span class=\"elementor-icon-list-text\"><b>Promover el conocimiento y comprensi\u00f3n<\/b> de la Pol\u00edtica de Calidad y Medio Ambiente dentro de Ryme Worldwide, S.A., mediante su correcta difusi\u00f3n, as\u00ed como mediante una adecuada formaci\u00f3n y comunicaci\u00f3n constante con los empleados.<\/span>\n\t\t\t\t\t\t\t\t\t\t\t<\/a>\n\t\t\t\t\t\t\t\t\t<\/li>\n\t\t\t\t\t\t\t\t<li class=\"elementor-icon-list-item\">\n\t\t\t\t\t\t\t\t\t\t\t<a href=\"https:\/\/ryme-worldwide.co.uk\/\/wp-content\/uploads\/Descargas\/ISO\/Comunicacion_Calidad_Ambiental_Proveedores.pdf\">\n\n\t\t\t\t\t\t\t\t\t\t\t\t<span class=\"elementor-icon-list-icon\">\n\t\t\t\t\t\t\t<svg xmlns=\"http:\/\/www.w3.org\/2000\/svg\" id=\"Layer_2\" data-name=\"Layer 2\" viewBox=\"0 0 37.09 37.09\"><defs><style>      .cls-1 {        fill: #fff;      }    <\/style><\/defs><g id=\"Layer_1-2\" data-name=\"Layer 1-2\"><g id=\"Grupo_2\" data-name=\"Grupo 2\"><g id=\"Grupo_1\" data-name=\"Grupo 1\"><path id=\"Trazado_5\" data-name=\"Trazado 5\" class=\"cls-1\" d=\"M11.69,21.39c6.5-5.84,14.23-10.15,22.61-12.61C28.91,.07,17.48-2.61,8.78,2.78,3.32,6.16,0,12.13,0,18.54c0,.44,.02,.87,.05,1.3,2.18-1.41,4.47-2.65,6.84-3.71,0,0,3.29-.09,4.8,5.25\"><\/path><path id=\"Trazado_6\" data-name=\"Trazado 6\" class=\"cls-1\" d=\"M35.35,10.71c-.3,1-10.4,5.67-23.75,21.43,0,0-1.09-2.8-11.17-9.62,2.2,10,12.09,16.33,22.09,14.13,10-2.2,16.33-12.09,14.13-22.09-.29-1.33-.73-2.62-1.3-3.85\"><\/path><\/g><\/g><\/g><\/svg>\t\t\t\t\t\t<\/span>\n\t\t\t\t\t\t\t\t\t\t<span class=\"elementor-icon-list-text\"><b>Controlar eficazmente todos los procesos productivos<\/b> y evitar cualquier posible impacto en la calidad de nuestros productos. Esta acci\u00f3n, no s\u00f3lo se compromete con el \u00e1mbito de acci\u00f3n directa de Ryme Worldwide, tambi\u00e9n aplica a la aprobaci\u00f3n de unos requisitos de calidad y Medio Ambiente a nuestros proveedores. <b>Consulta el Compromiso Medioambiental aqu\u00ed.<\/b><\/span>\n\t\t\t\t\t\t\t\t\t\t\t<\/a>\n\t\t\t\t\t\t\t\t\t<\/li>\n\t\t\t\t\t\t\t\t<li class=\"elementor-icon-list-item\">\n\t\t\t\t\t\t\t\t\t\t\t<span class=\"elementor-icon-list-icon\">\n\t\t\t\t\t\t\t<svg xmlns=\"http:\/\/www.w3.org\/2000\/svg\" id=\"Layer_2\" data-name=\"Layer 2\" viewBox=\"0 0 37.09 37.09\"><defs><style>      .cls-1 {        fill: #fff;      }    <\/style><\/defs><g id=\"Layer_1-2\" data-name=\"Layer 1-2\"><g id=\"Grupo_2\" data-name=\"Grupo 2\"><g id=\"Grupo_1\" data-name=\"Grupo 1\"><path id=\"Trazado_5\" data-name=\"Trazado 5\" class=\"cls-1\" d=\"M11.69,21.39c6.5-5.84,14.23-10.15,22.61-12.61C28.91,.07,17.48-2.61,8.78,2.78,3.32,6.16,0,12.13,0,18.54c0,.44,.02,.87,.05,1.3,2.18-1.41,4.47-2.65,6.84-3.71,0,0,3.29-.09,4.8,5.25\"><\/path><path id=\"Trazado_6\" data-name=\"Trazado 6\" class=\"cls-1\" d=\"M35.35,10.71c-.3,1-10.4,5.67-23.75,21.43,0,0-1.09-2.8-11.17-9.62,2.2,10,12.09,16.33,22.09,14.13,10-2.2,16.33-12.09,14.13-22.09-.29-1.33-.73-2.62-1.3-3.85\"><\/path><\/g><\/g><\/g><\/svg>\t\t\t\t\t\t<\/span>\n\t\t\t\t\t\t\t\t\t\t<span class=\"elementor-icon-list-text\">Salvaguardar el medio ambiente mediante la realizaci\u00f3n de acciones de prevenci\u00f3n de la contaminaci\u00f3n y el <b>uso responsable\/sostenible de los recursos<\/b>.<\/span>\n\t\t\t\t\t\t\t\t\t<\/li>\n\t\t\t\t\t\t<\/ul>\n\t\t\t\t\t\t<\/div>\n\t\t\t\t<\/div>\n\t\t\t\t<\/div>\n\t\t<div class=\"elementor-element elementor-element-e2b35a0 e-con-full e-flex e-con e-child\" data-id=\"e2b35a0\" data-element_type=\"container\">\n\t\t\t\t<div class=\"elementor-element elementor-element-31deef9 elementor-position-left elementor-view-default elementor-mobile-position-top elementor-widget elementor-widget-icon-box\" data-id=\"31deef9\" data-element_type=\"widget\" data-widget_type=\"icon-box.default\">\n\t\t\t\t<div class=\"elementor-widget-container\">\n\t\t\t\t\t\t\t<div class=\"elementor-icon-box-wrapper\">\n\n\t\t\t\t\t\t<div class=\"elementor-icon-box-icon\">\n\t\t\t\t<a href=\"https:\/\/ryme-worldwide.co.uk\/\/politica-de-calidad-medio-ambiente\/\" target=\"_blank\" class=\"elementor-icon\" tabindex=\"-1\">\n\t\t\t\t<i aria-hidden=\"true\" class=\"fas fa-asterisk\"><\/i>\t\t\t\t<\/a>\n\t\t\t<\/div>\n\t\t\t\n\t\t\t\t\t\t<div class=\"elementor-icon-box-content\">\n\n\t\t\t\t\n\t\t\t\t\t\t\t\t\t<p class=\"elementor-icon-box-description\">\n\t\t\t\t\t\tLa definici\u00f3n de sostenibilidad es un concepto en constante evoluci\u00f3n, y queremos crecer con \u00e9l. Por esta raz\u00f3n, la revisi\u00f3n de los objetivos que conforman nuestra <b>Pol\u00edtica de Calidad y Medio Ambiente <\/b> as\u00ed como el establecimiento de nuevas metas y directrices, es llevada a cabo de forma rutinaria por la direcci\u00f3n de acuerdo con unos est\u00e1ndares rigurosos para garantizar el \u00e9xito y el progreso continuos. \t\t\t\t\t<\/p>\n\t\t\t\t\n\t\t\t<\/div>\n\t\t\t\n\t\t<\/div>\n\t\t\t\t\t\t<\/div>\n\t\t\t\t<\/div>\n\t\t\t\t<div class=\"elementor-element elementor-element-4189021 elementor-widget elementor-widget-button\" data-id=\"4189021\" data-element_type=\"widget\" data-widget_type=\"button.default\">\n\t\t\t\t<div class=\"elementor-widget-container\">\n\t\t\t\t\t\t\t\t\t<div class=\"elementor-button-wrapper\">\n\t\t\t\t\t<a class=\"elementor-button elementor-button-link elementor-size-sm\" href=\"https:\/\/ryme-worldwide.co.uk\/es_es\/politica-de-calidad-medio-ambiente\/\" target=\"_blank\">\n\t\t\t\t\t\t<span class=\"elementor-button-content-wrapper\">\n\t\t\t\t\t\t\t\t\t<span class=\"elementor-button-text\">Ir a la pol\u00edtica de Calidad y medio ambiente<\/span>\n\t\t\t\t\t<\/span>\n\t\t\t\t\t<\/a>\n\t\t\t\t<\/div>\n\t\t\t\t\t\t\t\t<\/div>\n\t\t\t\t<\/div>\n\t\t\t\t<\/div>\n\t\t\t\t\t<\/div>\n\t\t\t\t<\/div>\n\t\t\t\t<\/div>\n\t\t","protected":false},"excerpt":{"rendered":"<p>Dicen que todo lo que vale la pena hay que compartirlo. Nosotros tambi\u00e9n lo creemos. Por eso no nos conformamos con hacer de la responsabilidad medioambiental nuestro valor fundamental: queremos que tambi\u00e9n sea el tuyo. Por eso asesoramos a nuestros socios y cumplimos con sus necesidades, respetando siempre nuestros objetivos comunes y abordando sus preocupaciones [&hellip;]<\/p>\n","protected":false},"author":1,"featured_media":0,"parent":0,"menu_order":0,"comment_status":"closed","ping_status":"closed","template":"","meta":{"footnotes":""},"class_list":["post-16709","page","type-page","status-publish","hentry"],"acf":[],"_links":{"self":[{"href":"https:\/\/ryme-worldwide.co.uk\/es_es\/wp-json\/wp\/v2\/pages\/16709","targetHints":{"allow":["GET"]}}],"collection":[{"href":"https:\/\/ryme-worldwide.co.uk\/es_es\/wp-json\/wp\/v2\/pages"}],"about":[{"href":"https:\/\/ryme-worldwide.co.uk\/es_es\/wp-json\/wp\/v2\/types\/page"}],"author":[{"embeddable":true,"href":"https:\/\/ryme-worldwide.co.uk\/es_es\/wp-json\/wp\/v2\/users\/1"}],"replies":[{"embeddable":true,"href":"https:\/\/ryme-worldwide.co.uk\/es_es\/wp-json\/wp\/v2\/comments?post=16709"}],"version-history":[{"count":6,"href":"https:\/\/ryme-worldwide.co.uk\/es_es\/wp-json\/wp\/v2\/pages\/16709\/revisions"}],"predecessor-version":[{"id":16716,"href":"https:\/\/ryme-worldwide.co.uk\/es_es\/wp-json\/wp\/v2\/pages\/16709\/revisions\/16716"}],"wp:attachment":[{"href":"https:\/\/ryme-worldwide.co.uk\/es_es\/wp-json\/wp\/v2\/media?parent=16709"}],"curies":[{"name":"wp","href":"https:\/\/api.w.org\/{rel}","templated":true}]}}