{"id":11460,"date":"2023-05-26T14:15:42","date_gmt":"2023-05-26T12:15:42","guid":{"rendered":"https:\/\/www.ryme.com\/?page_id=11460"},"modified":"2023-05-26T14:16:42","modified_gmt":"2023-05-26T12:16:42","slug":"politica-de-privacidad","status":"publish","type":"page","link":"https:\/\/ryme-worldwide.co.uk\/es_es\/politica-de-privacidad\/","title":{"rendered":"Pol\u00edtica de privacidad"},"content":{"rendered":"\t\t<div data-elementor-type=\"wp-page\" data-elementor-id=\"11460\" class=\"elementor elementor-11460\" data-elementor-post-type=\"page\">\n\t\t\t\t<div class=\"elementor-element elementor-element-e597a6c e-flex e-con-boxed e-con e-parent\" data-id=\"e597a6c\" data-element_type=\"container\">\n\t\t\t\t\t<div class=\"e-con-inner\">\n\t\t\t\t<div class=\"elementor-element elementor-element-2c18cdf elementor-widget elementor-widget-shortcode\" data-id=\"2c18cdf\" data-element_type=\"widget\" data-widget_type=\"shortcode.default\">\n\t\t\t\t<div class=\"elementor-widget-container\">\n\t\t\t\t\t\t\t<div class=\"elementor-shortcode\"><nav aria-label=\"breadcrumbs\" class=\"rank-math-breadcrumb\"><p><span class=\"last\">Inicio<\/span><\/p><\/nav><\/div>\n\t\t\t\t\t\t<\/div>\n\t\t\t\t<\/div>\n\t\t\t\t<div class=\"elementor-element elementor-element-a5f420d elementor-widget elementor-widget-heading\" data-id=\"a5f420d\" data-element_type=\"widget\" data-widget_type=\"heading.default\">\n\t\t\t\t<div class=\"elementor-widget-container\">\n\t\t\t\t\t<h1 class=\"elementor-heading-title elementor-size-default\">Pol\u00edtica de privacidad<\/h1>\t\t\t\t<\/div>\n\t\t\t\t<\/div>\n\t\t\t\t<div class=\"elementor-element elementor-element-44890f9 elementor-widget-divider--view-line elementor-widget elementor-widget-divider\" data-id=\"44890f9\" data-element_type=\"widget\" data-widget_type=\"divider.default\">\n\t\t\t\t<div class=\"elementor-widget-container\">\n\t\t\t\t\t\t\t<div class=\"elementor-divider\">\n\t\t\t<span class=\"elementor-divider-separator\">\n\t\t\t\t\t\t<\/span>\n\t\t<\/div>\n\t\t\t\t\t\t<\/div>\n\t\t\t\t<\/div>\n\t\t\t\t\t<\/div>\n\t\t\t\t<\/div>\n\t\t<div class=\"elementor-element elementor-element-3aef2db e-flex e-con-boxed e-con e-parent\" data-id=\"3aef2db\" data-element_type=\"container\">\n\t\t\t\t\t<div class=\"e-con-inner\">\n\t\t\t\t<div class=\"elementor-element elementor-element-80f96d4 elementor-widget elementor-widget-text-editor\" data-id=\"80f96d4\" data-element_type=\"widget\" data-widget_type=\"text-editor.default\">\n\t\t\t\t<div class=\"elementor-widget-container\">\n\t\t\t\t\t\t\t\t\t<p><strong>RYME WORLDWIDE, S.A.<\/strong>\u00a0(A09290008), con direcci\u00f3n en POL. IND. VILLALONQU\u00c9JAR, C\/ MERINDAD CUESTA URR\u00cdA, N\u00ba 4; 09001 BURGOS, es titular de la website ryme-worldwide.co.uk\/, y como tal, le informa que para hacer uso de los servicios que le ofrece es necesario que nos suministre determinados datos de car\u00e1cter personal.\u00a0<strong>RYME WORLDWIDE, S.A.<\/strong><strong>.<\/strong>\u00a0actuar\u00e1 de conformidad con lo establecido en la legislaci\u00f3n vigente y, en concreto, de conformidad con lo establecido en el Reglamento Europeo de Protecci\u00f3n de Datos (RGPD), en la Ley Org\u00e1nica de Protecci\u00f3n de Datos (LOPD) y en la Ley de Servicios de la Sociedad de la Informaci\u00f3n (LSSI), en lo referente al mantenimiento de la confidencialidad y tratamiento de datos personales facilitados voluntariamente por los usuarios de esta p\u00e1gina Web.<\/p><p><strong>Consentimiento y autorizaci\u00f3n al tratamiento de sus datos personales<\/strong><\/p><p>Le informamos que los datos personales obtenidos a trav\u00e9s de los formularios de recogida de datos de\u00a0<strong>ryme-worldwide.co.uk\/<\/strong>\u00a0ser\u00e1n tratados por\u00a0<strong>RYME WORLDWIDE, S.A.<\/strong>\u00a0con la finalidad de gestionar su solicitud y el mantenimiento de las relaciones profesionales y comerciales con usted, as\u00ed como para mantener un v\u00ednculo informativo y promocional con Ud., de forma que pueda recibir, por diferentes medios (telef\u00f3nico, sms, mails) comunicaciones sobre ofertas, productos y servicios que puedan resultar de su inter\u00e9s en caso de que Usted nos haya dado su consentimiento previamente.<\/p><p>Sus datos personales no ser\u00e1n cedidos a terceros, salvo que sean requeridos por ley o por las autoridades competentes.<\/p><p>La base que legitima el tratamiento de sus datos es su consentimiento dado al cumplimentar voluntariamente el formulario correspondiente con sus datos personales y aceptar la presente Pol\u00edtica de Privacidad y\/o al marcar la casilla de aceptaci\u00f3n de recibir comunicaciones comerciales. Sus datos ser\u00e1n conservados hasta que Usted revoque su consentimiento o se oponga al tratamiento de sus datos con esta finalidad.<\/p><p><strong>RYME WORLDWIDE, S.A.<\/strong>\u00a0le informa de que en ning\u00fan caso est\u00e1 obligado a facilitarnos sus datos personales, y que \u00e9stos son los adecuados, pertinentes y estrictamente necesarios para cumplir con la finalidad por la que se recogen, no obstante, estos son imprescindibles para dar respuesta a su solicitud o para proporcionarle los servicios ofertados.<\/p><p>Si usted se ha puesto en contacto con nosotros v\u00eda correo electr\u00f3nico, le informamos que los datos personales que usted nos haya facilitado ser\u00e1n tratados por\u00a0<strong>RYME WORLDWIDE, S.A.<\/strong>\u00a0con la finalidad de gestionar y mantener las relaciones profesionales que nos unen con usted. Para la realizaci\u00f3n de esta gesti\u00f3n es posible que sus datos sean comunicados a las entidades y administraciones p\u00fablicas necesarias para la realizaci\u00f3n de dicha gesti\u00f3n. Este tratamiento de datos es necesario para mantener dicha relaci\u00f3n profesional. Igualmente, le informamos que sus datos ser\u00e1n conservados mientras se mantengan estas relaciones y los plazos marcados por la legislaci\u00f3n fiscal o durante los plazos establecidos para atender posibles reclamaciones.<\/p><p>Si Usted nos ha enviado su curr\u00edculum a las direcciones postales o electr\u00f3nicas de\u00a0<strong>RYME WORLDWIDE, S.A<\/strong><strong>.<\/strong>\u00a0o nos lo ha facilitado a trav\u00e9s de bolsas de empleo de terceros (Linkedin, Infojobs, Universidades o Escuelas), le informamos que sus datos ser\u00e1n tratados por\u00a0<strong>RYME WORLDWIDE, S.A.<\/strong>\u00a0para la gesti\u00f3n de sus procesos de selecci\u00f3n de personal de puestos vacantes en la empresa. Sus datos no ser\u00e1n cedidos a terceros. Este tratamiento de datos es necesario para atender su solicitud de empleo y est\u00e1 basado en el consentimiento que Usted nos da al enviarnos su curr\u00edculum. Sus datos ser\u00e1n conservados \u00fanicamente si hay un proceso de selecci\u00f3n abierto y, en este caso, hasta la finalizaci\u00f3n del proceso.<\/p><p><strong>Derechos de protecci\u00f3n de datos del interesado<\/strong><\/p><p>A los efectos de lo dispuesto en la normativa vigente, Ud. puede ejercer sus derechos de acceso, rectificaci\u00f3n, supresi\u00f3n, oposici\u00f3n, a no ser objeto de decisiones individuales automatizadas, portabilidad y limitaci\u00f3n del tratamiento de sus datos dirigi\u00e9ndose al Responsable de Protecci\u00f3n de Datos de\u00a0<strong>RYME WORLDWIDE,\u00a0<\/strong><strong>S.A.<\/strong><strong>,\u00a0<\/strong>sita en POL. IND. VILLALONQU\u00c9JAR, C\/ MERINDAD CUESTA URR\u00cdA, N\u00ba 4; 09001 BURGOS (BURGOS) o a\u00a0<strong>info@ryme.com<\/strong>, acompa\u00f1ando copia de su DNI acreditando debidamente su identidad. Ud. tiene derecho a presentar una reclamaci\u00f3n ante la Agencia Espa\u00f1ola de Protecci\u00f3n de Datos (AEPD), si considera infringidos sus derechos.<\/p><p><strong>Actualizaci\u00f3n y Cancelaci\u00f3n de sus datos<\/strong><\/p><p>Es importante que para que podamos mantener sus datos personales actualizados, nos informe siempre que haya habido alguna modificaci\u00f3n en ellos, en caso contrario, no respondemos de la veracidad de los mismos. Asimismo, nos certifica que todos los datos que Ud. nos facilita son ciertos, vigentes y pertinentes para la finalidad por la que se los solicitamos, y que los facilita por s\u00ed mismo.<\/p><p>Sus datos ser\u00e1n conservados hasta que Usted revoque su consentimiento o se oponga al tratamiento de sus datos con esta finalidad, sin que ello condicione otras relaciones que mantenga con la entidad.<\/p><p><strong>Garant\u00eda de Confidencialidad y Seguridad de los datos<\/strong><\/p><p><strong>RYME WORLDWIDE, S.A.<\/strong>, en respuesta a la confianza depositada en nosotros y teniendo en cuenta la importancia en materia de protecci\u00f3n y confidencialidad que requieren sus datos personales, le informa que ha adoptado las medidas, t\u00e9cnicas y organizativas, necesarias para garantizar la confidencialidad, disponibilidad, integridad y resiliencias de sus sistemas y servicios de tratamiento. No obstante, el usuario debe ser consciente de que las medidas de seguridad en Internet no son inexpugnables.<\/p><p>La presente pol\u00edtica de privacidad ha sido actualizada en octubre de 2018.\u00a0<strong>RYME WORLDWIDE<\/strong><strong>, S.A.<\/strong>\u00a0se reserva el derecho de modificar su pol\u00edtica de protecci\u00f3n de datos en el supuesto de que exista un cambio de la legislaci\u00f3n vigente, doctrina jurisprudencial o por criterios propios empresariales. Si se introdujese alg\u00fan cambio en esta pol\u00edtica, el nuevo texto se publicar\u00e1 en esta misma direcci\u00f3n. Tiene derecho a presentar una reclamaci\u00f3n ante la Agencia Espa\u00f1ola de Protecci\u00f3n de Datos (AEPD).<\/p>\t\t\t\t\t\t\t\t<\/div>\n\t\t\t\t<\/div>\n\t\t\t\t\t<\/div>\n\t\t\t\t<\/div>\n\t\t\t\t<\/div>\n\t\t","protected":false},"excerpt":{"rendered":"<p>RYME WORLDWIDE, S.A.\u00a0(A09290008), con direcci\u00f3n en POL. IND. VILLALONQU\u00c9JAR, C\/ MERINDAD CUESTA URR\u00cdA, N\u00ba 4; 09001 BURGOS, es titular de la website ryme-worldwide.co.uk\/, y como tal, le informa que para hacer uso de los servicios que le ofrece es necesario que nos suministre determinados datos de car\u00e1cter personal.\u00a0RYME WORLDWIDE, S.A..\u00a0actuar\u00e1 de conformidad con lo establecido [&hellip;]<\/p>\n","protected":false},"author":1,"featured_media":0,"parent":0,"menu_order":0,"comment_status":"closed","ping_status":"closed","template":"","meta":{"footnotes":""},"class_list":["post-11460","page","type-page","status-publish","hentry"],"acf":[],"_links":{"self":[{"href":"https:\/\/ryme-worldwide.co.uk\/es_es\/wp-json\/wp\/v2\/pages\/11460","targetHints":{"allow":["GET"]}}],"collection":[{"href":"https:\/\/ryme-worldwide.co.uk\/es_es\/wp-json\/wp\/v2\/pages"}],"about":[{"href":"https:\/\/ryme-worldwide.co.uk\/es_es\/wp-json\/wp\/v2\/types\/page"}],"author":[{"embeddable":true,"href":"https:\/\/ryme-worldwide.co.uk\/es_es\/wp-json\/wp\/v2\/users\/1"}],"replies":[{"embeddable":true,"href":"https:\/\/ryme-worldwide.co.uk\/es_es\/wp-json\/wp\/v2\/comments?post=11460"}],"version-history":[{"count":3,"href":"https:\/\/ryme-worldwide.co.uk\/es_es\/wp-json\/wp\/v2\/pages\/11460\/revisions"}],"predecessor-version":[{"id":11469,"href":"https:\/\/ryme-worldwide.co.uk\/es_es\/wp-json\/wp\/v2\/pages\/11460\/revisions\/11469"}],"wp:attachment":[{"href":"https:\/\/ryme-worldwide.co.uk\/es_es\/wp-json\/wp\/v2\/media?parent=11460"}],"curies":[{"name":"wp","href":"https:\/\/api.w.org\/{rel}","templated":true}]}}