{"id":11455,"date":"2023-05-26T14:14:49","date_gmt":"2023-05-26T12:14:49","guid":{"rendered":"https:\/\/www.ryme.com\/?page_id=11455"},"modified":"2023-05-26T14:16:15","modified_gmt":"2023-05-26T12:16:15","slug":"aviso-legal","status":"publish","type":"page","link":"https:\/\/ryme-worldwide.co.uk\/es_es\/aviso-legal\/","title":{"rendered":"Aviso Legal"},"content":{"rendered":"\t\t<div data-elementor-type=\"wp-page\" data-elementor-id=\"11455\" class=\"elementor elementor-11455\" data-elementor-post-type=\"page\">\n\t\t\t\t<div class=\"elementor-element elementor-element-c8d7334 e-flex e-con-boxed e-con e-parent\" data-id=\"c8d7334\" data-element_type=\"container\">\n\t\t\t\t\t<div class=\"e-con-inner\">\n\t\t\t\t<div class=\"elementor-element elementor-element-e8009a8 elementor-widget elementor-widget-shortcode\" data-id=\"e8009a8\" data-element_type=\"widget\" data-widget_type=\"shortcode.default\">\n\t\t\t\t<div class=\"elementor-widget-container\">\n\t\t\t\t\t\t\t<div class=\"elementor-shortcode\"><nav aria-label=\"breadcrumbs\" class=\"rank-math-breadcrumb\"><p><span class=\"last\">Inicio<\/span><\/p><\/nav><\/div>\n\t\t\t\t\t\t<\/div>\n\t\t\t\t<\/div>\n\t\t\t\t<div class=\"elementor-element elementor-element-c8636bd elementor-widget elementor-widget-heading\" data-id=\"c8636bd\" data-element_type=\"widget\" data-widget_type=\"heading.default\">\n\t\t\t\t<div class=\"elementor-widget-container\">\n\t\t\t\t\t<h1 class=\"elementor-heading-title elementor-size-default\">Aviso Legal<\/h1>\t\t\t\t<\/div>\n\t\t\t\t<\/div>\n\t\t\t\t<div class=\"elementor-element elementor-element-3b88803 elementor-widget-divider--view-line elementor-widget elementor-widget-divider\" data-id=\"3b88803\" data-element_type=\"widget\" data-widget_type=\"divider.default\">\n\t\t\t\t<div class=\"elementor-widget-container\">\n\t\t\t\t\t\t\t<div class=\"elementor-divider\">\n\t\t\t<span class=\"elementor-divider-separator\">\n\t\t\t\t\t\t<\/span>\n\t\t<\/div>\n\t\t\t\t\t\t<\/div>\n\t\t\t\t<\/div>\n\t\t\t\t\t<\/div>\n\t\t\t\t<\/div>\n\t\t<div class=\"elementor-element elementor-element-ea13750 e-flex e-con-boxed e-con e-parent\" data-id=\"ea13750\" data-element_type=\"container\">\n\t\t\t\t\t<div class=\"e-con-inner\">\n\t\t\t\t<div class=\"elementor-element elementor-element-3898a19 elementor-widget elementor-widget-text-editor\" data-id=\"3898a19\" data-element_type=\"widget\" data-widget_type=\"text-editor.default\">\n\t\t\t\t<div class=\"elementor-widget-container\">\n\t\t\t\t\t\t\t\t\t<p>En cumplimiento con el deber de informaci\u00f3n recogido en el art\u00edculo 10 de la Ley 34\/2002, de 11 de julio, de Servicios de la Sociedad de la Informaci\u00f3n y de Comercio Electr\u00f3nico, le informamos que la URL\u00a0<strong>ryme-worldwide.co.uk\/<\/strong>\u00a0(en adelante el PORTAL) es un dominio propiedad de<strong>\u00a0RYME WORLDWIDE, S.A.<\/strong>\u00a0(en adelante la ENTIDAD), con A09290008, con domicilio sito en POL. IND. VILLALONQU\u00c9JAR, C\/ MERINDAD CUESTA URR\u00cdA, N\u00ba 4; 09001 BURGOS, direcci\u00f3n de correo electr\u00f3nico info@ryme.com y n\u00famero de tel\u00e9fono 947 482 020, e inscrita en el Registro Mercantil de BURGOS, Tomo 327, Libro 118, Secci\u00f3n 6, Folio 197, Hoja BU4158, como\u00a0<strong>RYME WORLDWIDE, S.A.<\/strong><\/p><p>Todas las marcas, nombres comerciales o signos distintivos de cualquier clase que aparecen en el PORTAL son propiedad de la ENTIDAD o de terceros, sin que pueda entenderse que el uso o acceso al sitio y\/o a los servicios, atribuya al usuario derecho alguno sobre las citadas marcas, nombres comerciales y\/o signos distintivos.<\/p><p>Asimismo, los contenidos publicados en la web, su dise\u00f1o gr\u00e1fico, im\u00e1genes, bases de datos y c\u00f3digo fuente son propiedad intelectual de la ENTIDAD o de terceros, sin que puedan entenderse cedidos al usuario, en virtud de lo establecido en este Aviso Legal, ninguno de los derechos de explotaci\u00f3n que existen o puedan existir sobre dichos contenidos m\u00e1s all\u00e1 de lo estrictamente necesario para el correcto uso del PORTAL y de los servicios que se prestan a trav\u00e9s de \u00e9l.<\/p><p>Le recordamos que en caso de que usted sea persona f\u00edsica que act\u00fae con fines ajenos a sus actividades comerciales o empresariales, a su oficio o a su profesi\u00f3n, puede acudir a la plataforma de resoluci\u00f3n de litigios en l\u00ednea que puede encontrar en el siguiente enlace: https:\/\/ec.europa.eu\/consumers\/odr\/<\/p><p>El acceso a este web site es responsabilidad exclusiva de los usuarios. El simple acceso al PORTAL no supone entablar ning\u00fan tipo de relaci\u00f3n de car\u00e1cter comercial entre la ENTIDAD y el usuario. Accediendo a \u00e9l acepta los siguientes t\u00e9rminos y condiciones.<\/p>\t\t\t\t\t\t\t\t<\/div>\n\t\t\t\t<\/div>\n\t\t\t\t\t<\/div>\n\t\t\t\t<\/div>\n\t\t\t\t<\/div>\n\t\t","protected":false},"excerpt":{"rendered":"<p>En cumplimiento con el deber de informaci\u00f3n recogido en el art\u00edculo 10 de la Ley 34\/2002, de 11 de julio, de Servicios de la Sociedad de la Informaci\u00f3n y de Comercio Electr\u00f3nico, le informamos que la URL\u00a0ryme-worldwide.co.uk\/\u00a0(en adelante el PORTAL) es un dominio propiedad de\u00a0RYME WORLDWIDE, S.A.\u00a0(en adelante la ENTIDAD), con A09290008, con domicilio sito [&hellip;]<\/p>\n","protected":false},"author":1,"featured_media":0,"parent":0,"menu_order":0,"comment_status":"closed","ping_status":"closed","template":"","meta":{"footnotes":""},"class_list":["post-11455","page","type-page","status-publish","hentry"],"acf":[],"_links":{"self":[{"href":"https:\/\/ryme-worldwide.co.uk\/es_es\/wp-json\/wp\/v2\/pages\/11455","targetHints":{"allow":["GET"]}}],"collection":[{"href":"https:\/\/ryme-worldwide.co.uk\/es_es\/wp-json\/wp\/v2\/pages"}],"about":[{"href":"https:\/\/ryme-worldwide.co.uk\/es_es\/wp-json\/wp\/v2\/types\/page"}],"author":[{"embeddable":true,"href":"https:\/\/ryme-worldwide.co.uk\/es_es\/wp-json\/wp\/v2\/users\/1"}],"replies":[{"embeddable":true,"href":"https:\/\/ryme-worldwide.co.uk\/es_es\/wp-json\/wp\/v2\/comments?post=11455"}],"version-history":[{"count":10,"href":"https:\/\/ryme-worldwide.co.uk\/es_es\/wp-json\/wp\/v2\/pages\/11455\/revisions"}],"predecessor-version":[{"id":11466,"href":"https:\/\/ryme-worldwide.co.uk\/es_es\/wp-json\/wp\/v2\/pages\/11455\/revisions\/11466"}],"wp:attachment":[{"href":"https:\/\/ryme-worldwide.co.uk\/es_es\/wp-json\/wp\/v2\/media?parent=11455"}],"curies":[{"name":"wp","href":"https:\/\/api.w.org\/{rel}","templated":true}]}}