{"id":16719,"date":"2026-02-03T09:10:57","date_gmt":"2026-02-03T08:10:57","guid":{"rendered":"https:\/\/ryme.difadi.net\/?page_id=16719"},"modified":"2026-02-03T09:13:22","modified_gmt":"2026-02-03T08:13:22","slug":"our-company","status":"publish","type":"page","link":"https:\/\/ryme-worldwide.co.uk\/de\/our-company\/","title":{"rendered":"Unternehmen"},"content":{"rendered":"<div data-elementor-type=\"wp-page\" data-elementor-id=\"16719\" class=\"elementor elementor-16719\" data-elementor-post-type=\"page\">\n\t\t\t\t<div class=\"elementor-element elementor-element-3fad125 e-flex e-con-boxed e-con e-parent\" data-id=\"3fad125\" data-element_type=\"container\">\n\t\t\t\t\t<div class=\"e-con-inner\">\n\t\t\t\t<div class=\"elementor-element elementor-element-49ffa45 elementor-widget elementor-widget-shortcode\" data-id=\"49ffa45\" data-element_type=\"widget\" data-widget_type=\"shortcode.default\">\n\t\t\t\t<div class=\"elementor-widget-container\">\n\t\t\t\t\t\t\t<div class=\"elementor-shortcode\"><nav aria-label=\"Semmelbr\u00f6sel\" class=\"rank-math-breadcrumb\"><p><span class=\"last\">Startseite<\/span><\/p><\/nav><\/div>\n\t\t\t\t\t\t<\/div>\n\t\t\t\t<\/div>\n\t\t\t\t<div class=\"elementor-element elementor-element-0982940 elementor-widget elementor-widget-heading\" data-id=\"0982940\" data-element_type=\"widget\" data-widget_type=\"heading.default\">\n\t\t\t\t<div class=\"elementor-widget-container\">\n\t\t\t\t\t<h1 class=\"elementor-heading-title elementor-size-default\">Unser Unternehmen<\/h1>\t\t\t\t<\/div>\n\t\t\t\t<\/div>\n\t\t\t\t<div class=\"elementor-element elementor-element-787d826 elementor-widget-divider--view-line elementor-widget elementor-widget-divider\" data-id=\"787d826\" data-element_type=\"widget\" data-widget_type=\"divider.default\">\n\t\t\t\t<div class=\"elementor-widget-container\">\n\t\t\t\t\t\t\t<div class=\"elementor-divider\">\n\t\t\t<span class=\"elementor-divider-separator\">\n\t\t\t\t\t\t<\/span>\n\t\t<\/div>\n\t\t\t\t\t\t<\/div>\n\t\t\t\t<\/div>\n\t\t\t\t\t<\/div>\n\t\t\t\t<\/div>\n\t\t<div class=\"elementor-element elementor-element-fc71fa4 e-flex e-con-boxed elementor-invisible e-con e-parent\" data-id=\"fc71fa4\" data-element_type=\"container\" data-settings=\"{&quot;animation&quot;:&quot;fadeIn&quot;,&quot;animation_delay&quot;:200}\">\n\t\t\t\t\t<div class=\"e-con-inner\">\n\t\t\t\t<div class=\"elementor-element elementor-element-f443a35 elementor-widget elementor-widget-heading\" data-id=\"f443a35\" data-element_type=\"widget\" data-widget_type=\"heading.default\">\n\t\t\t\t<div class=\"elementor-widget-container\">\n\t\t\t\t\t<h2 class=\"elementor-heading-title elementor-size-default\">Eine umfassende L\u00f6sung f\u00fcr Fahrzeugpr\u00fcfger\u00e4te<\/h2>\t\t\t\t<\/div>\n\t\t\t\t<\/div>\n\t\t\t\t<div class=\"elementor-element elementor-element-769ff10 elementor-widget elementor-widget-text-editor\" data-id=\"769ff10\" data-element_type=\"widget\" data-widget_type=\"text-editor.default\">\n\t\t\t\t<div class=\"elementor-widget-container\">\n\t\t\t\t\t\t\t\t\t<p><strong>Ryme Worldwide, Hersteller seit 1982, ist ein Unternehmen, das sich dem Design, der Entwicklung, der Herstellung, der Installation und der Wartung von Fahrzeugpr\u00fcfger\u00e4ten widmet.<\/strong>\u00a0<strong>Wir stehen f\u00fcr Qualit\u00e4t und Erfahrung in diesem Sektor.<\/strong><\/p><p><strong>Ryme ist einer der f\u00fchrenden Hersteller von Fahrzeugpr\u00fcfger\u00e4ten und -ausr\u00fcstungen mit einer der umfangreichsten Produktpaletten auf dem Markt.\u00a0<\/strong><span style=\"text-align: var(--text-align); color: var( --e-global-color-text ); font-family: var( --e-global-typography-primary-font-family ), Sans-serif; font-size: var( --e-global-typography-primary-font-size ); font-weight: var( --e-global-typography-primary-font-weight );\">Ryme Worldwide, S.A. wurde 1982 gegr\u00fcndet und hat seinen Sitz im Industriegebiet von Villalonqu\u00e9jar (Burgos) auf einem Grundst\u00fcck von mehr als 15.000 m2, auf dem sich auch die Anlagen befinden. Aufgrund des starken Engagements f\u00fcr die Forschung verf\u00fcgt Ryme Worldwide, S.A. \u00fcber eine Abteilung f\u00fcr Forschung, Entwicklung und Innovation, die sich aus Fachleuten verschiedener Disziplinen zusammensetzt (mechanisches Design, Elektronik, Softwareentwicklung), deren Ziel die Entwicklung neuer Produkte und die st\u00e4ndige Verbesserung der derzeit auf dem Markt befindlichen Produkte ist. Ryme Worldwide S.A. verf\u00fcgt derzeit \u00fcber das breiteste Angebot an Fahrzeugpr\u00fcfger\u00e4ten auf dem Markt.<\/span><\/p>\t\t\t\t\t\t\t\t<\/div>\n\t\t\t\t<\/div>\n\t\t\t\t\t<\/div>\n\t\t\t\t<\/div>\n\t\t<div class=\"elementor-element elementor-element-95a9bc0 e-con-full cta-empresa e-flex e-con e-parent\" data-id=\"95a9bc0\" data-element_type=\"container\">\n\t\t<div class=\"elementor-element elementor-element-c47fe4c e-con-full animated-slow e-flex elementor-invisible e-con e-child\" data-id=\"c47fe4c\" data-element_type=\"container\" data-settings=\"{&quot;background_background&quot;:&quot;classic&quot;,&quot;animation&quot;:&quot;fadeInUp&quot;,&quot;animation_delay&quot;:300}\">\n\t\t\t\t<div class=\"elementor-element elementor-element-01c5aa6 elementor-widget elementor-widget-heading\" data-id=\"01c5aa6\" data-element_type=\"widget\" data-widget_type=\"heading.default\">\n\t\t\t\t<div class=\"elementor-widget-container\">\n\t\t\t\t\t<h2 class=\"elementor-heading-title elementor-size-default\"><img decoding=\"async\" src=\"\/wp-content\/uploads\/2023\/01\/Worldwide-Group-logo-white.svg\" alt=\"Wir, die Worldwide Group\" width=\"300px\" title=\"\"><\/h2>\t\t\t\t<\/div>\n\t\t\t\t<\/div>\n\t\t\t\t<div class=\"elementor-element elementor-element-de1d66b elementor-align-right btn-especial btn-especial-negativo elementor-widget elementor-widget-button\" data-id=\"de1d66b\" data-element_type=\"widget\" data-widget_type=\"button.default\">\n\t\t\t\t<div class=\"elementor-widget-container\">\n\t\t\t\t\t\t\t\t\t<div class=\"elementor-button-wrapper\">\n\t\t\t\t\t<a class=\"elementor-button elementor-button-link elementor-size-sm\" href=\"https:\/\/ryme-worldwide.co.uk\/de\/the-worldwide-group\/\">\n\t\t\t\t\t\t<span class=\"elementor-button-content-wrapper\">\n\t\t\t\t\t\t\t\t\t<span class=\"elementor-button-text\">Mehr sehen<\/span>\n\t\t\t\t\t<\/span>\n\t\t\t\t\t<\/a>\n\t\t\t\t<\/div>\n\t\t\t\t\t\t\t\t<\/div>\n\t\t\t\t<\/div>\n\t\t\t\t<\/div>\n\t\t<div class=\"elementor-element elementor-element-25bda16 e-con-full animated-slow e-flex elementor-invisible e-con e-child\" data-id=\"25bda16\" data-element_type=\"container\" data-settings=\"{&quot;background_background&quot;:&quot;classic&quot;,&quot;animation&quot;:&quot;fadeInUp&quot;,&quot;animation_delay&quot;:500}\">\n\t\t\t\t<div class=\"elementor-element elementor-element-798c805 elementor-widget elementor-widget-heading\" data-id=\"798c805\" data-element_type=\"widget\" data-widget_type=\"heading.default\">\n\t\t\t\t<div class=\"elementor-widget-container\">\n\t\t\t\t\t<h2 class=\"elementor-heading-title elementor-size-default translation-block\"><a href=\"https:\/\/ryme-worldwide.co.uk\/\/de\/unternehmen\/the-worldwide-difference\/\" target=\"_self\">The<br>\nWorldwide<br>\nDifference<\/a><\/h2>\t\t\t\t<\/div>\n\t\t\t\t<\/div>\n\t\t\t\t<div class=\"elementor-element elementor-element-05a85c6 elementor-align-right btn-especial btn-especial-negativo elementor-widget elementor-widget-button\" data-id=\"05a85c6\" data-element_type=\"widget\" data-widget_type=\"button.default\">\n\t\t\t\t<div class=\"elementor-widget-container\">\n\t\t\t\t\t\t\t\t\t<div class=\"elementor-button-wrapper\">\n\t\t\t\t\t<a class=\"elementor-button elementor-button-link elementor-size-sm\" href=\"https:\/\/ryme-worldwide.co.uk\/de\/der-weltweite-unterschied\/\">\n\t\t\t\t\t\t<span class=\"elementor-button-content-wrapper\">\n\t\t\t\t\t\t\t\t\t<span class=\"elementor-button-text\">Mehr sehen<\/span>\n\t\t\t\t\t<\/span>\n\t\t\t\t\t<\/a>\n\t\t\t\t<\/div>\n\t\t\t\t\t\t\t\t<\/div>\n\t\t\t\t<\/div>\n\t\t\t\t<\/div>\n\t\t\t\t<\/div>\n\t\t\t\t<\/div>","protected":false},"excerpt":{"rendered":"<p>Unser Unternehmen Eine umfassende L\u00f6sung f\u00fcr Fahrzeuginspektionsger\u00e4te Ryme Worldwide, Hersteller seit 1982, ist ein Unternehmen, das sich der Konstruktion, Entwicklung, Herstellung, Installation und Wartung von Ger\u00e4ten f\u00fcr die technische Fahrzeuginspektion widmet. Wir werden durch Qualit\u00e4t und Erfahrung in der Branche unterst\u00fctzt. Ryme ist einer der f\u00fchrenden Hersteller von Inspektionsger\u00e4ten und -ger\u00e4ten [\u2026]<\/p>","protected":false},"author":1,"featured_media":0,"parent":0,"menu_order":0,"comment_status":"closed","ping_status":"closed","template":"","meta":{"footnotes":""},"class_list":["post-16719","page","type-page","status-publish","hentry"],"acf":[],"_links":{"self":[{"href":"https:\/\/ryme-worldwide.co.uk\/de\/wp-json\/wp\/v2\/pages\/16719","targetHints":{"allow":["GET"]}}],"collection":[{"href":"https:\/\/ryme-worldwide.co.uk\/de\/wp-json\/wp\/v2\/pages"}],"about":[{"href":"https:\/\/ryme-worldwide.co.uk\/de\/wp-json\/wp\/v2\/types\/page"}],"author":[{"embeddable":true,"href":"https:\/\/ryme-worldwide.co.uk\/de\/wp-json\/wp\/v2\/users\/1"}],"replies":[{"embeddable":true,"href":"https:\/\/ryme-worldwide.co.uk\/de\/wp-json\/wp\/v2\/comments?post=16719"}],"version-history":[{"count":7,"href":"https:\/\/ryme-worldwide.co.uk\/de\/wp-json\/wp\/v2\/pages\/16719\/revisions"}],"predecessor-version":[{"id":16727,"href":"https:\/\/ryme-worldwide.co.uk\/de\/wp-json\/wp\/v2\/pages\/16719\/revisions\/16727"}],"wp:attachment":[{"href":"https:\/\/ryme-worldwide.co.uk\/de\/wp-json\/wp\/v2\/media?parent=16719"}],"curies":[{"name":"wp","href":"https:\/\/api.w.org\/{rel}","templated":true}]}}