{"id":16709,"date":"2026-02-03T09:03:49","date_gmt":"2026-02-03T08:03:49","guid":{"rendered":"https:\/\/ryme.difadi.net\/?page_id=16709"},"modified":"2026-02-03T09:05:19","modified_gmt":"2026-02-03T08:05:19","slug":"quality-environment","status":"publish","type":"page","link":"https:\/\/ryme-worldwide.co.uk\/de\/quality-environment\/","title":{"rendered":"Quality and environment"},"content":{"rendered":"<div data-elementor-type=\"wp-page\" data-elementor-id=\"16709\" class=\"elementor elementor-16709\" data-elementor-post-type=\"page\">\n\t\t\t\t<div class=\"elementor-element elementor-element-305e5ce e-flex e-con-boxed e-con e-parent\" data-id=\"305e5ce\" data-element_type=\"container\">\n\t\t\t\t\t<div class=\"e-con-inner\">\n\t\t\t\t<div class=\"elementor-element elementor-element-98d5de2 elementor-widget elementor-widget-shortcode\" data-id=\"98d5de2\" data-element_type=\"widget\" data-widget_type=\"shortcode.default\">\n\t\t\t\t<div class=\"elementor-widget-container\">\n\t\t\t\t\t\t\t<div class=\"elementor-shortcode\"><nav aria-label=\"Semmelbr\u00f6sel\" class=\"rank-math-breadcrumb\"><p><span class=\"last\">Startseite<\/span><\/p><\/nav><\/div>\n\t\t\t\t\t\t<\/div>\n\t\t\t\t<\/div>\n\t\t\t\t<div class=\"elementor-element elementor-element-dbaa6fa elementor-widget elementor-widget-heading\" data-id=\"dbaa6fa\" data-element_type=\"widget\" data-widget_type=\"heading.default\">\n\t\t\t\t<div class=\"elementor-widget-container\">\n\t\t\t\t\t<h1 class=\"elementor-heading-title elementor-size-default\">Quality and environment<\/h1>\t\t\t\t<\/div>\n\t\t\t\t<\/div>\n\t\t\t\t<div class=\"elementor-element elementor-element-bc9fe6f elementor-widget-divider--view-line elementor-widget elementor-widget-divider\" data-id=\"bc9fe6f\" data-element_type=\"widget\" data-widget_type=\"divider.default\">\n\t\t\t\t<div class=\"elementor-widget-container\">\n\t\t\t\t\t\t\t<div class=\"elementor-divider\">\n\t\t\t<span class=\"elementor-divider-separator\">\n\t\t\t\t\t\t<\/span>\n\t\t<\/div>\n\t\t\t\t\t\t<\/div>\n\t\t\t\t<\/div>\n\t\t\t\t\t<\/div>\n\t\t\t\t<\/div>\n\t\t<div class=\"elementor-element elementor-element-9e83ddc e-flex e-con-boxed elementor-invisible e-con e-parent\" data-id=\"9e83ddc\" data-element_type=\"container\" data-settings=\"{&quot;animation&quot;:&quot;fadeIn&quot;}\">\n\t\t\t\t\t<div class=\"e-con-inner\">\n\t\t<div class=\"elementor-element elementor-element-bc63b6c e-con-full e-flex e-con e-child\" data-id=\"bc63b6c\" data-element_type=\"container\">\n\t\t\t\t<div class=\"elementor-element elementor-element-db6ec17 elementor-widget elementor-widget-text-editor\" data-id=\"db6ec17\" data-element_type=\"widget\" data-widget_type=\"text-editor.default\">\n\t\t\t\t<div class=\"elementor-widget-container\">\n\t\t\t\t\t\t\t\t\t<p class=\" translation-block\">Es hei\u00dft, dass alles, was wertvoll ist, geteilt werden sollte. Wir glauben das auch. Deshalb begn\u00fcgen wir uns nicht damit, die Verantwortung f\u00fcr die Umwelt zu unserem zentralen Wert zu machen: Wir wollen, dass sie auch der Ihre ist. Deshalb <b>beraten wir unsere Partner und gehen auf ihre Bed\u00fcrfnisse ein, wobei wir stets unsere gemeinsamen Ziele respektieren und auf ihre spezifischen Anliegen und Zw\u00e4nge eingehen<\/b>, wenn es um die ordnungsgem\u00e4\u00dfe Umsetzung von Programmen zur Pr\u00fcfung von Fahrzeugemissionen geht.<\/p>\t\t\t\t\t\t\t\t<\/div>\n\t\t\t\t<\/div>\n\t\t\t\t<div class=\"elementor-element elementor-element-f43aaac elementor-align-right btn-especial elementor-mobile-align-center elementor-widget-mobile__width-inherit elementor-invisible elementor-widget elementor-widget-button\" data-id=\"f43aaac\" data-element_type=\"widget\" data-settings=\"{&quot;_animation&quot;:&quot;fadeInLeft&quot;,&quot;_animation_delay&quot;:250}\" data-widget_type=\"button.default\">\n\t\t\t\t<div class=\"elementor-widget-container\">\n\t\t\t\t\t\t\t\t\t<div class=\"elementor-button-wrapper\">\n\t\t\t\t\t<a class=\"elementor-button elementor-button-link elementor-size-sm\" href=\"#objetivos\">\n\t\t\t\t\t\t<span class=\"elementor-button-content-wrapper\">\n\t\t\t\t\t\t\t\t\t<span class=\"elementor-button-text\">Lernen Sie unsere Ziele kennen<\/span>\n\t\t\t\t\t<\/span>\n\t\t\t\t\t<\/a>\n\t\t\t\t<\/div>\n\t\t\t\t\t\t\t\t<\/div>\n\t\t\t\t<\/div>\n\t\t\t\t<\/div>\n\t\t<div class=\"elementor-element elementor-element-91e67f2 e-con-full e-flex e-con e-child\" data-id=\"91e67f2\" data-element_type=\"container\">\n\t\t\t\t<div class=\"elementor-element elementor-element-1883610 elementor-widget elementor-widget-video\" data-id=\"1883610\" data-element_type=\"widget\" data-settings=\"{&quot;autoplay&quot;:&quot;yes&quot;,&quot;play_on_mobile&quot;:&quot;yes&quot;,&quot;mute&quot;:&quot;yes&quot;,&quot;loop&quot;:&quot;yes&quot;,&quot;video_type&quot;:&quot;hosted&quot;,&quot;start&quot;:6}\" data-widget_type=\"video.default\">\n\t\t\t\t<div class=\"elementor-widget-container\">\n\t\t\t\t\t\t\t<div class=\"e-hosted-video elementor-wrapper elementor-open-inline\">\n\t\t\t\t\t<video class=\"elementor-video\" src=\"https:\/\/ryme-worldwide.co.uk\/\/wp-content\/uploads\/2023\/05\/Ryme_Worldwide_Placas-Solares.mp4#t=6\" autoplay=\"\" loop=\"\" muted=\"muted\" playsinline=\"\" controlslist=\"nodownload\"><\/video>\n\t\t\t\t<\/div>\n\t\t\t\t\t\t<\/div>\n\t\t\t\t<\/div>\n\t\t\t\t<\/div>\n\t\t\t\t\t<\/div>\n\t\t\t\t<\/div>\n\t\t<div class=\"elementor-element elementor-element-56e26d3 e-flex e-con-boxed elementor-invisible e-con e-parent\" data-id=\"56e26d3\" data-element_type=\"container\" data-settings=\"{&quot;animation&quot;:&quot;fadeIn&quot;}\">\n\t\t\t\t\t<div class=\"e-con-inner\">\n\t\t<div class=\"elementor-element elementor-element-fd61bb6 e-con-full e-flex e-con e-child\" data-id=\"fd61bb6\" data-element_type=\"container\">\n\t\t\t\t<div class=\"elementor-element elementor-element-a0583c3 elementor-invisible elementor-widget elementor-widget-image\" data-id=\"a0583c3\" data-element_type=\"widget\" data-settings=\"{&quot;_animation&quot;:&quot;fadeInUp&quot;,&quot;_animation_delay&quot;:200}\" data-widget_type=\"image.default\">\n\t\t\t\t<div class=\"elementor-widget-container\">\n\t\t\t\t\t\t\t\t\t\t\t\t<figure class=\"wp-caption\">\n\t\t\t\t\t\t\t\t\t\t\t<a href=\"https:\/\/ryme-worldwide.co.uk\/\/wp-content\/uploads\/Descargas\/ISO\/9001_EN_9001_ES_merged.pdf\" target=\"_blank\">\n\t\t\t\t\t\t\t<img fetchpriority=\"high\" decoding=\"async\" width=\"600\" height=\"587\" src=\"https:\/\/ryme-worldwide.co.uk\/wp-content\/uploads\/2023\/02\/iso9001.png\" class=\"attachment-large size-large wp-image-2279\" alt=\"\" srcset=\"https:\/\/ryme-worldwide.co.uk\/wp-content\/uploads\/2023\/02\/iso9001.png 600w, https:\/\/ryme-worldwide.co.uk\/wp-content\/uploads\/2023\/02\/iso9001-300x294.png 300w\" sizes=\"(max-width: 600px) 100vw, 600px\" title=\"\">\t\t\t\t\t\t\t\t<\/a>\n\t\t\t\t\t\t\t\t\t\t\t<figcaption class=\"widget-image-caption wp-caption-text\">Klicken Sie hier, um das ISO 9001:2015-Zertifikat anzuzeigen<\/figcaption>\n\t\t\t\t\t\t\t\t\t\t<\/figure>\n\t\t\t\t\t\t\t\t\t<\/div>\n\t\t\t\t<\/div>\n\t\t\t\t<div class=\"elementor-element elementor-element-961d799 elementor-invisible elementor-widget elementor-widget-image\" data-id=\"961d799\" data-element_type=\"widget\" data-settings=\"{&quot;_animation&quot;:&quot;fadeInUp&quot;,&quot;_animation_delay&quot;:300}\" data-widget_type=\"image.default\">\n\t\t\t\t<div class=\"elementor-widget-container\">\n\t\t\t\t\t\t\t\t\t\t\t\t<figure class=\"wp-caption\">\n\t\t\t\t\t\t\t\t\t\t\t<a href=\"https:\/\/ryme-worldwide.co.uk\/\/wp-content\/uploads\/Descargas\/ISO\/14001_EN_14001_ES_merged.pdf\" target=\"_blank\">\n\t\t\t\t\t\t\t<img decoding=\"async\" width=\"600\" height=\"587\" src=\"https:\/\/ryme-worldwide.co.uk\/wp-content\/uploads\/2023\/02\/iso14001.png\" class=\"attachment-large size-large wp-image-2278\" alt=\"\" srcset=\"https:\/\/ryme-worldwide.co.uk\/wp-content\/uploads\/2023\/02\/iso14001.png 600w, https:\/\/ryme-worldwide.co.uk\/wp-content\/uploads\/2023\/02\/iso14001-300x294.png 300w\" sizes=\"(max-width: 600px) 100vw, 600px\" title=\"\">\t\t\t\t\t\t\t\t<\/a>\n\t\t\t\t\t\t\t\t\t\t\t<figcaption class=\"widget-image-caption wp-caption-text\">Klicken Sie hier, um das ISO 14001:2015-Zertifikat anzuzeigen<\/figcaption>\n\t\t\t\t\t\t\t\t\t\t<\/figure>\n\t\t\t\t\t\t\t\t\t<\/div>\n\t\t\t\t<\/div>\n\t\t\t\t<\/div>\n\t\t<div class=\"elementor-element elementor-element-34fc777 e-con-full e-flex e-con e-child\" data-id=\"34fc777\" data-element_type=\"container\">\n\t\t\t\t<div class=\"elementor-element elementor-element-4562a24 elementor-widget elementor-widget-text-editor\" data-id=\"4562a24\" data-element_type=\"widget\" data-widget_type=\"text-editor.default\">\n\t\t\t\t<div class=\"elementor-widget-container\">\n\t\t\t\t\t\t\t\t\t<p class=\" translation-block\">Unser Aktionsradius umfasst die Entwicklung und Vermarktung von Hard- und Software, die Schulung von Betreibern, die Sensibilisierung der \u00d6ffentlichkeit \u00fcber unsere Social-Media-Plattformen und die aktive Beteiligung an der weltweiten F\u00f6rderung umweltfreundlicherer Fahrzeuge. Aber unser Engagement f\u00fcr die Umwelt h\u00f6rt damit nicht auf.  <b>Wir haben Systeme eingef\u00fchrt, um den Lebenszyklus unserer Produkte zu optimieren und die Auswirkungen unserer T\u00e4tigkeit zu mindern.<\/p><p>Im Einklang mit unserem Wunsch, echte Nachhaltigkeit f\u00fcr unsere Produkte zu erreichen, haben wir dies getan <b>eine Qualit\u00e4ts- und Umweltpolitik implementieren und aufrechterhalten<\/b> basierend auf den Anforderungen der Standards\u00a0<strong><span style=\"color: #268cc0;\"><a style=\"color: #268cc0;\" href=\"\/wp-content\/uploads\/2023\/02\/Certificado_ISO_14001-2015.pdf\" target=\"_blank\" rel=\"noopener\">UNE EN ISO 9001:2015: \u201eQualit\u00e4tsmanagementsysteme, Anforderungen<\/a>\u00ab<\/span><\/strong> y<strong>\u00a0<span style=\"color: #268cc0;\"><a style=\"text-align: var(--text-align); background-color: #fbfbfb; font-family: var( --e-global-typography-primary-font-family ), Sans-serif; font-size: var( --e-global-typography-primary-font-size ); font-weight: var( --e-global-typography-primary-font-weight ); color: #268cc0;\" href=\"\/wp-content\/uploads\/2023\/02\/Certificado_ISO_14001-2015.pdf\" target=\"_blank\" rel=\"noopener\"><strong>UNE EN ISO 14001:2015: \u201eUmweltmanagementsysteme\u201c<\/strong>.<\/a><\/span><\/strong><\/p><p class=\" translation-block\"><span style=\"text-align: var(--text-align);color: var( --e-global-color-text );font-family: var( --e-global-typography-primary-font-family ), Sans-serif;font-size: var( --e-global-typography-primary-font-size );font-weight: var( --e-global-typography-primary-font-weight )\">Das Ziel der Qualit\u00e4ts- und Umweltpolitik ist <\/span><b style=\"text-align: var(--text-align);color: var( --e-global-color-text );font-family: var( --e-global-typography-primary-font-family ), Sans-serif;font-size: var( --e-global-typography-primary-font-size )\">unsere Kunden zufriedenstellen, indem wir ihnen Produkte und Dienstleistungen anbieten, die auf ihre Bed\u00fcrfnisse zugeschnitten sind<\/b><span style=\"text-align: var(--text-align);color: var( --e-global-color-text );font-family: var( --e-global-typography-primary-font-family ), Sans-serif;font-size: var( --e-global-typography-primary-font-size );font-weight: var( --e-global-typography-primary-font-weight )\">, sowie den geltenden gesetzlichen Bestimmungen, ohne Verpflichtungen einzugehen, die sich negativ auf die Qualit\u00e4t oder unseren Planeten auswirken k\u00f6nnten.<\/span><\/p>\t\t\t\t\t\t\t\t<\/div>\n\t\t\t\t<\/div>\n\t\t\t\t<\/div>\n\t\t\t\t\t<\/div>\n\t\t\t\t<\/div>\n\t\t<div class=\"elementor-element elementor-element-121f166 e-flex e-con-boxed elementor-invisible e-con e-parent\" data-id=\"121f166\" data-element_type=\"container\" data-settings=\"{&quot;background_background&quot;:&quot;classic&quot;,&quot;animation&quot;:&quot;fadeInUp&quot;,&quot;animation_delay&quot;:150}\">\n\t\t\t\t\t<div class=\"e-con-inner\">\n\t\t<div class=\"elementor-element elementor-element-dd2f6a3 e-con-full e-flex e-con e-child\" data-id=\"dd2f6a3\" data-element_type=\"container\">\n\t\t\t\t<div class=\"elementor-element elementor-element-1b60bd1 elementor-absolute elementor-widget elementor-widget-menu-anchor\" data-id=\"1b60bd1\" data-element_type=\"widget\" data-settings=\"{&quot;_position&quot;:&quot;absolute&quot;}\" data-widget_type=\"menu-anchor.default\">\n\t\t\t\t<div class=\"elementor-widget-container\">\n\t\t\t\t\t\t\t<div class=\"elementor-menu-anchor\" id=\"objetivos\"><\/div>\n\t\t\t\t\t\t<\/div>\n\t\t\t\t<\/div>\n\t\t\t\t<div class=\"elementor-element elementor-element-b2c9b70 elementor-widget elementor-widget-heading\" data-id=\"b2c9b70\" data-element_type=\"widget\" data-widget_type=\"heading.default\">\n\t\t\t\t<div class=\"elementor-widget-container\">\n\t\t\t\t\t<h2 class=\"elementor-heading-title elementor-size-default\">Wir setzen uns f\u00fcr folgende Ziele ein<\/h2>\t\t\t\t<\/div>\n\t\t\t\t<\/div>\n\t\t\t\t<\/div>\n\t\t<div class=\"elementor-element elementor-element-1579a4f e-con-full e-flex e-con e-child\" data-id=\"1579a4f\" data-element_type=\"container\">\n\t\t\t\t<div class=\"elementor-element elementor-element-fc27984 objetivos elementor-icon-list--layout-traditional elementor-list-item-link-full_width elementor-widget elementor-widget-icon-list\" data-id=\"fc27984\" data-element_type=\"widget\" data-widget_type=\"icon-list.default\">\n\t\t\t\t<div class=\"elementor-widget-container\">\n\t\t\t\t\t\t\t<ul class=\"elementor-icon-list-items\">\n\t\t\t\t\t\t\t<li class=\"elementor-icon-list-item\">\n\t\t\t\t\t\t\t\t\t\t\t<span class=\"elementor-icon-list-icon\">\n\t\t\t\t\t\t\t<svg xmlns=\"http:\/\/www.w3.org\/2000\/svg\" id=\"Layer_2\" data-name=\"Layer 2\" viewbox=\"0 0 37.09 37.09\"><defs><style>      .cls-1 {        fill: #fff;      }    <\/style><\/defs><g id=\"Layer_1-2\" data-name=\"Layer 1-2\"><g id=\"Grupo_2\" data-name=\"Grupo 2\"><g id=\"Grupo_1\" data-name=\"Grupo 1\"><path id=\"Trazado_5\" data-name=\"Trazado 5\" class=\"cls-1\" d=\"M11.69,21.39c6.5-5.84,14.23-10.15,22.61-12.61C28.91,.07,17.48-2.61,8.78,2.78,3.32,6.16,0,12.13,0,18.54c0,.44,.02,.87,.05,1.3,2.18-1.41,4.47-2.65,6.84-3.71,0,0,3.29-.09,4.8,5.25\"><\/path><path id=\"Trazado_6\" data-name=\"Trazado 6\" class=\"cls-1\" d=\"M35.35,10.71c-.3,1-10.4,5.67-23.75,21.43,0,0-1.09-2.8-11.17-9.62,2.2,10,12.09,16.33,22.09,14.13,10-2.2,16.33-12.09,14.13-22.09-.29-1.33-.73-2.62-1.3-3.85\"><\/path><\/g><\/g><\/g><\/svg>\t\t\t\t\t\t<\/span>\n\t\t\t\t\t\t\t\t\t\t<span class=\"elementor-icon-list-text\">Alle Vorschriften einhalten <b>- UNE EN ISO 9001 und UNE EN ISO 14001<\/b>- und innerhalb dieses Rahmens spezifische Verfahren zur kontinuierlichen Verbesserung einzubauen.<\/span>\n\t\t\t\t\t\t\t\t\t<\/li>\n\t\t\t\t\t\t\t\t<li class=\"elementor-icon-list-item\">\n\t\t\t\t\t\t\t\t\t\t\t<a href=\"https:\/\/ryme-worldwide.co.uk\/\/politica-de-calidad-medio-ambiente\/\" target=\"_blank\">\n\n\t\t\t\t\t\t\t\t\t\t\t\t<span class=\"elementor-icon-list-icon\">\n\t\t\t\t\t\t\t<svg xmlns=\"http:\/\/www.w3.org\/2000\/svg\" id=\"Layer_2\" data-name=\"Layer 2\" viewbox=\"0 0 37.09 37.09\"><defs><style>      .cls-1 {        fill: #fff;      }    <\/style><\/defs><g id=\"Layer_1-2\" data-name=\"Layer 1-2\"><g id=\"Grupo_2\" data-name=\"Grupo 2\"><g id=\"Grupo_1\" data-name=\"Grupo 1\"><path id=\"Trazado_5\" data-name=\"Trazado 5\" class=\"cls-1\" d=\"M11.69,21.39c6.5-5.84,14.23-10.15,22.61-12.61C28.91,.07,17.48-2.61,8.78,2.78,3.32,6.16,0,12.13,0,18.54c0,.44,.02,.87,.05,1.3,2.18-1.41,4.47-2.65,6.84-3.71,0,0,3.29-.09,4.8,5.25\"><\/path><path id=\"Trazado_6\" data-name=\"Trazado 6\" class=\"cls-1\" d=\"M35.35,10.71c-.3,1-10.4,5.67-23.75,21.43,0,0-1.09-2.8-11.17-9.62,2.2,10,12.09,16.33,22.09,14.13,10-2.2,16.33-12.09,14.13-22.09-.29-1.33-.73-2.62-1.3-3.85\"><\/path><\/g><\/g><\/g><\/svg>\t\t\t\t\t\t<\/span>\n\t\t\t\t\t\t\t\t\t\t<span class=\"elementor-icon-list-text\"><b>F\u00f6rderung von Wissen und Verst\u00e4ndnis<\/b> der Qualit\u00e4ts- und Umweltpolitik innerhalb von Ryme Worldwide S.A. durch ihre korrekte Verbreitung sowie durch eine angemessene Schulung und st\u00e4ndige Kommunikation mit den Mitarbeitern.<\/span>\n\t\t\t\t\t\t\t\t\t\t\t<\/a>\n\t\t\t\t\t\t\t\t\t<\/li>\n\t\t\t\t\t\t\t\t<li class=\"elementor-icon-list-item\">\n\t\t\t\t\t\t\t\t\t\t\t<a href=\"https:\/\/ryme-worldwide.co.uk\/\/wp-content\/uploads\/Descargas\/ISO\/Comunicacion_Calidad_Ambiental_Proveedores.pdf\">\n\n\t\t\t\t\t\t\t\t\t\t\t\t<span class=\"elementor-icon-list-icon\">\n\t\t\t\t\t\t\t<svg xmlns=\"http:\/\/www.w3.org\/2000\/svg\" id=\"Layer_2\" data-name=\"Layer 2\" viewbox=\"0 0 37.09 37.09\"><defs><style>      .cls-1 {        fill: #fff;      }    <\/style><\/defs><g id=\"Layer_1-2\" data-name=\"Layer 1-2\"><g id=\"Grupo_2\" data-name=\"Grupo 2\"><g id=\"Grupo_1\" data-name=\"Grupo 1\"><path id=\"Trazado_5\" data-name=\"Trazado 5\" class=\"cls-1\" d=\"M11.69,21.39c6.5-5.84,14.23-10.15,22.61-12.61C28.91,.07,17.48-2.61,8.78,2.78,3.32,6.16,0,12.13,0,18.54c0,.44,.02,.87,.05,1.3,2.18-1.41,4.47-2.65,6.84-3.71,0,0,3.29-.09,4.8,5.25\"><\/path><path id=\"Trazado_6\" data-name=\"Trazado 6\" class=\"cls-1\" d=\"M35.35,10.71c-.3,1-10.4,5.67-23.75,21.43,0,0-1.09-2.8-11.17-9.62,2.2,10,12.09,16.33,22.09,14.13,10-2.2,16.33-12.09,14.13-22.09-.29-1.33-.73-2.62-1.3-3.85\"><\/path><\/g><\/g><\/g><\/svg>\t\t\t\t\t\t<\/span>\n\t\t\t\t\t\t\t\t\t\t<span class=\"elementor-icon-list-text\"><b>Effiziente Steuerung aller Produktionsprozesse<\/b> und vermeiden Sie m\u00f6gliche Auswirkungen auf die Qualit\u00e4t unserer Produkte. Diese Ma\u00dfnahme verpflichtet nicht nur zum unmittelbaren Handlungsspielraum von Ryme Worldwide, sondern gilt auch f\u00fcr die Genehmigung von Qualit\u00e4ts- und Umweltanforderungen f\u00fcr unsere Lieferanten. <b>Das Umweltengagement finden Sie hier.<\/b><\/span>\n\t\t\t\t\t\t\t\t\t\t\t<\/a>\n\t\t\t\t\t\t\t\t\t<\/li>\n\t\t\t\t\t\t\t\t<li class=\"elementor-icon-list-item\">\n\t\t\t\t\t\t\t\t\t\t\t<span class=\"elementor-icon-list-icon\">\n\t\t\t\t\t\t\t<svg xmlns=\"http:\/\/www.w3.org\/2000\/svg\" id=\"Layer_2\" data-name=\"Layer 2\" viewbox=\"0 0 37.09 37.09\"><defs><style>      .cls-1 {        fill: #fff;      }    <\/style><\/defs><g id=\"Layer_1-2\" data-name=\"Layer 1-2\"><g id=\"Grupo_2\" data-name=\"Grupo 2\"><g id=\"Grupo_1\" data-name=\"Grupo 1\"><path id=\"Trazado_5\" data-name=\"Trazado 5\" class=\"cls-1\" d=\"M11.69,21.39c6.5-5.84,14.23-10.15,22.61-12.61C28.91,.07,17.48-2.61,8.78,2.78,3.32,6.16,0,12.13,0,18.54c0,.44,.02,.87,.05,1.3,2.18-1.41,4.47-2.65,6.84-3.71,0,0,3.29-.09,4.8,5.25\"><\/path><path id=\"Trazado_6\" data-name=\"Trazado 6\" class=\"cls-1\" d=\"M35.35,10.71c-.3,1-10.4,5.67-23.75,21.43,0,0-1.09-2.8-11.17-9.62,2.2,10,12.09,16.33,22.09,14.13,10-2.2,16.33-12.09,14.13-22.09-.29-1.33-.73-2.62-1.3-3.85\"><\/path><\/g><\/g><\/g><\/svg>\t\t\t\t\t\t<\/span>\n\t\t\t\t\t\t\t\t\t\t<span class=\"elementor-icon-list-text\">Schutz der Umwelt durch Ma\u00dfnahmen zur Vermeidung von Umweltverschmutzung und zum Schutz der Umwelt. <b>Verantwortungsvolle\/nachhaltige Nutzung von Ressourcen<\/b>.<\/span>\n\t\t\t\t\t\t\t\t\t<\/li>\n\t\t\t\t\t\t<\/ul>\n\t\t\t\t\t\t<\/div>\n\t\t\t\t<\/div>\n\t\t\t\t<\/div>\n\t\t<div class=\"elementor-element elementor-element-e2b35a0 e-con-full e-flex e-con e-child\" data-id=\"e2b35a0\" data-element_type=\"container\">\n\t\t\t\t<div class=\"elementor-element elementor-element-31deef9 elementor-position-left elementor-view-default elementor-mobile-position-top elementor-widget elementor-widget-icon-box\" data-id=\"31deef9\" data-element_type=\"widget\" data-widget_type=\"icon-box.default\">\n\t\t\t\t<div class=\"elementor-widget-container\">\n\t\t\t\t\t\t\t<div class=\"elementor-icon-box-wrapper\">\n\n\t\t\t\t\t\t<div class=\"elementor-icon-box-icon\">\n\t\t\t\t<a href=\"https:\/\/ryme-worldwide.co.uk\/\/politica-de-calidad-medio-ambiente\/\" target=\"_blank\" class=\"elementor-icon\" tabindex=\"-1\">\n\t\t\t\t<i aria-hidden=\"true\" class=\"fas fa-asterisk\"><\/i>\t\t\t\t<\/a>\n\t\t\t<\/div>\n\t\t\t\n\t\t\t\t\t\t<div class=\"elementor-icon-box-content\">\n\n\t\t\t\t\n\t\t\t\t\t\t\t\t\t<p class=\"elementor-icon-box-description\">\n\t\t\t\t\t\tDie Definition von Nachhaltigkeit ist ein Konzept, das sich st\u00e4ndig weiterentwickelt und mit dem wir wachsen wollen. Aus diesem Grund ist die \u00dcberpr\u00fcfung der Ziele, die uns ausmachen. <b>Qualit\u00e4ts- und Umweltpolitik <\/b> sowie die Festlegung neuer Ziele und Richtlinien werden vom Management routinem\u00e4\u00dfig nach strengen Standards durchgef\u00fchrt, um anhaltenden Erfolg und Fortschritt sicherzustellen. \t\t\t\t\t<\/p>\n\t\t\t\t\n\t\t\t<\/div>\n\t\t\t\n\t\t<\/div>\n\t\t\t\t\t\t<\/div>\n\t\t\t\t<\/div>\n\t\t\t\t<div class=\"elementor-element elementor-element-4189021 elementor-widget elementor-widget-button\" data-id=\"4189021\" data-element_type=\"widget\" data-widget_type=\"button.default\">\n\t\t\t\t<div class=\"elementor-widget-container\">\n\t\t\t\t\t\t\t\t\t<div class=\"elementor-button-wrapper\">\n\t\t\t\t\t<a class=\"elementor-button elementor-button-link elementor-size-sm\" href=\"https:\/\/ryme-worldwide.co.uk\/de\/datenschutzrichtlinie-2\/\" target=\"_blank\">\n\t\t\t\t\t\t<span class=\"elementor-button-content-wrapper\">\n\t\t\t\t\t\t\t\t\t<span class=\"elementor-button-text\">Gehen Sie zur Qualit\u00e4ts- und Umweltrichtlinie.<\/span>\n\t\t\t\t\t<\/span>\n\t\t\t\t\t<\/a>\n\t\t\t\t<\/div>\n\t\t\t\t\t\t\t\t<\/div>\n\t\t\t\t<\/div>\n\t\t\t\t<\/div>\n\t\t\t\t\t<\/div>\n\t\t\t\t<\/div>\n\t\t\t\t<\/div>","protected":false},"excerpt":{"rendered":"<p>Sie sagen, dass alles, was sich lohnt, geteilt werden muss. Wir glauben es auch. Deshalb geben wir uns nicht damit zufrieden, die Verantwortung f\u00fcr die Umwelt zu unserem Grundwert zu machen: Wir m\u00f6chten, dass sie auch Ihr Wert ist. Deshalb beraten wir unsere Partner und gehen auf ihre Bed\u00fcrfnisse ein, wobei wir stets unsere gemeinsamen Ziele respektieren und auf ihre Anliegen eingehen [\u2026]<\/p>","protected":false},"author":1,"featured_media":0,"parent":0,"menu_order":0,"comment_status":"closed","ping_status":"closed","template":"","meta":{"footnotes":""},"class_list":["post-16709","page","type-page","status-publish","hentry"],"acf":[],"_links":{"self":[{"href":"https:\/\/ryme-worldwide.co.uk\/de\/wp-json\/wp\/v2\/pages\/16709","targetHints":{"allow":["GET"]}}],"collection":[{"href":"https:\/\/ryme-worldwide.co.uk\/de\/wp-json\/wp\/v2\/pages"}],"about":[{"href":"https:\/\/ryme-worldwide.co.uk\/de\/wp-json\/wp\/v2\/types\/page"}],"author":[{"embeddable":true,"href":"https:\/\/ryme-worldwide.co.uk\/de\/wp-json\/wp\/v2\/users\/1"}],"replies":[{"embeddable":true,"href":"https:\/\/ryme-worldwide.co.uk\/de\/wp-json\/wp\/v2\/comments?post=16709"}],"version-history":[{"count":6,"href":"https:\/\/ryme-worldwide.co.uk\/de\/wp-json\/wp\/v2\/pages\/16709\/revisions"}],"predecessor-version":[{"id":16716,"href":"https:\/\/ryme-worldwide.co.uk\/de\/wp-json\/wp\/v2\/pages\/16709\/revisions\/16716"}],"wp:attachment":[{"href":"https:\/\/ryme-worldwide.co.uk\/de\/wp-json\/wp\/v2\/media?parent=16709"}],"curies":[{"name":"wp","href":"https:\/\/api.w.org\/{rel}","templated":true}]}}