{"id":16700,"date":"2026-02-03T08:57:21","date_gmt":"2026-02-03T07:57:21","guid":{"rendered":"https:\/\/ryme.difadi.net\/?page_id=16700"},"modified":"2026-02-03T09:02:30","modified_gmt":"2026-02-03T08:02:30","slug":"philosophy-values","status":"publish","type":"page","link":"https:\/\/ryme-worldwide.co.uk\/de\/philosophy-values\/","title":{"rendered":"Philosophie und Werte"},"content":{"rendered":"<div data-elementor-type=\"wp-page\" data-elementor-id=\"16700\" class=\"elementor elementor-16700\" data-elementor-post-type=\"page\">\n\t\t\t\t<div class=\"elementor-element elementor-element-8625c41 e-flex e-con-boxed e-con e-parent\" data-id=\"8625c41\" data-element_type=\"container\">\n\t\t\t\t\t<div class=\"e-con-inner\">\n\t\t\t\t<div class=\"elementor-element elementor-element-50d4ab8 elementor-widget elementor-widget-shortcode\" data-id=\"50d4ab8\" data-element_type=\"widget\" data-widget_type=\"shortcode.default\">\n\t\t\t\t<div class=\"elementor-widget-container\">\n\t\t\t\t\t\t\t<div class=\"elementor-shortcode\"><nav aria-label=\"Semmelbr\u00f6sel\" class=\"rank-math-breadcrumb\"><p><span class=\"last\">Startseite<\/span><\/p><\/nav><\/div>\n\t\t\t\t\t\t<\/div>\n\t\t\t\t<\/div>\n\t\t\t\t<div class=\"elementor-element elementor-element-2ec1bfb elementor-widget elementor-widget-heading\" data-id=\"2ec1bfb\" data-element_type=\"widget\" data-widget_type=\"heading.default\">\n\t\t\t\t<div class=\"elementor-widget-container\">\n\t\t\t\t\t<h1 class=\"elementor-heading-title elementor-size-default\">Philosophie und Werte<\/h1>\t\t\t\t<\/div>\n\t\t\t\t<\/div>\n\t\t\t\t<div class=\"elementor-element elementor-element-6d07dd9 elementor-widget-divider--view-line elementor-widget elementor-widget-divider\" data-id=\"6d07dd9\" data-element_type=\"widget\" data-widget_type=\"divider.default\">\n\t\t\t\t<div class=\"elementor-widget-container\">\n\t\t\t\t\t\t\t<div class=\"elementor-divider\">\n\t\t\t<span class=\"elementor-divider-separator\">\n\t\t\t\t\t\t<\/span>\n\t\t<\/div>\n\t\t\t\t\t\t<\/div>\n\t\t\t\t<\/div>\n\t\t\t\t\t<\/div>\n\t\t\t\t<\/div>\n\t\t<div class=\"elementor-element elementor-element-c948ffc e-con-full e-flex e-con e-parent\" data-id=\"c948ffc\" data-element_type=\"container\" data-settings=\"{&quot;background_background&quot;:&quot;gradient&quot;}\">\n\t\t<div class=\"elementor-element elementor-element-7f9ef7a e-flex e-con-boxed elementor-invisible e-con e-child\" data-id=\"7f9ef7a\" data-element_type=\"container\" data-settings=\"{&quot;background_background&quot;:&quot;classic&quot;,&quot;animation&quot;:&quot;fadeIn&quot;}\">\n\t\t\t\t\t<div class=\"e-con-inner\">\n\t\t<div class=\"elementor-element elementor-element-362dcd0 e-con-full animated-slow e-flex elementor-invisible e-con e-child\" data-id=\"362dcd0\" data-element_type=\"container\" data-settings=\"{&quot;background_background&quot;:&quot;classic&quot;,&quot;animation&quot;:&quot;fadeInLeft&quot;,&quot;animation_delay&quot;:100}\">\n\t\t\t\t<div class=\"elementor-element elementor-element-1f51764 elementor-widget elementor-widget-heading\" data-id=\"1f51764\" data-element_type=\"widget\" data-widget_type=\"heading.default\">\n\t\t\t\t<div class=\"elementor-widget-container\">\n\t\t\t\t\t<h2 class=\"elementor-heading-title elementor-size-default translation-block\">Du bist <span>unser Warum<\/span>.<\/h2>\t\t\t\t<\/div>\n\t\t\t\t<\/div>\n\t\t\t\t<div class=\"elementor-element elementor-element-88c0ae4 elementor-widget elementor-widget-text-editor\" data-id=\"88c0ae4\" data-element_type=\"widget\" data-widget_type=\"text-editor.default\">\n\t\t\t\t<div class=\"elementor-widget-container\">\n\t\t\t\t\t\t\t\t\t<p class=\" translation-block\">Wir wissen, was die Welt im Bereich der Stra\u00dfenverkehrssicherheit braucht, und wir haben uns dieser Herausforderung gestellt. Deshalb ist unser Leitgedanke, einen ganzheitlichen Ansatz f\u00fcr das Wohlbefinden des Fahrers im Stra\u00dfenverkehr zu entwickeln, zu verwirklichen und zu verbessern. <\/b>Und das ist noch nicht alles: Im Laufe unserer Geschichte haben wir langj\u00e4hrige Beziehungen zu Kunden in aller Welt aufgebaut. F\u00fcr uns ist Ihre Zufriedenheit unser oberstes Ziel.<\/p>\t\t\t\t\t\t\t\t<\/div>\n\t\t\t\t<\/div>\n\t\t\t\t<\/div>\n\t\t\t\t\t<\/div>\n\t\t\t\t<\/div>\n\t\t<div class=\"elementor-element elementor-element-5ec2e5f e-flex e-con-boxed elementor-invisible e-con e-child\" data-id=\"5ec2e5f\" data-element_type=\"container\" data-settings=\"{&quot;animation&quot;:&quot;fadeIn&quot;,&quot;animation_delay&quot;:200}\">\n\t\t\t\t\t<div class=\"e-con-inner\">\n\t\t<div class=\"elementor-element elementor-element-fc36a22 e-con-full animated-slow e-flex elementor-invisible e-con e-child\" data-id=\"fc36a22\" data-element_type=\"container\" data-settings=\"{&quot;background_background&quot;:&quot;classic&quot;,&quot;animation&quot;:&quot;fadeInRight&quot;,&quot;animation_delay&quot;:100}\">\n\t\t\t\t<div class=\"elementor-element elementor-element-9eec440 elementor-widget elementor-widget-heading\" data-id=\"9eec440\" data-element_type=\"widget\" data-widget_type=\"heading.default\">\n\t\t\t\t<div class=\"elementor-widget-container\">\n\t\t\t\t\t<h2 class=\"elementor-heading-title elementor-size-default\">L\u00f6sungen <span>flexibel und umfassend<\/span><\/h2>\t\t\t\t<\/div>\n\t\t\t\t<\/div>\n\t\t\t\t<div class=\"elementor-element elementor-element-7cab21d elementor-widget elementor-widget-text-editor\" data-id=\"7cab21d\" data-element_type=\"widget\" data-widget_type=\"text-editor.default\">\n\t\t\t\t<div class=\"elementor-widget-container\">\n\t\t\t\t\t\t\t\t\t<p>Unsere langj\u00e4hrige Erfahrung hat uns gelehrt, dass es im Bereich der Fahrzeugkontrolle kein Einheitsmodell gibt. Deshalb ist es unsere Priorit\u00e4t, schl\u00fcsselfertige L\u00f6sungen anzubieten, die an die besonderen Bed\u00fcrfnisse jedes Kunden angepasst sind. Unser Kapital der <b>Kenntnisse in allen Bereichen der Produktentwicklung und Dienstleistungserbringung<\/b> bedeutet eine hohe Reaktionsf\u00e4higkeit: Wir setzen Ihre Visionen mit viel Liebe zum Detail um.<\/p>\t\t\t\t\t\t\t\t<\/div>\n\t\t\t\t<\/div>\n\t\t\t\t<\/div>\n\t\t<div class=\"elementor-element elementor-element-103d0b6 e-con-full animated-slow e-flex elementor-invisible e-con e-child\" data-id=\"103d0b6\" data-element_type=\"container\" data-settings=\"{&quot;background_background&quot;:&quot;classic&quot;,&quot;animation&quot;:&quot;fadeInLeft&quot;,&quot;animation_delay&quot;:100}\">\n\t\t<div class=\"elementor-element elementor-element-d92ad07 e-flex e-con-boxed e-con e-child\" data-id=\"d92ad07\" data-element_type=\"container\">\n\t\t\t\t\t<div class=\"e-con-inner\">\n\t\t\t\t<div class=\"elementor-element elementor-element-a3c0ffe elementor-widget elementor-widget-heading\" data-id=\"a3c0ffe\" data-element_type=\"widget\" data-widget_type=\"heading.default\">\n\t\t\t\t<div class=\"elementor-widget-container\">\n\t\t\t\t\t<h2 class=\"elementor-heading-title elementor-size-default\">Selbstverpflichtung <span>Umwelt<\/span><\/h2>\t\t\t\t<\/div>\n\t\t\t\t<\/div>\n\t\t\t\t<div class=\"elementor-element elementor-element-2e78673 elementor-widget elementor-widget-image\" data-id=\"2e78673\" data-element_type=\"widget\" data-widget_type=\"image.default\">\n\t\t\t\t<div class=\"elementor-widget-container\">\n\t\t\t\t\t\t\t\t\t\t\t\t\t\t\t<img decoding=\"async\" width=\"120\" height=\"120\" src=\"https:\/\/ryme-worldwide.co.uk\/wp-content\/uploads\/2023\/02\/seedling_1f331.png\" class=\"attachment-large size-large wp-image-2469\" alt=\"\" title=\"\">\t\t\t\t\t\t\t\t\t\t\t\t\t\t\t<\/div>\n\t\t\t\t<\/div>\n\t\t\t\t\t<\/div>\n\t\t\t\t<\/div>\n\t\t\t\t<div class=\"elementor-element elementor-element-c91caa9 elementor-widget elementor-widget-text-editor\" data-id=\"c91caa9\" data-element_type=\"widget\" data-widget_type=\"text-editor.default\">\n\t\t\t\t<div class=\"elementor-widget-container\">\n\t\t\t\t\t\t\t\t\t<p>Die <b>Nachhaltigkeit ist Teil unserer DNA<\/b>: Von unseren internen Prozessen bis hin zur Produktpalette, die wir anbieten, m\u00f6chten wir, dass jeder Schritt, den wir unternehmen, unser Engagement widerspiegelt, die Umwelt sauber und sicher zu halten, damit jeder sie genie\u00dfen kann. <span style=\"color: #268cc0;\"><a style=\"color: #268cc0;\" href=\"https:\/\/ryme-worldwide.co.uk\/\/politica-de-calidad-medio-ambiente\/\">Klicken Sie hier.<\/a><\/span> Weitere Informationen zu unseren Umwelt- und Qualit\u00e4tsrichtlinien finden Sie hier.<\/p>\t\t\t\t\t\t\t\t<\/div>\n\t\t\t\t<\/div>\n\t\t\t\t<\/div>\n\t\t\t\t\t<\/div>\n\t\t\t\t<\/div>\n\t\t<div class=\"elementor-element elementor-element-363fe94 e-flex e-con-boxed elementor-invisible e-con e-child\" data-id=\"363fe94\" data-element_type=\"container\" data-settings=\"{&quot;background_background&quot;:&quot;classic&quot;,&quot;animation&quot;:&quot;fadeIn&quot;}\">\n\t\t\t\t\t<div class=\"e-con-inner\">\n\t\t<div class=\"elementor-element elementor-element-9ac57b3 e-con-full e-flex e-con e-child\" data-id=\"9ac57b3\" data-element_type=\"container\">\n\t\t\t\t<\/div>\n\t\t<div class=\"elementor-element elementor-element-539805c e-con-full animated-slow e-flex elementor-invisible e-con e-child\" data-id=\"539805c\" data-element_type=\"container\" data-settings=\"{&quot;background_background&quot;:&quot;classic&quot;,&quot;animation&quot;:&quot;fadeInRight&quot;,&quot;animation_delay&quot;:100}\">\n\t\t\t\t<div class=\"elementor-element elementor-element-f23eb35 elementor-widget elementor-widget-heading\" data-id=\"f23eb35\" data-element_type=\"widget\" data-widget_type=\"heading.default\">\n\t\t\t\t<div class=\"elementor-widget-container\">\n\t\t\t\t\t<h2 class=\"elementor-heading-title elementor-size-default\"><span>Exzellenz<\/span> Technologie<\/h2>\t\t\t\t<\/div>\n\t\t\t\t<\/div>\n\t\t\t\t<div class=\"elementor-element elementor-element-1c0a490 elementor-widget elementor-widget-text-editor\" data-id=\"1c0a490\" data-element_type=\"widget\" data-widget_type=\"text-editor.default\">\n\t\t\t\t<div class=\"elementor-widget-container\">\n\t\t\t\t\t\t\t\t\t<p>Als f\u00fchrendes Unternehmen des Sektors setzen wir uns f\u00fcr die Einhaltung unserer Qualit\u00e4ts- und Zuverl\u00e4ssigkeitsstandards ein und f\u00f6rdern die kontinuierliche Verbesserung. <b>Durch Investitionen in FuE <\/b>und die Entwicklung von L\u00f6sungen gegen Betrug und Korruption bei Inspek-tionstestergebnissen.<\/p>\t\t\t\t\t\t\t\t<\/div>\n\t\t\t\t<\/div>\n\t\t\t\t<\/div>\n\t\t\t\t\t<\/div>\n\t\t\t\t<\/div>\n\t\t\t\t<\/div>\n\t\t<div class=\"elementor-element elementor-element-1004ac2 animated-slow e-flex e-con-boxed elementor-invisible e-con e-parent\" data-id=\"1004ac2\" data-element_type=\"container\" data-settings=\"{&quot;background_background&quot;:&quot;classic&quot;,&quot;animation&quot;:&quot;fadeIn&quot;}\">\n\t\t\t\t\t<div class=\"e-con-inner\">\n\t\t\t\t<div class=\"elementor-element elementor-element-1596ce8 elementor-invisible elementor-widget elementor-widget-heading\" data-id=\"1596ce8\" data-element_type=\"widget\" data-settings=\"{&quot;_animation&quot;:&quot;fadeInUp&quot;,&quot;_animation_delay&quot;:100}\" data-widget_type=\"heading.default\">\n\t\t\t\t<div class=\"elementor-widget-container\">\n\t\t\t\t\t<h2 class=\"elementor-heading-title elementor-size-default\">Wir investieren in die Mitglieder von <span>unser Team<\/span><\/h2>\t\t\t\t<\/div>\n\t\t\t\t<\/div>\n\t\t\t\t<div class=\"elementor-element elementor-element-1e2d482 elementor-invisible elementor-widget elementor-widget-text-editor\" data-id=\"1e2d482\" data-element_type=\"widget\" data-settings=\"{&quot;_animation&quot;:&quot;fadeInUp&quot;,&quot;_animation_delay&quot;:150}\" data-widget_type=\"text-editor.default\">\n\t\t\t\t<div class=\"elementor-widget-container\">\n\t\t\t\t\t\t\t\t\t<p>Wir nehmen unsere Aufgabe nicht auf die leichte Schulter. Deshalb halten wir es f\u00fcr wichtig, eine Kultur der Talentf\u00f6rderung zu entwickeln und ein starkes Zugeh\u00f6rigkeitsgef\u00fchl unter unseren Teammitgliedern zu schaffen. Wir sind stolz darauf, das Wachstum unserer Mitarbeiter aktiv zu f\u00f6rdern, damit sie ihre individuellen Ambitionen verwirklichen und sich unter unserer Anleitung und Unterst\u00fctzung beruflich weiterentwickeln k\u00f6nnen.<\/p>\t\t\t\t\t\t\t\t<\/div>\n\t\t\t\t<\/div>\n\t\t<div class=\"elementor-element elementor-element-96a19f5 e-flex e-con-boxed elementor-invisible e-con e-child\" data-id=\"96a19f5\" data-element_type=\"container\" data-settings=\"{&quot;animation&quot;:&quot;fadeIn&quot;,&quot;animation_delay&quot;:200}\">\n\t\t\t\t\t<div class=\"e-con-inner\">\n\t\t\t\t<div class=\"elementor-element elementor-element-aac99ab elementor-widget elementor-widget-heading\" data-id=\"aac99ab\" data-element_type=\"widget\" data-widget_type=\"heading.default\">\n\t\t\t\t<div class=\"elementor-widget-container\">\n\t\t\t\t\t<h3 class=\"elementor-heading-title elementor-size-default\">M\u00f6chten Sie mit uns zusammenarbeiten?<\/h3>\t\t\t\t<\/div>\n\t\t\t\t<\/div>\n\t\t\t\t<div class=\"elementor-element elementor-element-926ea2f d-form elementor-button-align-stretch elementor-widget elementor-widget-form\" data-id=\"926ea2f\" data-element_type=\"widget\" data-settings=\"{&quot;button_width&quot;:&quot;50&quot;,&quot;step_next_label&quot;:&quot;Siguiente&quot;,&quot;step_previous_label&quot;:&quot;Anterior&quot;,&quot;step_type&quot;:&quot;number_text&quot;,&quot;step_icon_shape&quot;:&quot;circle&quot;}\" data-widget_type=\"form.default\">\n\t\t\t\t<div class=\"elementor-widget-container\">\n\t\t\t\t\t\t\t<form class=\"elementor-form\" method=\"post\" name=\"Solicita informaci\u00f3n\" aria-label=\"Anforderung von Informationen\" action=\"\">\n\t\t\t<input type=\"hidden\" name=\"post_id\" value=\"16700\"\/>\n\t\t\t<input type=\"hidden\" name=\"form_id\" value=\"926ea2f\"\/>\n\t\t\t<input type=\"hidden\" name=\"referer_title\" value=\"Filosof\u00eda y valores | Ryme Worldwide\" \/>\n\n\t\t\t\t\t\t\t<input type=\"hidden\" name=\"queried_id\" value=\"16700\"\/>\n\t\t\t\n\t\t\t<div class=\"elementor-form-fields-wrapper elementor-labels-above\">\n\t\t\t\t\t\t\t\t<div class=\"elementor-field-type-text elementor-field-group elementor-column elementor-field-group-name elementor-col-50 elementor-field-required\">\n\t\t\t\t\t\t\t\t\t\t\t\t<label for=\"form-field-name\" class=\"elementor-field-label\">\n\t\t\t\t\t\t\t\tName\t\t\t\t\t\t\t<\/label>\n\t\t\t\t\t\t\t\t\t\t\t\t\t\t<input size=\"1\" type=\"text\" name=\"form_fields[name]\" id=\"form-field-name\" class=\"elementor-field elementor-size-sm  elementor-field-textual\" required=\"required\">\n\t\t\t\t\t\t\t\t\t\t\t<\/div>\n\t\t\t\t\t\t\t\t<div class=\"elementor-field-type-text elementor-field-group elementor-column elementor-field-group-field_7c0215d elementor-col-50 elementor-field-required\">\n\t\t\t\t\t\t\t\t\t\t\t\t<label for=\"form-field-field_7c0215d\" class=\"elementor-field-label\">\n\t\t\t\t\t\t\t\tNachname\t\t\t\t\t\t\t<\/label>\n\t\t\t\t\t\t\t\t\t\t\t\t\t\t<input size=\"1\" type=\"text\" name=\"form_fields[field_7c0215d]\" id=\"form-field-field_7c0215d\" class=\"elementor-field elementor-size-sm  elementor-field-textual\" required=\"required\">\n\t\t\t\t\t\t\t\t\t\t\t<\/div>\n\t\t\t\t\t\t\t\t<div class=\"elementor-field-type-email elementor-field-group elementor-column elementor-field-group-email elementor-col-50 elementor-field-required\">\n\t\t\t\t\t\t\t\t\t\t\t\t<label for=\"form-field-email\" class=\"elementor-field-label\">\n\t\t\t\t\t\t\t\tE-Mail-Adresse\t\t\t\t\t\t\t<\/label>\n\t\t\t\t\t\t\t\t\t\t\t\t\t\t<input size=\"1\" type=\"email\" name=\"form_fields[email]\" id=\"form-field-email\" class=\"elementor-field elementor-size-sm  elementor-field-textual\" required=\"required\">\n\t\t\t\t\t\t\t\t\t\t\t<\/div>\n\t\t\t\t\t\t\t\t<div class=\"elementor-field-type-text elementor-field-group elementor-column elementor-field-group-field_601330f elementor-col-50 elementor-field-required\">\n\t\t\t\t\t\t\t\t\t\t\t\t<label for=\"form-field-field_601330f\" class=\"elementor-field-label\">\n\t\t\t\t\t\t\t\tTelefon\t\t\t\t\t\t\t<\/label>\n\t\t\t\t\t\t\t\t\t\t\t\t\t\t<input size=\"1\" type=\"text\" name=\"form_fields[field_601330f]\" id=\"form-field-field_601330f\" class=\"elementor-field elementor-size-sm  elementor-field-textual\" required=\"required\">\n\t\t\t\t\t\t\t\t\t\t\t<\/div>\n\t\t\t\t\t\t\t\t<div class=\"elementor-field-type-upload elementor-field-group elementor-column elementor-field-group-field_11d7dee elementor-col-100\">\n\t\t\t\t\t\t\t\t\t\t\t\t<label for=\"form-field-field_11d7dee\" class=\"elementor-field-label\">\n\t\t\t\t\t\t\t\tF\u00fcgen Sie Ihren Lebenslauf bei\t\t\t\t\t\t\t<\/label>\n\t\t\t\t\t\t\t\t<input type=\"file\" name=\"form_fields[field_11d7dee][]\" id=\"form-field-field_11d7dee\" class=\"elementor-field elementor-size-sm  elementor-upload-field\" multiple=\"multiple\">\n\n\t\t\t\t\t\t<\/div>\n\t\t\t\t\t\t\t\t<div class=\"elementor-field-type-textarea elementor-field-group elementor-column elementor-field-group-message elementor-col-100\">\n\t\t\t\t\t\t\t\t\t\t\t\t<label for=\"form-field-message\" class=\"elementor-field-label\">\n\t\t\t\t\t\t\t\tWarum wollen Sie mit uns zusammenarbeiten?\t\t\t\t\t\t\t<\/label>\n\t\t\t\t\t\t<textarea class=\"elementor-field-textual elementor-field  elementor-size-sm\" name=\"form_fields[message]\" id=\"form-field-message\" rows=\"4\"><\/textarea>\t\t\t\t<\/div>\n\t\t\t\t\t\t\t\t<div class=\"elementor-field-type-recaptcha_v3 elementor-field-group elementor-column elementor-field-group-field_52e41fd elementor-col-100 recaptcha_v3-bottomright\">\n\t\t\t\t\t<div class=\"elementor-field\" id=\"form-field-field_52e41fd\"><div class=\"elementor-g-recaptcha\" data-sitekey=\"6LfyORcjAAAAADpdA4jxqkslxChfpH8BwUmZB9Fz\" data-type=\"v3\" data-action=\"Form\" data-badge=\"bottomright\" data-size=\"invisible\"><\/div><\/div>\t\t\t\t<\/div>\n\t\t\t\t\t\t\t\t<div class=\"elementor-field-type-acceptance elementor-field-group elementor-column elementor-field-group-field_f13fc3e elementor-col-50 elementor-field-required\">\n\t\t\t\t\t\t\t<div class=\"elementor-field-subgroup\">\n\t\t\t<span class=\"elementor-field-option\">\n\t\t\t\t<input type=\"checkbox\" name=\"form_fields[field_f13fc3e]\" id=\"form-field-field_f13fc3e\" class=\"elementor-field elementor-size-sm  elementor-acceptance-field\" required=\"required\">\n\t\t\t\t<label for=\"form-field-field_f13fc3e\">Ich habe die Datenschutzbestimmungen <a href=\"\/politica-de-privacidad\/\" target=\"_blank\">gelesen und akzeptiert<\/a><\/label>\t\t\t<\/span>\n\t\t<\/div>\n\t\t\t\t\t\t<\/div>\n\t\t\t\t\t\t\t\t<div class=\"elementor-field-group elementor-column elementor-field-type-submit elementor-col-50 e-form__buttons\">\n\t\t\t\t\t<button class=\"elementor-button elementor-size-md\" type=\"submit\">\n\t\t\t\t\t\t<span class=\"elementor-button-content-wrapper\">\n\t\t\t\t\t\t\t\t\t\t\t\t\t\t\t\t\t\t\t\t\t\t<span class=\"elementor-button-text\">Senden<\/span>\n\t\t\t\t\t\t\t\t\t\t\t\t\t<\/span>\n\t\t\t\t\t<\/button>\n\t\t\t\t<\/div>\n\t\t\t<\/div>\n\t\t<input type=\"hidden\" name=\"trp-form-language\" value=\"de\"\/><\/form>\n\t\t\t\t\t\t<\/div>\n\t\t\t\t<\/div>\n\t\t\t\t\t<\/div>\n\t\t\t\t<\/div>\n\t\t\t\t\t<\/div>\n\t\t\t\t<\/div>\n\t\t\t\t<\/div>","protected":false},"excerpt":{"rendered":"<p>Sie sind unser Grund. Wir wissen, was die Welt in Sachen Verkehrssicherheit braucht, und wir haben die Herausforderung angenommen. Aus diesem Grund ist die Pr\u00e4misse, die uns leitet, die Entwicklung, Umsetzung und Perfektionierung eines ganzheitlichen Ansatzes f\u00fcr das Wohlbefinden der Fahrer im Stra\u00dfenverkehr. Und nicht nur das: Im Laufe unserer Geschichte haben wir [\u2026]<\/p>","protected":false},"author":1,"featured_media":0,"parent":0,"menu_order":0,"comment_status":"closed","ping_status":"closed","template":"","meta":{"footnotes":""},"class_list":["post-16700","page","type-page","status-publish","hentry"],"acf":[],"_links":{"self":[{"href":"https:\/\/ryme-worldwide.co.uk\/de\/wp-json\/wp\/v2\/pages\/16700","targetHints":{"allow":["GET"]}}],"collection":[{"href":"https:\/\/ryme-worldwide.co.uk\/de\/wp-json\/wp\/v2\/pages"}],"about":[{"href":"https:\/\/ryme-worldwide.co.uk\/de\/wp-json\/wp\/v2\/types\/page"}],"author":[{"embeddable":true,"href":"https:\/\/ryme-worldwide.co.uk\/de\/wp-json\/wp\/v2\/users\/1"}],"replies":[{"embeddable":true,"href":"https:\/\/ryme-worldwide.co.uk\/de\/wp-json\/wp\/v2\/comments?post=16700"}],"version-history":[{"count":7,"href":"https:\/\/ryme-worldwide.co.uk\/de\/wp-json\/wp\/v2\/pages\/16700\/revisions"}],"predecessor-version":[{"id":16708,"href":"https:\/\/ryme-worldwide.co.uk\/de\/wp-json\/wp\/v2\/pages\/16700\/revisions\/16708"}],"wp:attachment":[{"href":"https:\/\/ryme-worldwide.co.uk\/de\/wp-json\/wp\/v2\/media?parent=16700"}],"curies":[{"name":"wp","href":"https:\/\/api.w.org\/{rel}","templated":true}]}}