{"id":16694,"date":"2026-02-03T08:54:46","date_gmt":"2026-02-03T07:54:46","guid":{"rendered":"https:\/\/ryme.difadi.net\/?page_id=16694"},"modified":"2026-02-03T09:14:43","modified_gmt":"2026-02-03T08:14:43","slug":"der-weltweite-unterschied","status":"publish","type":"page","link":"https:\/\/ryme-worldwide.co.uk\/de\/der-weltweite-unterschied\/","title":{"rendered":"The Worldwide Difference"},"content":{"rendered":"<div data-elementor-type=\"wp-page\" data-elementor-id=\"16694\" class=\"elementor elementor-16694\" data-elementor-post-type=\"page\">\n\t\t\t\t<div class=\"elementor-element elementor-element-1c65d6c e-flex e-con-boxed e-con e-parent\" data-id=\"1c65d6c\" data-element_type=\"container\">\n\t\t\t\t\t<div class=\"e-con-inner\">\n\t\t\t\t<div class=\"elementor-element elementor-element-0397aa6 elementor-widget elementor-widget-shortcode\" data-id=\"0397aa6\" data-element_type=\"widget\" data-widget_type=\"shortcode.default\">\n\t\t\t\t<div class=\"elementor-widget-container\">\n\t\t\t\t\t\t\t<div class=\"elementor-shortcode\"><nav aria-label=\"Semmelbr\u00f6sel\" class=\"rank-math-breadcrumb\"><p><span class=\"last\">Startseite<\/span><\/p><\/nav><\/div>\n\t\t\t\t\t\t<\/div>\n\t\t\t\t<\/div>\n\t\t\t\t<div class=\"elementor-element elementor-element-a46b3c7 elementor-widget elementor-widget-heading\" data-id=\"a46b3c7\" data-element_type=\"widget\" data-widget_type=\"heading.default\">\n\t\t\t\t<div class=\"elementor-widget-container\">\n\t\t\t\t\t<h1 class=\"elementor-heading-title elementor-size-default translation-block\"><a href=\"https:\/\/ryme-worldwide.co.uk\/\/de\/unternehmen\/the-worldwide-difference\/\" target=\"_self\">The<br>\nWorldwide<br>\nDifference<\/a><\/h1>\t\t\t\t<\/div>\n\t\t\t\t<\/div>\n\t\t\t\t<div class=\"elementor-element elementor-element-1ad3b6f elementor-widget-divider--view-line elementor-widget elementor-widget-divider\" data-id=\"1ad3b6f\" data-element_type=\"widget\" data-widget_type=\"divider.default\">\n\t\t\t\t<div class=\"elementor-widget-container\">\n\t\t\t\t\t\t\t<div class=\"elementor-divider\">\n\t\t\t<span class=\"elementor-divider-separator\">\n\t\t\t\t\t\t<\/span>\n\t\t<\/div>\n\t\t\t\t\t\t<\/div>\n\t\t\t\t<\/div>\n\t\t\t\t\t<\/div>\n\t\t\t\t<\/div>\n\t\t<div class=\"elementor-element elementor-element-e525569 e-flex e-con-boxed elementor-invisible e-con e-parent\" data-id=\"e525569\" data-element_type=\"container\" data-settings=\"{&quot;animation&quot;:&quot;fadeIn&quot;}\">\n\t\t\t\t\t<div class=\"e-con-inner\">\n\t\t<div class=\"elementor-element elementor-element-efb7ce6 e-flex e-con-boxed e-con e-child\" data-id=\"efb7ce6\" data-element_type=\"container\">\n\t\t\t\t\t<div class=\"e-con-inner\">\n\t\t\t\t<div class=\"elementor-element elementor-element-3a460fe elementor-widget elementor-widget-image\" data-id=\"3a460fe\" data-element_type=\"widget\" data-widget_type=\"image.default\">\n\t\t\t\t<div class=\"elementor-widget-container\">\n\t\t\t\t\t\t\t\t\t\t\t\t\t\t\t<img fetchpriority=\"high\" decoding=\"async\" width=\"800\" height=\"641\" src=\"https:\/\/ryme-worldwide.co.uk\/wp-content\/uploads\/2023\/05\/RYME-WOLRWIDE-dia-1-5-e1683270735615-1024x821.jpg\" class=\"attachment-large size-large wp-image-7856\" alt=\"Banner-Ryme-Worldwide\" srcset=\"https:\/\/ryme-worldwide.co.uk\/wp-content\/uploads\/2023\/05\/RYME-WOLRWIDE-dia-1-5-e1683270735615-1024x821.jpg 1024w, https:\/\/ryme-worldwide.co.uk\/wp-content\/uploads\/2023\/05\/RYME-WOLRWIDE-dia-1-5-e1683270735615-300x240.jpg 300w, https:\/\/ryme-worldwide.co.uk\/wp-content\/uploads\/2023\/05\/RYME-WOLRWIDE-dia-1-5-e1683270735615-768x615.jpg 768w, https:\/\/ryme-worldwide.co.uk\/wp-content\/uploads\/2023\/05\/RYME-WOLRWIDE-dia-1-5-e1683270735615-1536x1231.jpg 1536w, https:\/\/ryme-worldwide.co.uk\/wp-content\/uploads\/2023\/05\/RYME-WOLRWIDE-dia-1-5-e1683270735615-15x12.jpg 15w, https:\/\/ryme-worldwide.co.uk\/wp-content\/uploads\/2023\/05\/RYME-WOLRWIDE-dia-1-5-e1683270735615-24x19.jpg 24w, https:\/\/ryme-worldwide.co.uk\/wp-content\/uploads\/2023\/05\/RYME-WOLRWIDE-dia-1-5-e1683270735615-36x29.jpg 36w, https:\/\/ryme-worldwide.co.uk\/wp-content\/uploads\/2023\/05\/RYME-WOLRWIDE-dia-1-5-e1683270735615-48x38.jpg 48w, https:\/\/ryme-worldwide.co.uk\/wp-content\/uploads\/2023\/05\/RYME-WOLRWIDE-dia-1-5-e1683270735615.jpg 1706w\" sizes=\"(max-width: 800px) 100vw, 800px\" title=\"\">\t\t\t\t\t\t\t\t\t\t\t\t\t\t\t<\/div>\n\t\t\t\t<\/div>\n\t\t\t\t\t<\/div>\n\t\t\t\t<\/div>\n\t\t<div class=\"elementor-element elementor-element-acde894 e-flex e-con-boxed e-con e-child\" data-id=\"acde894\" data-element_type=\"container\">\n\t\t\t\t\t<div class=\"e-con-inner\">\n\t\t\t\t<div class=\"elementor-element elementor-element-e419d6c elementor-widget elementor-widget-text-editor\" data-id=\"e419d6c\" data-element_type=\"widget\" data-widget_type=\"text-editor.default\">\n\t\t\t\t<div class=\"elementor-widget-container\">\n\t\t\t\t\t\t\t\t\t<div class=\"title-with-icon\"><p>Ryme wurde 1982 im spanischen Burgos gegr\u00fcndet. \nDas Unternehmen entwickelt und produziert Pr\u00fcfger\u00e4te f\u00fcr die periodische technische Fahrzeug\u00fcberwachung (Hauptuntersuchung). Ein professioneller mehrsprachiger Werkskundendienst und eine Hotline stehen den Kunden zur Verf\u00fcgung. <b>Ryme's Hauptsitz<\/b>, von 15.000 m\u00b2, <b>befindet sich in Burgos, Spanien<\/b>. Ziel des Unternehmens ist die Entwicklung neuer Produkte und die kontinuierliche Verbesserung der derzeit auf dem Markt befindlichen Produkte f\u00fcr die Fahrzeug\u00fcberpr\u00fcfung.<\/p><\/div><div class=\"wpb_text_column wpb_content_element\"><div class=\"wpb_wrapper\"><p>Seit 1984, <a href=\"https:\/\/wep-inc.com\" target=\"_blank\" rel=\"noopener\">Worldwide Environmental<\/a>, ist ein wachstumsstarkes Technologieunternehmen, das verschiedene Arten von Fahrzeugpr\u00fcfprogrammen entwickelt, implementiert, betreibt und wartet,  von seinem Hauptsitz in <b>Kalifornien<\/b>. Von der Entwicklung und Wartung von Inspektionsger\u00e4ten \u00fcber Softwareentwicklung, Datenbankmanagement, Qualit\u00e4tskontrolle und Qualit\u00e4tssicherung bis hin zur Personalschulung bietet Worldwide schl\u00fcsselfertige L\u00f6sungen f\u00fcr die erfolgreiche Verwaltung von Fahrzeuginspektionsprogrammen.<\/p><p><b>Zusammen bilden sie eine perfekte Synergie, durch die wir als Gruppe in der Lage sind, eine komplette L\u00f6sung f\u00fcr die Fahrzeugkontrolle anzubieten.<\/b>.Das in Spanien ans\u00e4ssige Unternehmen bietet Produkte f\u00fcr die technische Inspektion an, die durch Softwarel\u00f6sungen f\u00fcr die Gasanalyse und -verwaltung erg\u00e4nzt werden.<\/p><\/div><\/div>\t\t\t\t\t\t\t\t<\/div>\n\t\t\t\t<\/div>\n\t\t\t\t\t<\/div>\n\t\t\t\t<\/div>\n\t\t\t\t\t<\/div>\n\t\t\t\t<\/div>\n\t\t<div class=\"elementor-element elementor-element-9ad6712 e-flex e-con-boxed e-con e-parent\" data-id=\"9ad6712\" data-element_type=\"container\">\n\t\t\t\t\t<div class=\"e-con-inner\">\n\t\t\t\t<div class=\"elementor-element elementor-element-6fc23c3 elementor-align-right btn-especial elementor-tablet-align-center elementor-widget-tablet__width-initial elementor-invisible elementor-widget elementor-widget-button\" data-id=\"6fc23c3\" data-element_type=\"widget\" data-settings=\"{&quot;_animation&quot;:&quot;fadeInLeft&quot;,&quot;_animation_delay&quot;:200}\" data-widget_type=\"button.default\">\n\t\t\t\t<div class=\"elementor-widget-container\">\n\t\t\t\t\t\t\t\t\t<div class=\"elementor-button-wrapper\">\n\t\t\t\t\t<a class=\"elementor-button elementor-button-link elementor-size-sm\" href=\"https:\/\/ryme-worldwide.co.uk\/de\/philosophy-values\/\">\n\t\t\t\t\t\t<span class=\"elementor-button-content-wrapper\">\n\t\t\t\t\t\t\t\t\t<span class=\"elementor-button-text\">Philosophie und Werte<\/span>\n\t\t\t\t\t<\/span>\n\t\t\t\t\t<\/a>\n\t\t\t\t<\/div>\n\t\t\t\t\t\t\t\t<\/div>\n\t\t\t\t<\/div>\n\t\t\t\t<div class=\"elementor-element elementor-element-1a2ac77 elementor-align-right btn-especial elementor-tablet-align-center elementor-widget-tablet__width-initial elementor-invisible elementor-widget elementor-widget-button\" data-id=\"1a2ac77\" data-element_type=\"widget\" data-settings=\"{&quot;_animation&quot;:&quot;fadeInLeft&quot;,&quot;_animation_delay&quot;:400}\" data-widget_type=\"button.default\">\n\t\t\t\t<div class=\"elementor-widget-container\">\n\t\t\t\t\t\t\t\t\t<div class=\"elementor-button-wrapper\">\n\t\t\t\t\t<a class=\"elementor-button elementor-button-link elementor-size-sm\" href=\"https:\/\/ryme-worldwide.co.uk\/de\/verbande\/\">\n\t\t\t\t\t\t<span class=\"elementor-button-content-wrapper\">\n\t\t\t\t\t\t\t\t\t<span class=\"elementor-button-text\">Partnerschaften<\/span>\n\t\t\t\t\t<\/span>\n\t\t\t\t\t<\/a>\n\t\t\t\t<\/div>\n\t\t\t\t\t\t\t\t<\/div>\n\t\t\t\t<\/div>\n\t\t\t\t<div class=\"elementor-element elementor-element-1d1f309 elementor-align-right btn-especial elementor-tablet-align-center elementor-invisible elementor-widget elementor-widget-button\" data-id=\"1d1f309\" data-element_type=\"widget\" data-settings=\"{&quot;_animation&quot;:&quot;fadeInLeft&quot;,&quot;_animation_delay&quot;:600}\" data-widget_type=\"button.default\">\n\t\t\t\t<div class=\"elementor-widget-container\">\n\t\t\t\t\t\t\t\t\t<div class=\"elementor-button-wrapper\">\n\t\t\t\t\t<a class=\"elementor-button elementor-button-link elementor-size-sm\" href=\"https:\/\/ryme-worldwide.co.uk\/de\/quality-environment\/\">\n\t\t\t\t\t\t<span class=\"elementor-button-content-wrapper\">\n\t\t\t\t\t\t\t\t\t<span class=\"elementor-button-text\">Qualit\u00e4t und Umwelt \ud83c\udf31<\/span>\n\t\t\t\t\t<\/span>\n\t\t\t\t\t<\/a>\n\t\t\t\t<\/div>\n\t\t\t\t\t\t\t\t<\/div>\n\t\t\t\t<\/div>\n\t\t\t\t\t<\/div>\n\t\t\t\t<\/div>\n\t\t\t\t<\/div>","protected":false},"excerpt":{"rendered":"<p>Ryme wurde 1982 gegr\u00fcndet und ist ein Unternehmen, das sich der Konstruktion, Entwicklung, Herstellung, Installation und Wartung von Ger\u00e4ten f\u00fcr die technische und Sicherheitsinspektion von Fahrzeugen widmet. Der 15.000 m\u00b2 gro\u00dfe Hauptsitz von Ryme befindet sich in Burgos, Spanien. Ziel des Unternehmens ist es, neue Produkte zu entwickeln und die derzeit verf\u00fcgbaren Produkte kontinuierlich zu verbessern.<\/p>","protected":false},"author":1,"featured_media":0,"parent":0,"menu_order":0,"comment_status":"closed","ping_status":"closed","template":"","meta":{"footnotes":""},"class_list":["post-16694","page","type-page","status-publish","hentry"],"acf":[],"_links":{"self":[{"href":"https:\/\/ryme-worldwide.co.uk\/de\/wp-json\/wp\/v2\/pages\/16694","targetHints":{"allow":["GET"]}}],"collection":[{"href":"https:\/\/ryme-worldwide.co.uk\/de\/wp-json\/wp\/v2\/pages"}],"about":[{"href":"https:\/\/ryme-worldwide.co.uk\/de\/wp-json\/wp\/v2\/types\/page"}],"author":[{"embeddable":true,"href":"https:\/\/ryme-worldwide.co.uk\/de\/wp-json\/wp\/v2\/users\/1"}],"replies":[{"embeddable":true,"href":"https:\/\/ryme-worldwide.co.uk\/de\/wp-json\/wp\/v2\/comments?post=16694"}],"version-history":[{"count":10,"href":"https:\/\/ryme-worldwide.co.uk\/de\/wp-json\/wp\/v2\/pages\/16694\/revisions"}],"predecessor-version":[{"id":16733,"href":"https:\/\/ryme-worldwide.co.uk\/de\/wp-json\/wp\/v2\/pages\/16694\/revisions\/16733"}],"wp:attachment":[{"href":"https:\/\/ryme-worldwide.co.uk\/de\/wp-json\/wp\/v2\/media?parent=16694"}],"curies":[{"name":"wp","href":"https:\/\/api.w.org\/{rel}","templated":true}]}}