{"id":12178,"date":"2024-02-27T12:46:10","date_gmt":"2024-02-27T11:46:10","guid":{"rendered":"https:\/\/www.ryme.com\/?page_id=12178"},"modified":"2024-11-04T12:08:49","modified_gmt":"2024-11-04T11:08:49","slug":"datenschutzrichtlinie-2","status":"publish","type":"page","link":"https:\/\/ryme-worldwide.co.uk\/de\/datenschutzrichtlinie-2\/","title":{"rendered":"Qualit\u00e4ts- und Umweltpolitik"},"content":{"rendered":"<div data-elementor-type=\"wp-page\" data-elementor-id=\"12178\" class=\"elementor elementor-12178\" data-elementor-post-type=\"page\">\n\t\t\t\t<div class=\"elementor-element elementor-element-e597a6c e-flex e-con-boxed e-con e-parent\" data-id=\"e597a6c\" data-element_type=\"container\">\n\t\t\t\t\t<div class=\"e-con-inner\">\n\t\t\t\t<div class=\"elementor-element elementor-element-2c18cdf elementor-widget elementor-widget-shortcode\" data-id=\"2c18cdf\" data-element_type=\"widget\" data-widget_type=\"shortcode.default\">\n\t\t\t\t<div class=\"elementor-widget-container\">\n\t\t\t\t\t\t\t<div class=\"elementor-shortcode\"><nav aria-label=\"Semmelbr\u00f6sel\" class=\"rank-math-breadcrumb\"><p><span class=\"last\">Startseite<\/span><\/p><\/nav><\/div>\n\t\t\t\t\t\t<\/div>\n\t\t\t\t<\/div>\n\t\t\t\t<div class=\"elementor-element elementor-element-a5f420d elementor-widget elementor-widget-heading\" data-id=\"a5f420d\" data-element_type=\"widget\" data-widget_type=\"heading.default\">\n\t\t\t\t<div class=\"elementor-widget-container\">\n\t\t\t\t\t<h1 class=\"elementor-heading-title elementor-size-default\">Qualit\u00e4ts- und Umweltpolitik<\/h1>\t\t\t\t<\/div>\n\t\t\t\t<\/div>\n\t\t\t\t<div class=\"elementor-element elementor-element-44890f9 elementor-widget-divider--view-line elementor-widget elementor-widget-divider\" data-id=\"44890f9\" data-element_type=\"widget\" data-widget_type=\"divider.default\">\n\t\t\t\t<div class=\"elementor-widget-container\">\n\t\t\t\t\t\t\t<div class=\"elementor-divider\">\n\t\t\t<span class=\"elementor-divider-separator\">\n\t\t\t\t\t\t<\/span>\n\t\t<\/div>\n\t\t\t\t\t\t<\/div>\n\t\t\t\t<\/div>\n\t\t\t\t\t<\/div>\n\t\t\t\t<\/div>\n\t\t<div class=\"elementor-element elementor-element-3aef2db e-flex e-con-boxed e-con e-parent\" data-id=\"3aef2db\" data-element_type=\"container\">\n\t\t\t\t\t<div class=\"e-con-inner\">\n\t\t\t\t\t<\/div>\n\t\t\t\t<\/div>\n\t\t<div class=\"elementor-element elementor-element-086d72a e-flex e-con-boxed e-con e-parent\" data-id=\"086d72a\" data-element_type=\"container\">\n\t\t\t\t\t<div class=\"e-con-inner\">\n\t\t\t\t<div class=\"elementor-element elementor-element-11d883b elementor-widget elementor-widget-text-editor\" data-id=\"11d883b\" data-element_type=\"widget\" data-widget_type=\"text-editor.default\">\n\t\t\t\t<div class=\"elementor-widget-container\">\n\t\t\t\t\t\t\t\t\t<p><strong>Ryme Worldwide, S. A.<\/strong>, con el liderazgo y compromiso de la Gerencia, ha implantado y mantiene un Sistema de Gesti\u00f3n de la Calidad y medio ambiente basado en los requisitos de las Normas <strong>UNE EN ISO 9001:2015: \u201cSistemas de Gesti\u00f3n de la Calidad, Requisitos\u201d<\/strong> y<strong> UNE EN ISO 14001:2015: \u201cSistemas de Gesti\u00f3n Ambiental\u201d<\/strong> para las actividades de:<\/p><blockquote><p><strong><span style=\"color: #2c546c;\">\u201cDISE\u00d1O, DESARROLLO, FABRICACI\u00d3N, COMERCIALIZACI\u00d3N Y SERVICIO POSTVENTA DE MAQUINARIA PARA ITV\u201d<\/span><\/strong><\/p><\/blockquote><p>El Sistema de Gesti\u00f3n de Calidad y Medio Ambiente tiene como finalidad la satisfacci\u00f3n de nuestros clientes mediante el suministro de productos y servicios de acuerdo con sus requisitos, as\u00ed como con los establecidos legal y reglamentariamente, no aceptando ning\u00fan compromiso que pueda afectar negativamente a la calidad.<\/p><p><strong>Para ello, la Direcci\u00f3n se compromete a cumplir los siguientes objetivos:<\/strong><\/p><ol><li style=\"list-style-type: none;\"><ol><li>Cumplir con los requisitos de nuestros clientes, as\u00ed como los aplicables por motivos legales y reglamentarios.<\/li><li>Cumplir con todos los requisitos del Sistema de Gesti\u00f3n de la Calidad y Medio Ambiente seg\u00fan las normas UNE EN ISO 9001 y UNE EN ISO 14001, as\u00ed como avanzar en la eficiencia de estos mediante la incorporaci\u00f3n de procedimientos orientados hacia la mejora continua.<\/li><li>Promover el conocimiento y comprensi\u00f3n de la Pol\u00edtica de la Calidad y Medio Ambiente dentro de Ryme Worldwide, S. A., mediante su correcta difusi\u00f3n, as\u00ed como mediante una formaci\u00f3n adecuada y comunicaci\u00f3n continuada con los trabajadores.<\/li><li>Controlar de manera eficiente todos los procesos y sus posibles defectos sobre la calidad.<\/li><li>Protecci\u00f3n del medioambiente, mediante la prevenci\u00f3n de la contaminaci\u00f3n y el uso responsable\/sostenible de recursos.<\/li><li>Esta Pol\u00edtica de Calidad y Medio Ambiente es difundida y explicada a todo el personal de la organizaci\u00f3n, asegur\u00e1ndose la Direcci\u00f3n de que es conocida y entendida por todo el personal que conforma la Ryme Worldwide, S. A.<\/li><\/ol><\/li><\/ol><p>\u00a0<\/p><p>La revisi\u00f3n de esta Pol\u00edtica de la Calidad y Medio Ambiente, as\u00ed como el establecimiento y la revisi\u00f3n de objetivos concretos y cuantificados, se lleva a cabo en las revisiones del sistema por parte de la Direcci\u00f3n, quedando los objetivos debidamente documentados.<\/p><p>En Burgos, a 30 de noviembre de 2021<\/p><p>El Director Gerente de Ryme Worldwide, S. A.<\/p><p>Michael Delaney<\/p>\t\t\t\t\t\t\t\t<\/div>\n\t\t\t\t<\/div>\n\t\t\t\t\t<\/div>\n\t\t\t\t<\/div>\n\t\t\t\t<\/div>","protected":false},"excerpt":{"rendered":"<p>Ryme Worldwide, S. A., con el liderazgo y compromiso de la Gerencia, ha implantado y mantiene un Sistema de Gesti\u00f3n de la Calidad y medio ambiente basado en los requisitos de las Normas UNE EN ISO 9001:2015: \u201cSistemas de Gesti\u00f3n de la Calidad, Requisitos\u201d y UNE EN ISO 14001:2015: \u201cSistemas de Gesti\u00f3n Ambiental\u201d para las [&hellip;]<\/p>","protected":false},"author":2,"featured_media":0,"parent":0,"menu_order":0,"comment_status":"closed","ping_status":"closed","template":"","meta":{"footnotes":""},"class_list":["post-12178","page","type-page","status-publish","hentry"],"acf":[],"_links":{"self":[{"href":"https:\/\/ryme-worldwide.co.uk\/de\/wp-json\/wp\/v2\/pages\/12178","targetHints":{"allow":["GET"]}}],"collection":[{"href":"https:\/\/ryme-worldwide.co.uk\/de\/wp-json\/wp\/v2\/pages"}],"about":[{"href":"https:\/\/ryme-worldwide.co.uk\/de\/wp-json\/wp\/v2\/types\/page"}],"author":[{"embeddable":true,"href":"https:\/\/ryme-worldwide.co.uk\/de\/wp-json\/wp\/v2\/users\/2"}],"replies":[{"embeddable":true,"href":"https:\/\/ryme-worldwide.co.uk\/de\/wp-json\/wp\/v2\/comments?post=12178"}],"version-history":[{"count":11,"href":"https:\/\/ryme-worldwide.co.uk\/de\/wp-json\/wp\/v2\/pages\/12178\/revisions"}],"predecessor-version":[{"id":14761,"href":"https:\/\/ryme-worldwide.co.uk\/de\/wp-json\/wp\/v2\/pages\/12178\/revisions\/14761"}],"wp:attachment":[{"href":"https:\/\/ryme-worldwide.co.uk\/de\/wp-json\/wp\/v2\/media?parent=12178"}],"curies":[{"name":"wp","href":"https:\/\/api.w.org\/{rel}","templated":true}]}}