{"id":11460,"date":"2023-05-26T14:15:42","date_gmt":"2023-05-26T12:15:42","guid":{"rendered":"https:\/\/www.ryme.com\/?page_id=11460"},"modified":"2023-05-26T14:16:42","modified_gmt":"2023-05-26T12:16:42","slug":"datenschutzrichtlinie","status":"publish","type":"page","link":"https:\/\/ryme-worldwide.co.uk\/de\/datenschutzrichtlinie\/","title":{"rendered":"Datenschutzbestimmungen"},"content":{"rendered":"<div data-elementor-type=\"wp-page\" data-elementor-id=\"11460\" class=\"elementor elementor-11460\" data-elementor-post-type=\"page\">\n\t\t\t\t<div class=\"elementor-element elementor-element-e597a6c e-flex e-con-boxed e-con e-parent\" data-id=\"e597a6c\" data-element_type=\"container\">\n\t\t\t\t\t<div class=\"e-con-inner\">\n\t\t\t\t<div class=\"elementor-element elementor-element-2c18cdf elementor-widget elementor-widget-shortcode\" data-id=\"2c18cdf\" data-element_type=\"widget\" data-widget_type=\"shortcode.default\">\n\t\t\t\t<div class=\"elementor-widget-container\">\n\t\t\t\t\t\t\t<div class=\"elementor-shortcode\"><nav aria-label=\"Semmelbr\u00f6sel\" class=\"rank-math-breadcrumb\"><p><span class=\"last\">Startseite<\/span><\/p><\/nav><\/div>\n\t\t\t\t\t\t<\/div>\n\t\t\t\t<\/div>\n\t\t\t\t<div class=\"elementor-element elementor-element-a5f420d elementor-widget elementor-widget-heading\" data-id=\"a5f420d\" data-element_type=\"widget\" data-widget_type=\"heading.default\">\n\t\t\t\t<div class=\"elementor-widget-container\">\n\t\t\t\t\t<h1 class=\"elementor-heading-title elementor-size-default\">Datenschutzbestimmungen<\/h1>\t\t\t\t<\/div>\n\t\t\t\t<\/div>\n\t\t\t\t<div class=\"elementor-element elementor-element-44890f9 elementor-widget-divider--view-line elementor-widget elementor-widget-divider\" data-id=\"44890f9\" data-element_type=\"widget\" data-widget_type=\"divider.default\">\n\t\t\t\t<div class=\"elementor-widget-container\">\n\t\t\t\t\t\t\t<div class=\"elementor-divider\">\n\t\t\t<span class=\"elementor-divider-separator\">\n\t\t\t\t\t\t<\/span>\n\t\t<\/div>\n\t\t\t\t\t\t<\/div>\n\t\t\t\t<\/div>\n\t\t\t\t\t<\/div>\n\t\t\t\t<\/div>\n\t\t<div class=\"elementor-element elementor-element-3aef2db e-flex e-con-boxed e-con e-parent\" data-id=\"3aef2db\" data-element_type=\"container\">\n\t\t\t\t\t<div class=\"e-con-inner\">\n\t\t\t\t<div class=\"elementor-element elementor-element-80f96d4 elementor-widget elementor-widget-text-editor\" data-id=\"80f96d4\" data-element_type=\"widget\" data-widget_type=\"text-editor.default\">\n\t\t\t\t<div class=\"elementor-widget-container\">\n\t\t\t\t\t\t\t\t\t<p><strong>RYME WORLDWIDE GmbH<\/strong>\u00a0(DE354684785), mit Anschrift in Albert-Einstein-Strasse 10, 87437 Kempten, Germany, ist der Eigent\u00fcmer der Website ryme-worldwide.co.uk\/ und informiert Sie, dass es f\u00fcr die Inanspruchnahme der angebotenen Dienstleistungen erforderlich ist, dass Sie uns bestimmte personenbezogene Daten zur Verf\u00fcgung stellen.\u00a0<strong>RYME WORLDWIDE GmbH<\/strong><strong>.<\/strong>\u00a0handelt gem\u00e4\u00df den Bestimmungen der geltenden Gesetzgebung und insbesondere gem\u00e4\u00df den Bestimmungen der Europ\u00e4ischen Datenschutzverordnung (RGPD), des Organgesetzes \u00fcber den Datenschutz (LOPD) und des Gesetzes \u00fcber die Dienste der Informationsgesellschaft (LSSI) in Bezug auf die Wahrung der Vertraulichkeit und die Verarbeitung der von den Nutzern dieser Website freiwillig zur Verf\u00fcgung gestellten personenbezogenen Daten.<\/p><p><strong>Zustimmung und Genehmigung zur Verarbeitung Ihrer personenbezogenen Daten<\/strong><\/p><p>Wir informieren Sie dar\u00fcber, dass die pers\u00f6nlichen Daten, die durch die Datenerfassungsformulare von\u00a0<strong>ryme-worldwide.co.uk\/<\/strong>\u00a0wird behandelt von\u00a0<strong>RYME WORLDWIDE GmbH<\/strong>\u00a0mit dem Ziel, Ihre Anfrage zu verwalten und die beruflichen und gesch\u00e4ftlichen Beziehungen mit Ihnen zu pflegen sowie eine Informations- und Werbeverbindung mit Ihnen aufrechtzuerhalten, damit Sie auf verschiedenen Wegen (Telefon, SMS, E-Mail) Mitteilungen \u00fcber Angebote, Produkte und Dienstleistungen erhalten k\u00f6nnen, die f\u00fcr Sie von Interesse sein k\u00f6nnten, wenn Sie uns zuvor Ihre Zustimmung gegeben haben.<\/p><p>Ihre personenbezogenen Daten werden nicht an Dritte weitergegeben, es sei denn, dies ist gesetzlich vorgeschrieben oder wird von den zust\u00e4ndigen Beh\u00f6rden verlangt.<\/p><p>Die Grundlage, die die Verarbeitung Ihrer Daten legitimiert, ist Ihre Zustimmung, die Sie durch das freiwillige Ausf\u00fcllen des entsprechenden Formulars mit Ihren pers\u00f6nlichen Daten und die Annahme dieser Datenschutzrichtlinie und\/oder durch das Ankreuzen des K\u00e4stchens, mit dem Sie dem Erhalt kommerzieller Mitteilungen zustimmen, erteilt haben. Ihre Daten werden aufbewahrt, bis Sie Ihre Einwilligung widerrufen oder der Verarbeitung Ihrer Daten zu diesem Zweck widersprechen.<\/p><p><strong>RYME WORLDWIDE GmbH<\/strong>\u00a0informiert Sie dar\u00fcber, dass Sie unter keinen Umst\u00e4nden verpflichtet sind, uns Ihre personenbezogenen Daten mitzuteilen, und dass diese angemessen, sachdienlich und unbedingt erforderlich sind, um den Zweck, f\u00fcr den sie erhoben wurden, zu erf\u00fcllen, jedoch unerl\u00e4sslich sind, um auf Ihre Anfrage zu antworten oder um Ihnen die angebotenen Dienstleistungen zu erbringen.<\/p><p>Wenn Sie sich per E-Mail an uns gewandt haben, informieren wir Sie dar\u00fcber, dass die von Ihnen \u00fcbermittelten personenbezogenen Daten verarbeitet werden von\u00a0<strong>RYME WORLDWIDE GmbH<\/strong>\u00a0um die beruflichen Beziehungen, die uns mit Ihnen verbinden, zu verwalten und zu pflegen. Zur Durchf\u00fchrung dieser Verwaltung ist es m\u00f6glich, dass Ihre Daten an die f\u00fcr die Durchf\u00fchrung dieser Verwaltung erforderlichen \u00f6ffentlichen Einrichtungen und Verwaltungen weitergegeben werden. Diese Datenverarbeitung ist f\u00fcr die Aufrechterhaltung dieser Gesch\u00e4ftsbeziehung erforderlich. Au\u00dferdem informieren wir Sie dar\u00fcber, dass Ihre Daten so lange aufbewahrt werden, wie diese Beziehungen aufrecht erhalten werden, sowie f\u00fcr die von der Steuergesetzgebung festgelegten Zeitr\u00e4ume oder f\u00fcr die Zeitr\u00e4ume, die f\u00fcr die Behandlung m\u00f6glicher Forderungen festgelegt wurden.<\/p><p>Wenn Sie uns Ihren Lebenslauf an die Post- oder E-Mail-Adressen der folgenden Stellen geschickt haben\u00a0<strong>RYME WORLDWIDE GmbH<\/strong><strong>.<\/strong>\u00a0oder Sie sie uns \u00fcber Stellenb\u00f6rsen Dritter (Linkedin, Infojobs, Universit\u00e4ten oder Schulen) zur Verf\u00fcgung gestellt haben, informieren wir Sie dar\u00fcber, dass Ihre Daten verarbeitet werden von\u00a0<strong>RYME WORLDWIDE GmbH<\/strong>\u00a0f\u00fcr die Verwaltung Ihrer Personalauswahlverfahren f\u00fcr offene Stellen im Unternehmen. Ihre Daten werden nicht an Dritte weitergegeben. Diese Datenverarbeitung ist notwendig, um Ihre Bewerbung zu bearbeiten und beruht auf der Zustimmung, die Sie uns mit der \u00dcbermittlung Ihres Lebenslaufs erteilen. Ihre Daten werden nur dann aufbewahrt, wenn es ein offenes Auswahlverfahren gibt, und in diesem Fall bis zum Abschluss des Verfahrens.<\/p><p><strong>Datenschutzrechte der betroffenen Person<\/strong><\/p><p>Im Sinne der geltenden Rechtsvorschriften k\u00f6nnen Sie Ihre Rechte auf Auskunft, Berichtigung, L\u00f6schung, Widerspruch, Nichtunterwerfung unter automatisierte Einzelentscheidungen, \u00dcbertragbarkeit und Einschr\u00e4nkung der Verarbeitung Ihrer Daten aus\u00fcben, indem Sie sich an den Datenschutzbeauftragten wenden\u00a0<strong>RYME WORLDWIDE,\u00a0<\/strong><strong>GmbH<\/strong><strong>,\u00a0<\/strong>Gewerbestra\u00dfe 8, 87787 Wolfertschwenden, Germany oder an\u00a0<strong>info@ryme.com<\/strong>. Sie haben das Recht, eine Beschwerde bei der spanischen Datenschutzbeh\u00f6rde (AEPD) einzureichen, wenn Sie sich in Ihren Rechten verletzt sehen. Sie haben das Recht, sich bei der spanischen Datenschutzbeh\u00f6rde (AEPD) zu beschweren, wenn Sie sich in Ihren Rechten verletzt sehen.<\/p><p><strong>Aktualisierung und L\u00f6schung Ihrer Daten<\/strong><\/p><p>Damit wir Ihre pers\u00f6nlichen Daten auf dem neuesten Stand halten k\u00f6nnen, ist es wichtig, dass Sie uns \u00fcber jede \u00c4nderung informieren, da wir sonst nicht f\u00fcr die Richtigkeit der Daten verantwortlich gemacht werden k\u00f6nnen. Sie best\u00e4tigen au\u00dferdem, dass alle Informationen, die Sie uns zur Verf\u00fcgung stellen, wahrheitsgem\u00e4\u00df, g\u00fcltig und relevant f\u00fcr den Zweck sind, f\u00fcr den wir sie anfordern, und dass Sie sie selbst zur Verf\u00fcgung stellen.<\/p><p>Ihre Daten werden so lange aufbewahrt, bis Sie Ihre Einwilligung widerrufen oder der Verarbeitung Ihrer Daten zu diesem Zweck widersprechen, ohne dass sich dies auf andere Beziehungen auswirkt, die Sie m\u00f6glicherweise mit der Einrichtung haben.<\/p><p><strong>Gew\u00e4hrleistung von Vertraulichkeit und Datensicherheit<\/strong><\/p><p><strong>RYME WORLDWIDE GmbH<\/strong>als Antwort auf das uns entgegengebrachte Vertrauen und in Anbetracht der Bedeutung, die dem Schutz und der Vertraulichkeit Ihrer pers\u00f6nlichen Daten zukommt, informiert Sie, dass sie die notwendigen technischen und organisatorischen Ma\u00dfnahmen ergriffen hat, um die Vertraulichkeit, Verf\u00fcgbarkeit, Integrit\u00e4t und Widerstandsf\u00e4higkeit ihrer Verarbeitungssysteme und Dienstleistungen zu gew\u00e4hrleisten. Der Nutzer muss sich jedoch bewusst sein, dass die Sicherheitsma\u00dfnahmen im Internet nicht un\u00fcberwindbar sind.<\/p><p>Diese Datenschutzrichtlinie wurde im Oktober 2018 aktualisiert.\u00a0<strong>RYME WORLDWIDE.<\/strong><strong>GmbH<\/strong>\u00a0beh\u00e4lt sich das Recht vor, seine Datenschutzpolitik im Falle einer \u00c4nderung der geltenden Gesetzgebung, der Rechtsprechung oder der Kriterien des Unternehmens zu \u00e4ndern. Im Falle einer \u00c4nderung dieser Politik wird der neue Text unter der gleichen Adresse ver\u00f6ffentlicht. Sie haben das Recht, eine Beschwerde bei der spanischen Datenschutzbeh\u00f6rde (AEPD) einzureichen.<\/p>\t\t\t\t\t\t\t\t<\/div>\n\t\t\t\t<\/div>\n\t\t\t\t\t<\/div>\n\t\t\t\t<\/div>\n\t\t\t\t<\/div>","protected":false},"excerpt":{"rendered":"<p>RYME WORLDWIDE, SA (A09290008), mit Adresse in POL. IND. VILLALONQU\u00c9JAR, C\/ MERINDAD CUESTA URR\u00cdA, Nr. 4; 09001 BURGOS ist Eigent\u00fcmer der Website ryme-worldwide.co.uk\/ und informiert Sie als solcher dar\u00fcber, dass Sie uns zur Nutzung der angebotenen Dienste bestimmte personenbezogene Daten zur Verf\u00fcgung stellen m\u00fcssen. RYME WORLDWIDE, SA. wird in \u00dcbereinstimmung mit den Bestimmungen handeln [...]<\/p>","protected":false},"author":1,"featured_media":0,"parent":0,"menu_order":0,"comment_status":"closed","ping_status":"closed","template":"","meta":{"footnotes":""},"class_list":["post-11460","page","type-page","status-publish","hentry"],"acf":[],"_links":{"self":[{"href":"https:\/\/ryme-worldwide.co.uk\/de\/wp-json\/wp\/v2\/pages\/11460","targetHints":{"allow":["GET"]}}],"collection":[{"href":"https:\/\/ryme-worldwide.co.uk\/de\/wp-json\/wp\/v2\/pages"}],"about":[{"href":"https:\/\/ryme-worldwide.co.uk\/de\/wp-json\/wp\/v2\/types\/page"}],"author":[{"embeddable":true,"href":"https:\/\/ryme-worldwide.co.uk\/de\/wp-json\/wp\/v2\/users\/1"}],"replies":[{"embeddable":true,"href":"https:\/\/ryme-worldwide.co.uk\/de\/wp-json\/wp\/v2\/comments?post=11460"}],"version-history":[{"count":3,"href":"https:\/\/ryme-worldwide.co.uk\/de\/wp-json\/wp\/v2\/pages\/11460\/revisions"}],"predecessor-version":[{"id":11469,"href":"https:\/\/ryme-worldwide.co.uk\/de\/wp-json\/wp\/v2\/pages\/11460\/revisions\/11469"}],"wp:attachment":[{"href":"https:\/\/ryme-worldwide.co.uk\/de\/wp-json\/wp\/v2\/media?parent=11460"}],"curies":[{"name":"wp","href":"https:\/\/api.w.org\/{rel}","templated":true}]}}