{"id":11455,"date":"2023-05-26T14:14:49","date_gmt":"2023-05-26T12:14:49","guid":{"rendered":"https:\/\/www.ryme.com\/?page_id=11455"},"modified":"2023-05-26T14:16:15","modified_gmt":"2023-05-26T12:16:15","slug":"rechtliche-warnung","status":"publish","type":"page","link":"https:\/\/ryme-worldwide.co.uk\/de\/rechtliche-warnung\/","title":{"rendered":"Rechtlicher Hinweis"},"content":{"rendered":"<div data-elementor-type=\"wp-page\" data-elementor-id=\"11455\" class=\"elementor elementor-11455\" data-elementor-post-type=\"page\">\n\t\t\t\t<div class=\"elementor-element elementor-element-c8d7334 e-flex e-con-boxed e-con e-parent\" data-id=\"c8d7334\" data-element_type=\"container\">\n\t\t\t\t\t<div class=\"e-con-inner\">\n\t\t\t\t<div class=\"elementor-element elementor-element-e8009a8 elementor-widget elementor-widget-shortcode\" data-id=\"e8009a8\" data-element_type=\"widget\" data-widget_type=\"shortcode.default\">\n\t\t\t\t<div class=\"elementor-widget-container\">\n\t\t\t\t\t\t\t<div class=\"elementor-shortcode\"><nav aria-label=\"Semmelbr\u00f6sel\" class=\"rank-math-breadcrumb\"><p><span class=\"last\">Startseite<\/span><\/p><\/nav><\/div>\n\t\t\t\t\t\t<\/div>\n\t\t\t\t<\/div>\n\t\t\t\t<div class=\"elementor-element elementor-element-c8636bd elementor-widget elementor-widget-heading\" data-id=\"c8636bd\" data-element_type=\"widget\" data-widget_type=\"heading.default\">\n\t\t\t\t<div class=\"elementor-widget-container\">\n\t\t\t\t\t<h1 class=\"elementor-heading-title elementor-size-default\">Rechtlicher Hinweis<\/h1>\t\t\t\t<\/div>\n\t\t\t\t<\/div>\n\t\t\t\t<div class=\"elementor-element elementor-element-3b88803 elementor-widget-divider--view-line elementor-widget elementor-widget-divider\" data-id=\"3b88803\" data-element_type=\"widget\" data-widget_type=\"divider.default\">\n\t\t\t\t<div class=\"elementor-widget-container\">\n\t\t\t\t\t\t\t<div class=\"elementor-divider\">\n\t\t\t<span class=\"elementor-divider-separator\">\n\t\t\t\t\t\t<\/span>\n\t\t<\/div>\n\t\t\t\t\t\t<\/div>\n\t\t\t\t<\/div>\n\t\t\t\t\t<\/div>\n\t\t\t\t<\/div>\n\t\t<div class=\"elementor-element elementor-element-ea13750 e-flex e-con-boxed e-con e-parent\" data-id=\"ea13750\" data-element_type=\"container\">\n\t\t\t\t\t<div class=\"e-con-inner\">\n\t\t\t\t<div class=\"elementor-element elementor-element-3898a19 elementor-widget elementor-widget-text-editor\" data-id=\"3898a19\" data-element_type=\"widget\" data-widget_type=\"text-editor.default\">\n\t\t\t\t<div class=\"elementor-widget-container\">\n\t\t\t\t\t\t\t\t\t<p>In Erf\u00fcllung der Informationspflicht gem\u00e4\u00df Artikel 10 des Gesetzes 34\/2002 vom 11. Juli \u00fcber die Dienste der Informationsgesellschaft und den elektronischen Gesch\u00e4ftsverkehr informieren wir Sie hiermit, dass die URL\u00a0<strong>ryme-worldwide.co.uk\/<\/strong>\u00a0(im Folgenden als PORTAL bezeichnet) ist eine Domain im Besitz von<strong>\u00a0RYME WORLDWIDE GmbH<\/strong>\u00a0(nachstehend die EINRICHTUNG), mit DE354684785 , mit Sitz in Albert-Einstein-Strasse 10, 87437 Kempten, Germany, E-Mail-Adresse info@ryme-worldwide.de und Telefonnummer +34 947 482 020, und eingetragen im Handelsregister von Deutschland, Band 327, Buch 118, Abschnitt 6, Folio 197, Seite BU4158, als\u00a0<strong>RYME WORLDWIDE GmbH<\/strong><\/p><p>Alle Warenzeichen, Handelsnamen oder Logos jeglicher Art, die auf dem PORTAL erscheinen, sind Eigentum der GESELLSCHAFT oder Dritter ohne dass dies bedeutet, dass die Nutzung oder der Zugang zur Website und\/oder zu den Dienstleistungen dem Nutzer irgendein Recht an diesen Warenzeichen, Handelsnamen und\/oder Logos gibt.<\/p><p>Ebenso sind die auf der Website ver\u00f6ffentlichten Inhalte, die grafische Gestaltung, die Bilder, die Datenbanken und der Quellcode geistiges Eigentum der GESELLSCHAFT oder Dritter und keines der Nutzungsrechte, die an diesen Inhalten bestehen oder bestehen k\u00f6nnten, \u00fcber das hinaus, was f\u00fcr die ordnungsgem\u00e4\u00dfe Nutzung des PORTALS und der \u00fcber dieses angebotenen Dienste unbedingt erforderlich ist, kann so verstanden werden, dass sie aufgrund der Bestimmungen des vorliegenden rechtlichen Hinweises auf den Nutzer \u00fcbertragen wurden.<\/p><p>Wir erinnern Sie daran, dass Sie, wenn Sie eine nat\u00fcrliche Person sind, die au\u00dferhalb ihres Gewerbes, Gesch\u00e4fts, Berufes oder ihrer T\u00e4tigkeit handelt, die Online-Streitbeilegungsplattform nutzen k\u00f6nnen, die Sie unter folgendem Link finden: https:\/\/ec.europa.eu\/consumers\/odr\/.<\/p><p>Der Zugang zu dieser Website liegt in der alleinigen Verantwortung der Nutzer. Der einfache Zugriff auf das PORTAL impliziert keine Art von Gesch\u00e4ftsbeziehung zwischen der FIRMA und dem Nutzer. Mit dem Zugriff auf das Portal akzeptiert der Nutzer die folgenden Bedingungen.<\/p>\t\t\t\t\t\t\t\t<\/div>\n\t\t\t\t<\/div>\n\t\t\t\t\t<\/div>\n\t\t\t\t<\/div>\n\t\t\t\t<\/div>","protected":false},"excerpt":{"rendered":"<p>In \u00dcbereinstimmung mit der Informationspflicht gem\u00e4\u00df Artikel 10 des Gesetzes 34\/2002 vom 11. Juli \u00fcber Dienste der Informationsgesellschaft und des elektronischen Gesch\u00e4ftsverkehrs informieren wir Sie dar\u00fcber, dass es sich bei der URL ryme-worldwide.co.uk\/ (im Folgenden das PORTAL) um eine Domain handelt Eigentum von RYME WORLDWIDE, SA (im Folgenden die ENTIT\u00c4T), mit A09290008, mit Adresse [\u2026]<\/p>","protected":false},"author":1,"featured_media":0,"parent":0,"menu_order":0,"comment_status":"closed","ping_status":"closed","template":"","meta":{"footnotes":""},"class_list":["post-11455","page","type-page","status-publish","hentry"],"acf":[],"_links":{"self":[{"href":"https:\/\/ryme-worldwide.co.uk\/de\/wp-json\/wp\/v2\/pages\/11455","targetHints":{"allow":["GET"]}}],"collection":[{"href":"https:\/\/ryme-worldwide.co.uk\/de\/wp-json\/wp\/v2\/pages"}],"about":[{"href":"https:\/\/ryme-worldwide.co.uk\/de\/wp-json\/wp\/v2\/types\/page"}],"author":[{"embeddable":true,"href":"https:\/\/ryme-worldwide.co.uk\/de\/wp-json\/wp\/v2\/users\/1"}],"replies":[{"embeddable":true,"href":"https:\/\/ryme-worldwide.co.uk\/de\/wp-json\/wp\/v2\/comments?post=11455"}],"version-history":[{"count":10,"href":"https:\/\/ryme-worldwide.co.uk\/de\/wp-json\/wp\/v2\/pages\/11455\/revisions"}],"predecessor-version":[{"id":11466,"href":"https:\/\/ryme-worldwide.co.uk\/de\/wp-json\/wp\/v2\/pages\/11455\/revisions\/11466"}],"wp:attachment":[{"href":"https:\/\/ryme-worldwide.co.uk\/de\/wp-json\/wp\/v2\/media?parent=11455"}],"curies":[{"name":"wp","href":"https:\/\/api.w.org\/{rel}","templated":true}]}}